{"id":10478,"date":"2018-08-29T13:43:42","date_gmt":"2018-08-29T11:43:42","guid":{"rendered":"http:\/\/swietodrzewa.pl\/?page_id=10478"},"modified":"2021-08-30T13:21:02","modified_gmt":"2021-08-30T11:21:02","slug":"drzewo-roku-2018","status":"publish","type":"page","link":"https:\/\/archiwum.swietodrzewa.pl\/?page_id=10478","title":{"rendered":"Drzewo Roku 2018"},"content":{"rendered":"<h1 class=\"entry-title\">Kl\u0119cz\u0105ce drzewo zdobywc\u0105 tytu\u0142u Drzewo Roku 2018!<\/h1>\n<div class=\"entry-content\">\n<p><strong>W tegorocznej 8. edycji konkursu Drzewo Roku Klubu Gaja zwyci\u0119\u017cy\u0142o Kl\u0119cz\u0105ce drzewo z Krasnegostawu w woj. lubelskim! To uratowane przez mieszka\u0144c\u00f3w przed wycink\u0105 drzewo jest dzisiaj jednym z wa\u017cniejszych symboli tego miasta. W 2019 roku b\u0119dzie reprezentowa\u0142o Polsk\u0119 w mi\u0119dzynarodowym plebiscycie Europejskie Drzewo Roku !<\/strong><span id=\"more-10394\"><\/span><\/p>\n<p>W tegorocznym konkursie Drzewo Roku zwyci\u0119skie Kl\u0119czace drzewo z Krasnegostawu w woj. lubelskim zdoby\u0142o 4131&nbsp;g\u0142os\u00f3w internaut\u00f3w. Niewiele mniej, bo 3612 g\u0142os\u00f3w uzyska\u0142 d\u0105b Henryk z Krakowa, dzi\u0119ki czemu zaj\u0105\u0142 drugie miejsce. Trzeci na podium stan\u0105\u0142 d\u0105b Ustrobniak z Ustrobnej w gminie Wojasz\u00f3wka w woj. podkarpackim zdobywaj\u0105c 2303 g\u0142os\u00f3w. Statuetka Drzewo Roku 2018 trafi do przedstawicieli Krasnostawskiego Ruchu Ekologicznego \u201eVIRIDIS\u201d, &nbsp;kt\u00f3rzy zg\u0142osili drzewo do konkursu, a tak\u017ce do przedstawicieli Miasta Krasnystaw. Wszyscy finali\u015bci konkursu otrzymaj\u0105 pami\u0105tkowe dyplomy. Wr\u0119czenie nagr\u00f3d odb\u0119dzie si\u0119 10 pa\u017adziernika 2018 roku w Bibliotece Narodowej w Warszawie podczas inauguracji 16. edycji programu \u015awi\u0119to Drzewa Klubu Gaja.<\/p>\n<p>\u201eKl\u0119cz\u0105ce Drzewo wywalczy\u0142o sobie przewag\u0119 ju\u017c na samym pocz\u0105tku g\u0142osowania, utrzymuj\u0105c przez ca\u0142y czas jego trwania pozycj\u0119 lidera. Zdarzy\u0142y si\u0119 jednak chwile w drugiej po\u0142owie plebiscytu, kiedy wydawa\u0142o si\u0119, \u017ce zaledwie g\u00f3ra dwie doby dziel\u0105 nas od zmiany tego wypracowywanego stanu rzeczy. Kluczem do sukcesu by\u0142o narastaj\u0105ce zaanga\u017cowanie mieszka\u0144c\u00f3w Ziemi Krasnostawskiej, tak\u017ce Lubelszczyzny i innych zak\u0105tk\u00f3w kraju, kt\u00f3rzy w sytuacjach \u201epodbramkowych\u201d mobilizowali swe si\u0142y, zapewniaj\u0105c wsparcie dla drzewa. W najtrudniejszym momencie to w\u0142a\u015bnie osoby indywidualne masowo przyst\u0105pi\u0142y do udost\u0119pniania tre\u015bci zach\u0119caj\u0105cych do g\u0142osowania. Bardzo wa\u017cnym dla los\u00f3w konkursu by\u0142 tak\u017ce anga\u017c innych&nbsp;podmiot\u00f3w \u2014 formalnych&nbsp;i nieformalnych grup, medi\u00f3w lokalnych i regionalnych, a tak\u017ce Urz\u0119du&nbsp;Miasta \u2014 w&nbsp;promowanie sprawy. Wygrana i awans to jednak jedno, r\u00f3wnie bardzo cieszy , \u017ce zn\u00f3w uda\u0142o si\u0119 nam zjednoczy\u0107 i razem wygra\u0107 t\u0119 wsp\u00f3ln\u0105 spraw\u0119\u201d<em> \u2013 <\/em>komentuje zwyci\u0119stwo <strong>Tomasz Chuszcza<\/strong>, prezes Stowarzyszenia Krasnostawski Ruch Ekologiczny \u201eVIRIDIS\u201d.<em><br \/>\n<\/em><br \/>\nW finale 8. edycji konkursu Drzewo Roku znalaz\u0142o si\u0119 16 drzew z nades\u0142anych ponad 50 zg\u0142osze\u0144 z ca\u0142ej Polski. Podczas g\u0142osowania internauci oddali blisko 14 000 wa\u017cnych g\u0142os\u00f3w. Na stronie plebiscytu odnotowano ponad 100&nbsp;000 ods\u0142on.<\/p>\n<p>\u201eKa\u017cda kolejna edycja konkursu Drzewo Roku budzi we mnie nadziej\u0119 na popraw\u0119 naszych relacji z przyrod\u0105. Nadal jednak jeszcze bardzo du\u017co musimy zrobi\u0107 w tym wzgl\u0119dzie, Dlatego te\u017c budowa kapita\u0142u spo\u0142ecznego wok\u00f3\u0142 warto\u015bci zwi\u0105zanych z drzewami wydaje si\u0119 tak cenn\u0105 i niezb\u0119dn\u0105 prac\u0105 na teraz i na przysz\u0142o\u015b\u0107. Gratuluj\u0119 zwyci\u0119zcom wytrwa\u0142o\u015bci i wsp\u00f3lnoty , kt\u00f3ra powsta\u0142a wok\u00f3\u0142 Kl\u0119cz\u0105cego drzewa. To warto\u015b\u0107 nie do przecenienia w czasie kiedy przyroda dramatycznie potrzebuje naszej uwa\u017cno\u015bci i zr\u00f3wnowa\u017conego podej\u015bcia\u201d <em>\u2013 <\/em>podkre\u015bla <strong>Jacek Bo\u017cek<\/strong>, prezes Klubu Gaja.<\/p>\n<p><strong><a href=\"http:\/\/swietodrzewa.pl\/wp-content\/uploads\/2018\/07\/kleczace_drzewo.jpg\"><img loading=\"lazy\" class=\"alignleft size-medium wp-image-10393\" src=\"http:\/\/swietodrzewa.pl\/wp-content\/uploads\/2018\/07\/kleczace_drzewo-300x201.jpg\" sizes=\"(max-width: 300px) 100vw, 300px\" srcset=\"http:\/\/swietodrzewa.pl\/wp-content\/uploads\/2018\/07\/kleczace_drzewo-300x201.jpg 300w, http:\/\/swietodrzewa.pl\/wp-content\/uploads\/2018\/07\/kleczace_drzewo-768x514.jpg 768w, http:\/\/swietodrzewa.pl\/wp-content\/uploads\/2018\/07\/kleczace_drzewo-1024x686.jpg 1024w, http:\/\/swietodrzewa.pl\/wp-content\/uploads\/2018\/07\/kleczace_drzewo.jpg 1287w\" alt=\"\" width=\"300\" height=\"201\"\/><\/a>Zdobywca tytu\u0142u Drzewo Roku 2018&nbsp; \u2013 Kl\u0119cz\u0105ce drzewo w Krasnymstawie ( woj. lubelskie)<\/strong>&nbsp;jest najbardziej charakterystycznym drzewem w mie\u015bcie, nazywanym przez mieszka\u0144c\u00f3w wygi\u0119tym, krzywym lub kl\u0119cz\u0105cym drzewem. Na pocz\u0105tku XXI wieku drzewo wraz z ca\u0142ym drzewostanem rynku zosta\u0142o wskazane do wycinki w ramach opracowanego projektu rewitalizacji przestrzeni rynku miejskiego, co spotka\u0142o si\u0119 ze stanowczym sprzeciwem spo\u0142ecznym. W jego rezultacie powsta\u0142 wariant przedstawiany jako kompromisowy, zachowuj\u0105cy najcenniejsze, cz\u0119sto ponad 100-letnie drzewa. Niestety wp\u00f3\u0142le\u017c\u0105cy klon jesionolistny mia\u0142 zosta\u0107 wyci\u0119ty. Zamiar wycinki uzasadniano jego deformacj\u0105 i rzekomym brakiem estetyki. W obronie drzewa stan\u0105\u0142 wtedy poeta Jan Henryk Cichosz, pisz\u0105c na \u0142amach lokalnej gazety o wyj\u0105tkowym kl\u0119cz\u0105cym drzewie. Organizowane by\u0142y liczne protesty mieszka\u0144c\u00f3w pod przewodnictwem Stowarzyszenia Ekologicznego KRE \u201eVIRIDIS\u201d. Ostatecznie drzewo zosta\u0142o uratowane i wkr\u00f3tce jego sylwetka sta\u0142a si\u0119 symbolem Stowarzyszenia. Z czasem drzewo sta\u0142o si\u0119 swoist\u0105 atrakcj\u0105 turystyczn\u0105, popularnym obiektem dla fotograf\u00f3w, miejscem zabaw dzieci, kt\u00f3re ch\u0119tnie wspinaj\u0105 si\u0119 po jego pe\u0142zaj\u0105cym pniu. Jest tak\u017ce cz\u0119stym tematem dzie\u0142 plastycznych lokalnych artyst\u00f3w oraz dzieci i m\u0142odzie\u017cy szkolnej. Kl\u0119cz\u0105ce drzewo zosta\u0142o tak\u017ce przedstawione na znaczku pocztowym z niewielkiej serii \u201eKrasnystaw\u201d. W rezultacie \u015bmia\u0142o mo\u017ce uchodzi\u0107 za jeden z symboli tego miasta. Forma drzewa, upadaj\u0105cego ku ziemi, jakby prze\u0142amanego, nast\u0119pnie wznosz\u0105cego si\u0119 sw\u0105 koron\u0105 ku s\u0142o\u0144cu symbolizowa\u0107 mo\u017ce determinacj\u0119 w d\u0105\u017ceniu do celu, a tak\u017ce nadziej\u0119, kt\u00f3ra nie pozwala si\u0119 poddawa\u0107. Na pocz\u0105tku roku 2017, gdy w ca\u0142ej Polsce pod top\u00f3r sz\u0142y kolejne drzewostany, powr\u00f3ci\u0142 pomys\u0142 likwidacji drzewostanu z miejskiego rynku. Tym razem kl\u0119cz\u0105ce drzewo jako jedyne mia\u0142o przetrwa\u0107 realizacj\u0119 nowej koncepcji. Jednak i tym razem determinacja mieszka\u0144c\u00f3w i organizacji pozarz\u0105dowych, postawa konserwatora zabytk\u00f3w, a tak\u017ce profesjonalne badania dendrologiczne (zlecone przez Urz\u0105d Miasta), uratowa\u0142y \u201ezielony rynek\u201d.<\/p>\n<p><strong><a href=\"http:\/\/swietodrzewa.pl\/wp-content\/uploads\/2018\/07\/dab_henryk.jpg\"><img loading=\"lazy\" class=\"alignleft size-medium wp-image-10391\" src=\"http:\/\/swietodrzewa.pl\/wp-content\/uploads\/2018\/07\/dab_henryk-300x201.jpg\" sizes=\"(max-width: 300px) 100vw, 300px\" srcset=\"http:\/\/swietodrzewa.pl\/wp-content\/uploads\/2018\/07\/dab_henryk-300x201.jpg 300w, http:\/\/swietodrzewa.pl\/wp-content\/uploads\/2018\/07\/dab_henryk-768x514.jpg 768w, http:\/\/swietodrzewa.pl\/wp-content\/uploads\/2018\/07\/dab_henryk-1024x686.jpg 1024w, http:\/\/swietodrzewa.pl\/wp-content\/uploads\/2018\/07\/dab_henryk.jpg 1287w\" alt=\"\" width=\"300\" height=\"201\"\/><\/a>Zdobywca 2. miejsca \u2013 D\u0105b Henryk w Krakowie<\/strong>&nbsp;jest najstarszym drzewem rosn\u0105cym w obszarze dawnej podkrakowskiej wsi Borek i zarazem potomkiem d\u0119b\u00f3w tworz\u0105cych w tym obszarze wsp\u00f3lnie z sosnami b\u00f3r. Mimo niezwykle trudnych warunk\u00f3w siedliskowych zachowuje z roku na rok si\u0142y witalne, a sam fakt, \u017ce przetrwa\u0142 w tym miejscu do dzisiaj \u015bwiadczy o jego wyj\u0105tkowo\u015bci. Niedaleko d\u0119bu w latach 1923-2010 mieszka\u0142 Henryk Bartyzel pe\u0142ni\u0105cy od czas\u00f3w II wojny \u015bwiatowej funkcj\u0119 spo\u0142ecznego stra\u017cnika d\u0119bu. Opiekowa\u0142 si\u0119 nim i broni\u0142 go przed wycink\u0105. W dow\u00f3d uznania jego zas\u0142ug d\u0105b otrzyma\u0142 imi\u0119 Henryk. Po jego \u015bmierci pozbawione piel\u0119gnacji siedlisko podupad\u0142o. W roku 2013 grupa co najmniej 97 os\u00f3b (mieszka\u0144cy, urz\u0119dnicy, naukowcy, radni) podj\u0119\u0142a pr\u00f3b\u0119 uratowanie tego drzewa. Walka z materi\u0105 prawn\u0105 i urz\u0119dnicz\u0105 trwa\u0142a 4 lata, ale zako\u0144czy\u0142a si\u0119 sukcesem. W maju 2017 roku z udzia\u0142em mieszka\u0144c\u00f3w i zaproszonych go\u015bci, nast\u0105pi\u0142o uroczyste otwarcie odmienionego siedliska godnego pomnikowego drzewa.<\/p>\n<p><strong><a href=\"http:\/\/swietodrzewa.pl\/wp-content\/uploads\/2018\/07\/dab_ustrobniak.jpg\"><img loading=\"lazy\" class=\"alignleft size-medium wp-image-10392\" src=\"http:\/\/swietodrzewa.pl\/wp-content\/uploads\/2018\/07\/dab_ustrobniak-300x201.jpg\" sizes=\"(max-width: 300px) 100vw, 300px\" srcset=\"http:\/\/swietodrzewa.pl\/wp-content\/uploads\/2018\/07\/dab_ustrobniak-300x201.jpg 300w, http:\/\/swietodrzewa.pl\/wp-content\/uploads\/2018\/07\/dab_ustrobniak-768x514.jpg 768w, http:\/\/swietodrzewa.pl\/wp-content\/uploads\/2018\/07\/dab_ustrobniak-1024x686.jpg 1024w, http:\/\/swietodrzewa.pl\/wp-content\/uploads\/2018\/07\/dab_ustrobniak.jpg 1287w\" alt=\"\" width=\"300\" height=\"201\"\/><\/a>Zdobywca 3. miejsca \u2013 D\u0105b Ustrobniak w Ustrobnej (gmina Wojasz\u00f3wka, woj. podkarpackie)<\/strong>&nbsp;swoj\u0105 nazw\u0119 wywodzi si\u0119 od miejscowo\u015bci, w kt\u00f3rej si\u0119 znajduje i kt\u00f3ra zosta\u0142a nadana mu niegdy\u015b przez mieszka\u0144c\u00f3w. Nale\u017cy do grona najlepiej rozpoznawalnych pomnik\u00f3w przyrody w Gminie Wojasz\u00f3wka. Jest bardzo charakterystycznym drzewem \u2013 posiada bowiem ogromn\u0105 dziupl\u0119\/wyrw\u0119 w swoim wn\u0119trzu, co wzbudza zainteresowanie przechodni\u00f3w i turyst\u00f3w. Drzewo w swej historii by\u0142o \u015bwiadkiem wielu wydarze\u0144 z \u017cycia mieszka\u0144c\u00f3w. W pobli\u017cu odbywaj\u0105 si\u0119 co roku sob\u00f3tki, tu spotyka si\u0119 m\u0142odzie\u017c i dzieci, a wiele par zar\u0119czy\u0142o si\u0119 w\u0142a\u015bnie pod tym wielkim d\u0119bem. Ustrobniak wielokrotnie by\u0142 \u015bwiadkiem dzia\u0142a\u0144 wojennych. Podczas II wojny \u015bwiatowej przebiega\u0142a tu bowiem linia frontu. R\u00f3wnie\u017c wsp\u00f3\u0142cze\u015bnie d\u0119bu nie oszcz\u0119dza\u0142 los. Dwukrotnie dosz\u0142o do po\u017car\u00f3w w trakcie kt\u00f3rych miejscowi stra\u017cacy ofiarnie walczyli o ocalenie tego wyj\u0105tkowego drzewa.&nbsp;<\/p>\n<p><strong>Dok\u0142adna liczba g\u0142os\u00f3w zdobytych przez drzewa bior\u0105ce udzia\u0142 w g\u0142osowaniu:<\/strong><\/p>\n<ol>\n<li><em><strong>D\u0105b Mieszko w Ko\u0144czycach Wielkich<\/strong><\/em><em> (gmina Ha\u017clach, woj. \u015bl\u0105skie) \u2013 412 g\u0142os\u00f3w<\/em><\/li>\n<li><strong>Jesion Maciej w Bronis\u0142awiu<\/strong> ( gmina Dobra, woj. kujawsko-pomorskie) \u2013 80 g\u0142os\u00f3w<\/li>\n<li><strong>Kl\u0119cz\u0105ce drzewo w Krasnymstawie<\/strong> ( woj. lubelskie) \u2013 4131 g\u0142os\u00f3w<\/li>\n<li><strong>Topola Odolanka w Warszawie<\/strong> (woj. mazowieckie) \u2013 101 g\u0142os\u00f3w<\/li>\n<li><strong>Bukowianin w Bukowinie Sycowskiej<\/strong> (gmina Mi\u0119dzyb\u00f3rz, woj. dolno\u015bl\u0105skie) \u2013 270 g\u0142os\u00f3w<\/li>\n<li><strong>D\u0105b Bartek w Kotwasicach<\/strong> (gmina Malan\u00f3w, woj. wielkopolskie) \u2013 1154 g\u0142osy<\/li>\n<li><strong>Platan Karol w Leszczynach<\/strong> (gmina Czerwionka-Leszczyny, woj. \u015bl\u0105skie) \u2013 211 g\u0142os\u00f3w<\/li>\n<li><strong>Drzewo Czasu w Warszawie<\/strong> (woj. mazowieckie) \u2013 43 g\u0142osy<\/li>\n<li><strong>Hajducka Grusza w Hajdukach<\/strong> Nyskich (gmina Nysa, woj. opolskie) \u2013 290 g\u0142os\u00f3w<\/li>\n<li><strong>D\u0105b \u201eKrystyn\u201d w Bia\u0142ym Borze<\/strong> ( gmina Przec\u0142aw, woj. podkarpackie) \u2013 589 g\u0142os\u00f3w<\/li>\n<li><strong>4 Platany \u2013 Wilhelmina, Paulina, Joanna i Dorota w \u017baganiu<\/strong> ( woj. lubuskie) \u2013 247 g\u0142os\u00f3w<\/li>\n<li><strong>D\u0105b Ustrobniak w Ustrobnej<\/strong> (gmina Wojasz\u00f3wka, woj. podkarpackie) \u2013 2303 g\u0142osy<\/li>\n<li><strong>D\u0105b herb w Wa\u0142brzychu<\/strong> ( woj. dolno\u015bl\u0105skie) \u2013 83 g\u0142osy<\/li>\n<li><strong>Lipa w Krapkowicach<\/strong> ( woj. opolskie) \u2013 427 g\u0142os\u00f3w<\/li>\n<li><strong>D\u0105b Henryk w Krakowie<\/strong> (woj. ma\u0142opolskie) \u2013 3612 g\u0142os\u00f3w<\/li>\n<li><strong>Zielona Grusza w Ko\u0144czycach Wielkich <\/strong>(gmina Ha\u017clach, woj. \u015bl\u0105skie) \u2013 40 g\u0142os\u00f3w<\/li>\n<\/ol>\n<p><strong>Zobacz zdj\u0119cia i przeczytaj historie drzew bior\u0105cych udzia\u0142 w g\u0142osowaniu na <a href=\"http:\/\/www.drzeworoku.pl\/\">drzeworoku.pl<\/a> <\/strong><\/p>\n<p>Og\u00f3lnopolski konkurs Klubu Gaja&nbsp; \u2013 Drzewo Roku propaguje postawy ochrony przyrody i konieczno\u015b\u0107 ochrony jej obiekt\u00f3w, jakimi s\u0105 drzewa. Zwraca uwag\u0119 na ich rol\u0119 w naszym \u017cyciu, silne zwi\u0105zki pomi\u0119dzy kultur\u0105 i histori\u0105 danej spo\u0142eczno\u015bci, a drzewem, do kt\u00f3rego przywi\u0105zuje ona szczeg\u00f3lne znaczenie. Wy\u0142ania najwa\u017cniejsze i najbardziej kochane przez spo\u0142eczno\u015bci lokalne drzewa w naszym kraju. Ambasadorami konkursu s\u0105 podr\u00f3\u017cniczka i pisarka <strong>El\u017cbieta Dzikowska,<\/strong> re\u017cyser i senator <strong>Kazimierz Kutz<\/strong> oraz j\u0119zykoznawca, popularyzator wiedzy o j\u0119zyku polskim profesor <strong>Jan Miodek<\/strong>.<\/p>\n<p>Drzewa daj\u0105 tlen, przeciwdzia\u0142aj\u0105 zmianom klimatu, s\u0105 wa\u017cne dla ochrony r\u00f3\u017cnorodno\u015bci biologicznej oraz \u017cycia miliard\u00f3w ludzi i zwierz\u0105t na Ziemi. Drzewa s\u0105 cz\u0119\u015bci\u0105 naszego dziedzictwa narodowego, dlatego powinni\u015bmy je chroni\u0107 dla przysz\u0142ych pokole\u0144. Je\u015bli nie jest Ci oboj\u0119tny los drzew, pom\u00f3\u017c nam je sadzi\u0107, chroni\u0107 i opiekowa\u0107 si\u0119 nimi.<\/p>\n<p>Przeka\u017c darowizn\u0119 Klubowi Gaja \u2013 nr konta:&nbsp;<strong>90 2030 0045 1110 0000 0067 3120<\/strong><br \/>\nMo\u017cesz te\u017c przekaza\u0107 1% Swojego podatku Klubowi Gaja \u2013<strong>&nbsp;KRS 0000120069<\/strong><\/p>\n<\/div>\n","protected":false},"excerpt":{"rendered":"<p>Kl\u0119cz\u0105ce drzewo zdobywc\u0105 tytu\u0142u Drzewo Roku 2018! W tegorocznej 8. edycji konkursu Drzewo Roku Klubu Gaja zwyci\u0119\u017cy\u0142o Kl\u0119cz\u0105ce drzewo z Krasnegostawu w woj. lubelskim! To uratowane przez mieszka\u0144c\u00f3w przed wycink\u0105 drzewo jest dzisiaj jednym z wa\u017cniejszych symboli tego miasta. W 2019 roku b\u0119dzie reprezentowa\u0142o Polsk\u0119 w mi\u0119dzynarodowym plebiscycie Europejskie Drzewo Roku ! W tegorocznym konkursie [&hellip;]<\/p>\n","protected":false},"author":3,"featured_media":0,"parent":1673,"menu_order":0,"comment_status":"closed","ping_status":"closed","template":"","meta":{"ngg_post_thumbnail":0},"_links":{"self":[{"href":"https:\/\/archiwum.swietodrzewa.pl\/index.php?rest_route=\/wp\/v2\/pages\/10478"}],"collection":[{"href":"https:\/\/archiwum.swietodrzewa.pl\/index.php?rest_route=\/wp\/v2\/pages"}],"about":[{"href":"https:\/\/archiwum.swietodrzewa.pl\/index.php?rest_route=\/wp\/v2\/types\/page"}],"author":[{"embeddable":true,"href":"https:\/\/archiwum.swietodrzewa.pl\/index.php?rest_route=\/wp\/v2\/users\/3"}],"replies":[{"embeddable":true,"href":"https:\/\/archiwum.swietodrzewa.pl\/index.php?rest_route=%2Fwp%2Fv2%2Fcomments&post=10478"}],"version-history":[{"count":1,"href":"https:\/\/archiwum.swietodrzewa.pl\/index.php?rest_route=\/wp\/v2\/pages\/10478\/revisions"}],"predecessor-version":[{"id":10479,"href":"https:\/\/archiwum.swietodrzewa.pl\/index.php?rest_route=\/wp\/v2\/pages\/10478\/revisions\/10479"}],"up":[{"embeddable":true,"href":"https:\/\/archiwum.swietodrzewa.pl\/index.php?rest_route=\/wp\/v2\/pages\/1673"}],"wp:attachment":[{"href":"https:\/\/archiwum.swietodrzewa.pl\/index.php?rest_route=%2Fwp%2Fv2%2Fmedia&parent=10478"}],"curies":[{"name":"wp","href":"https:\/\/api.w.org\/{rel}","templated":true}]}}