{"id":1139,"date":"2012-01-18T13:39:02","date_gmt":"2012-01-18T12:39:02","guid":{"rendered":"http:\/\/swietodrzewa.pl\/?page_id=1139"},"modified":"2012-01-18T13:39:02","modified_gmt":"2012-01-18T12:39:02","slug":"przyjazny-ogrod-przy-szkole","status":"publish","type":"page","link":"https:\/\/archiwum.swietodrzewa.pl\/?page_id=1139","title":{"rendered":"Przyjazny ogr\u00f3d przy szkole"},"content":{"rendered":"<h2>Model ogrodu przy szkole<\/h2>\n<p>Przedstawiamy pa\u0144stwu model, opracowany przez Architekta Krajobrazu, pani\u0105 Ann\u0119 Wr\u00f3bel dla Klubu Gaja. Jest to tylko przyk\u0142ad tego co mo\u017ce si\u0119 znajdowa\u0107 w ogrodzie przy szkole, zach\u0119camy do w\u0142asnej inwencji tw\u00f3rczej.<\/p>\n<p><a href=\"http:\/\/swietodrzewa.pl\/wp-content\/uploads\/2012\/01\/model_ogrodu.jpg\"><img loading=\"lazy\" class=\"aligncenter size-full wp-image-1114\" title=\"model_ogrodu\" src=\"http:\/\/swietodrzewa.pl\/wp-content\/uploads\/2012\/01\/model_ogrodu.jpg\" alt=\"\" width=\"534\" height=\"550\" srcset=\"https:\/\/archiwum.swietodrzewa.pl\/wp-content\/uploads\/2012\/01\/model_ogrodu.jpg 534w, https:\/\/archiwum.swietodrzewa.pl\/wp-content\/uploads\/2012\/01\/model_ogrodu-291x300.jpg 291w\" sizes=\"(max-width: 534px) 100vw, 534px\" \/><\/a><\/p>\n<p>Legenda<br \/>\n1. WEJ\u015aCIE G\u0141\u00d3WNE<br \/>\n2. PLAC PRZYWEJ\u015aCIOWY Z TABLIC\u0104 INFORMACYJN\u0104<br \/>\n3. ALPINARIUM<br \/>\n4. DRZEWO KWITN\u0104CE<br \/>\n5. PLAC GOSPODARCZY<br \/>\n6. PLAC WYPOCZYNKOWY Z DRZEWEM M\u0104DRO\u015aCI<br \/>\n7. POID\u0141O DLA PTAK\u00d3W<br \/>\n8. OGR\u00d3D DYDAKTYCZNY, HERBARIUM<br \/>\n9. LETNIA SZKO\u0141A<br \/>\n10. SZKOLNE MINI ARBORETUM<br \/>\n11. ZIELONY DZIEDZINIEC<br \/>\n12. STAW<br \/>\n13. POLE DO\u015aWIADCZE\u0143 SZKOLNYCH<br \/>\n14. PERGOLE LUB CIENNIKI<br \/>\n15. MASZT SZKOLNY<br \/>\n16. OGR\u00d3D ZIMOWY<\/p>\n","protected":false},"excerpt":{"rendered":"<p>Model ogrodu przy szkole Przedstawiamy pa\u0144stwu model, opracowany przez Architekta Krajobrazu, pani\u0105 Ann\u0119 Wr\u00f3bel dla Klubu Gaja. Jest to tylko przyk\u0142ad tego co mo\u017ce si\u0119 znajdowa\u0107 w ogrodzie przy szkole, zach\u0119camy do w\u0142asnej inwencji tw\u00f3rczej. Legenda 1. WEJ\u015aCIE G\u0141\u00d3WNE 2. PLAC PRZYWEJ\u015aCIOWY Z TABLIC\u0104 INFORMACYJN\u0104 3. ALPINARIUM 4. DRZEWO KWITN\u0104CE 5. PLAC GOSPODARCZY 6. PLAC [&hellip;]<\/p>\n","protected":false},"author":1,"featured_media":0,"parent":387,"menu_order":0,"comment_status":"closed","ping_status":"closed","template":"","meta":{"ngg_post_thumbnail":0},"_links":{"self":[{"href":"https:\/\/archiwum.swietodrzewa.pl\/index.php?rest_route=\/wp\/v2\/pages\/1139"}],"collection":[{"href":"https:\/\/archiwum.swietodrzewa.pl\/index.php?rest_route=\/wp\/v2\/pages"}],"about":[{"href":"https:\/\/archiwum.swietodrzewa.pl\/index.php?rest_route=\/wp\/v2\/types\/page"}],"author":[{"embeddable":true,"href":"https:\/\/archiwum.swietodrzewa.pl\/index.php?rest_route=\/wp\/v2\/users\/1"}],"replies":[{"embeddable":true,"href":"https:\/\/archiwum.swietodrzewa.pl\/index.php?rest_route=%2Fwp%2Fv2%2Fcomments&post=1139"}],"version-history":[{"count":1,"href":"https:\/\/archiwum.swietodrzewa.pl\/index.php?rest_route=\/wp\/v2\/pages\/1139\/revisions"}],"predecessor-version":[{"id":1140,"href":"https:\/\/archiwum.swietodrzewa.pl\/index.php?rest_route=\/wp\/v2\/pages\/1139\/revisions\/1140"}],"up":[{"embeddable":true,"href":"https:\/\/archiwum.swietodrzewa.pl\/index.php?rest_route=\/wp\/v2\/pages\/387"}],"wp:attachment":[{"href":"https:\/\/archiwum.swietodrzewa.pl\/index.php?rest_route=%2Fwp%2Fv2%2Fmedia&parent=1139"}],"curies":[{"name":"wp","href":"https:\/\/api.w.org\/{rel}","templated":true}]}}