{"id":12353,"date":"2020-08-19T11:14:18","date_gmt":"2020-08-19T09:14:18","guid":{"rendered":"http:\/\/swietodrzewa.pl\/?page_id=12353"},"modified":"2021-08-30T13:37:44","modified_gmt":"2021-08-30T11:37:44","slug":"drzewo-roku-2020","status":"publish","type":"page","link":"https:\/\/archiwum.swietodrzewa.pl\/?page_id=12353","title":{"rendered":"Drzewo Roku 2020"},"content":{"rendered":"<div class=\"entry-content\">\n<h1 class=\"entry-title\">Lipa \u015bw. Jana Nepomucena Drzewem Roku 2020!<\/h1>\n<p class=\"lead\"><strong>10. edycj\u0119 konkursu Drzewo Roku Klubu Gaja wygra\u0142a Lipa \u015bw. Jana Nepomucena z Dulczy Wielkiej w woj. podkarpackim zdobywaj\u0105c 15346 g\u0142os\u00f3w internaut\u00f3w! To malownicze, samotnie rosn\u0105ce na skraju p\u00f3l drzewo swoje imi\u0119 otrzyma\u0142o od \u015bw. Jana Nepomucena \u2013 patrona powodzian, kt\u00f3ry w jej pobli\u017cu ma swoj\u0105 kapliczk\u0119. Jego korona zacienia oko\u0142o 400 metr\u00f3w kwadratowych powierzchni i mo\u017cna by pod ni\u0105 zorganizowa\u0107 du\u017ce wesele. Lipa od lat stanowi natchnienie dla lokalnych artyst\u00f3w, a tak\u017ce zjednoczy\u0142a spo\u0142eczno\u015b\u0107 lokaln\u0105 w sprawie ustanowienia jej pomnikiem przyrody. W lutym 2021 roku b\u0119dzie reprezentowa\u0142a Polsk\u0119 w mi\u0119dzynarodowym plebiscycie Europejskie Drzewo Roku!<\/strong><span id=\"more-12263\"><\/span><\/p>\n<div class=\"body\">\n<p>Do p\u00f3\u0142nocy trwa\u0142a zaci\u0119ta walka pomi\u0119dzy mi\u0142o\u015bnikami Sosny Falenickiej a Lipy \u015bw. Nepomucena. Ostatecznie zwyci\u0119\u017cy\u0142a ponad 150- letnia <strong>Lipa z Dulczy Wielkiej <\/strong>w woj. podkarpackim, zdobywaj\u0105c <strong>15346 g\u0142os\u00f3w<\/strong> internaut\u00f3w. Niewiele mniej, bo <strong>14 902 g\u0142osy<\/strong> uzyska\u0142a <strong>Sosna Falenicka z Warszawy<\/strong>, dzi\u0119ki czemu zaj\u0119\u0142a drugie miejsce. Jako trzeci na podium stan\u0119li <strong>Smutni Bracia z Sosnowc<\/strong>a w woj. \u015bl\u0105skim z sum\u0105 <strong>4043 g\u0142os\u00f3w<\/strong>. Statuetka Drzewa Roku 2020 trafi w r\u0119ce przedstawicieli Ligi Ochrony Przyrody Okr\u0119gu Podkarpackiego,&nbsp; kt\u00f3rzy zg\u0142osili drzewo do konkursu, a tak\u017ce do w\u0142a\u015bciciela dzia\u0142ki, na kt\u00f3rej ro\u015bnie drzewo. Wszyscy finali\u015bci konkursu otrzymaj\u0105 pami\u0105tkowe dyplomy. Wr\u0119czenie nagr\u00f3d odb\u0119dzie si\u0119 9 pa\u017adziernika 2020 roku w Warszawie podczas inauguracji 18. edycji programu \u015awi\u0119to Drzewa Klubu Gaja.<\/p>\n<p>\u201eUrok i majestat lipy \u015bw. Jana Nepomucena jest niekwestionowany. Ka\u017cdy kto j\u0105 raz widzia\u0142 staje si\u0119 jej zwolennikiem, a na niekt\u00f3rych robi\u0105 wra\u017cenia same zdj\u0119cia, cho\u0107 nie mog\u0105 odda\u0107 jej ca\u0142ego pi\u0119kna. Dobro\u0107, \u0142agodno\u015b\u0107, g\u0142\u0119boki spok\u00f3j i szczodro\u015b\u0107, cechy od wiek\u00f3w \u0142\u0105czone w\u0142a\u015bnie z tym drzewem, tak uj\u0119\u0142y nas wszystkich, \u017ce tak wiele os\u00f3b z r\u00f3\u017cnych \u015brodowisk, bran\u017c, profesji, instytucji, stowarzysze\u0144, nie b\u0119d\u0105cych nawet przyrodnikami zaanga\u017cowa\u0142o si\u0119 w promowanie naszej lipy. Na podkre\u015blenie zas\u0142uguj\u0119 przede wszystkim postawa Tadeusza Kurka w\u0142a\u015bciciela gruntu, na kt\u00f3rym ro\u015bnie nasza lipka, i miejscowego regionalisty Andrzeja Ziobronia \u2013 inicjator\u00f3w tego ca\u0142ego zamieszania. Stokrotnie dzi\u0119kujemy wszystkim osobom zaanga\u017cowanym, a szczeg\u00f3lnie mediom, kt\u00f3re bardzo pozytywnie podesz\u0142y do promowania lipy \u015bw. Jana Nepomucena. Gratuluj\u0119 wszystkim konkurencyjnym drzewom, a zw\u0142aszcza So\u015bnie Falenickiej bez udzia\u0142u kt\u00f3rej nie by\u0142oby tak fascynuj\u0105cej rywalizacji. Ostatni akcent naszej akcji pod lip\u0105 \u015bw. Jana Nepomucena to poezja&nbsp; Jana Kochanowskiego, Marii Konopnickiej w wykonaniu uczni\u00f3w Zespo\u0142u Szkolno-Przedszkolnego w Dulczy Wielkiej oraz duleckich poet\u00f3w na temat lipy na d\u0142ugo pozostan\u0105 w naszej pami\u0119ci. Bardzo prawdopodobnie kapitalna promocja tego wydarzenia przez media zadecydowa\u0142a o naszym zwyci\u0119stwie. Wczorajszy ekscytuj\u0105cy wiecz\u00f3r m\u00f3g\u0142 przyprawi\u0107 niekt\u00f3rych o zawa\u0142. Raz sosna na pierwszym miejscu raz lipa i tak do ko\u0144ca g\u0142osowania wa\u017cy\u0142y si\u0119 losy wygranej.\u201d \u2013 powiedzia\u0142<strong> Hubert Sobiczewski<\/strong>, prezes LOP Zarz\u0105du Okr\u0119gu Podkarpackiego.<\/p>\n<p>W finale 10. edycji konkursu Drzewo Roku znalaz\u0142o si\u0119 16 drzew z nades\u0142anych ponad 80 zg\u0142osze\u0144 z ca\u0142ej Polski. Podczas g\u0142osowania internauci oddali <strong>42 506 wa\u017cnych g\u0142os\u00f3w<\/strong>. Na stronie plebiscytu odnotowano blisko <strong>200 000 ods\u0142on.<\/strong><\/p>\n<p>\u201eMo\u017cna by rzec, \u017ce oba drzewa mia\u0142y bardzo oddany i zdyscyplinowany elektorat. Wygra\u0107 mo\u017ce jednak tylko jedno. Gratuluje zwyci\u0119zcy \u015bwietnej organizacji i nieust\u0119pliwo\u015bci w drodze do pierwszego miejsca. Teraz mo\u017cna ju\u017c przygotowywa\u0107 si\u0119 do bitwy o tytu\u0142 Europejskiego Drzewa Roku. Tak w\u0142a\u015bnie buduje si\u0119 kapita\u0142 spo\u0142eczny wok\u00f3\u0142 warto\u015bci przyrodniczych i spo\u0142ecznych \u201e \u2013 podsumowa\u0142 tegoroczny konkurs szef Klubu Gaja <strong>Jacek Bo\u017ce<\/strong>k.<br \/>\n&nbsp;<\/p>\n<p><strong><a href=\"http:\/\/swietodrzewa.pl\/wp-content\/uploads\/2020\/02\/1_Lipa-\u015bw.-Jana-Nepomucena-w-Dulczy-Wielkiej.jpg\"><img loading=\"lazy\" class=\"alignleft size-medium wp-image-12030\" src=\"http:\/\/swietodrzewa.pl\/wp-content\/uploads\/2020\/02\/1_Lipa-\u015bw.-Jana-Nepomucena-w-Dulczy-Wielkiej-300x225.jpg\" sizes=\"(max-width: 300px) 100vw, 300px\" srcset=\"http:\/\/swietodrzewa.pl\/wp-content\/uploads\/2020\/02\/1_Lipa-\u015bw.-Jana-Nepomucena-w-Dulczy-Wielkiej-300x225.jpg 300w, http:\/\/swietodrzewa.pl\/wp-content\/uploads\/2020\/02\/1_Lipa-\u015bw.-Jana-Nepomucena-w-Dulczy-Wielkiej-768x576.jpg 768w, http:\/\/swietodrzewa.pl\/wp-content\/uploads\/2020\/02\/1_Lipa-\u015bw.-Jana-Nepomucena-w-Dulczy-Wielkiej.jpg 1024w\" alt=\"\" width=\"300\" height=\"225\"\/><\/a>Zdobywca tytu\u0142u Drzewo Roku 2020&nbsp; \u2013 Lipa \u015bw. Jana Nepomucena w Dulczy Wielkiej<\/strong> ( gmina Radomy\u015bl Wielki, woj. podkarpackie) \u2013 lipa drobnolistna, wiek 150-170 lat. Zg\u0142oszona przez Lig\u0119 Ochrony Przyrody Okr\u0119g Podkarpacki w Rzeszowie.<br \/>\nW Dulczy Wielkiej, na skraju rozleg\u0142ych p\u00f3l, ro\u015bnie malownicza samotna lipa. Jej pi\u0119kno i niezwyk\u0142o\u015b\u0107 polega na tym, \u017ce nie przypomina innych drzew tego gatunku. Jest przysadzista, posiada szerok\u0105 koron\u0119, a najni\u017csze konary \u0142ukowato przeginaj\u0105 si\u0119 niemal do samej ziemi. W krajobrazie typowo rolniczym, pozbawionym wi\u0119kszych kompleks\u00f3w le\u015bnych, a nawet okazalszych drzew, jest swego rodzaju rodzynkiem.&nbsp; Prawdopodobnie&nbsp; posadzono j\u0105 aby mog\u0142a dawa\u0107 cie\u0144 pracuj\u0105cym na polu rolnikom. Obok lipy znajduje si\u0119 kapliczka \u015bw. Jana Nepomucena, patrona powodzian, kt\u00f3ry cieszy si\u0119 na tym terenie szczeg\u00f3lnym kultem ze wzgl\u0119du na poblisk\u0105 rzeczk\u0119 Jamnic\u0119, kt\u00f3ra cz\u0119sto wylewa. I tak te dwa s\u0105siaduj\u0105ce ze sob\u0105 obiekty sta\u0142y si\u0119 nieroz\u0142\u0105czne, a nawet sta\u0142y si\u0119&nbsp; natchnieniem dla artysty, kt\u00f3ry uwieczni\u0142 je na p\u0142\u00f3tnie. Lipa zjednoczy\u0142a tak\u017ce spo\u0142eczno\u015b\u0107 lokaln\u0105 w sprawie ustanowienia jej pomnikiem przyrody i poprawienia jej stanu zdrowotnego. W dzia\u0142anie zaanga\u017cowa\u0142o si\u0119 wiele r\u00f3\u017cnych instytucji, stowarzysze\u0144 i os\u00f3b prywatnych, \u0142\u0105cznie z w\u0142a\u015bcicielem gruntu na kt\u00f3rym ro\u015bnie lipa.<\/p>\n<p><strong><a href=\"http:\/\/swietodrzewa.pl\/wp-content\/uploads\/2020\/02\/15_FalenickaSosna_AMStankiewicz_05.jpg\"><img loading=\"lazy\" class=\"alignleft size-medium wp-image-12044\" src=\"http:\/\/swietodrzewa.pl\/wp-content\/uploads\/2020\/02\/15_FalenickaSosna_AMStankiewicz_05-300x200.jpg\" sizes=\"(max-width: 300px) 100vw, 300px\" srcset=\"http:\/\/swietodrzewa.pl\/wp-content\/uploads\/2020\/02\/15_FalenickaSosna_AMStankiewicz_05-300x200.jpg 300w, http:\/\/swietodrzewa.pl\/wp-content\/uploads\/2020\/02\/15_FalenickaSosna_AMStankiewicz_05-768x512.jpg 768w, http:\/\/swietodrzewa.pl\/wp-content\/uploads\/2020\/02\/15_FalenickaSosna_AMStankiewicz_05-1024x683.jpg 1024w\" alt=\"\" width=\"300\" height=\"200\"\/><\/a>Zdobywca 2. miejsca \u2013 Sosna Falenicka w Warszawie<\/strong> \u2013 sosna pospolita, wiek oko\u0142o100-lat. Zg\u0142oszona przez Rad\u0119 Osiedla Falenica.<br \/>\nWje\u017cd\u017caj\u0105cych do Warszawy od po\u0142udniowego wschodu, wzd\u0142u\u017c linii kolejowej nr 7, wita pochylona sosna. Wyrasta przy kraw\u0119dzi drogi, ale ga\u0142\u0119zie rozpo\u015bcieraj\u0105 si\u0119 nad ca\u0142\u0105 jej szeroko\u015bci\u0105, cz\u0119sto jest por\u00f3wnywana do \u017cywej bramy. Ta naturalna rogatka Warszawy ro\u015bnie w dzielnicy Wawer, na terenie osiedla Falenica. Nie oddziela jednak stolicy od s\u0105siaduj\u0105cych miejscowo\u015bci, tylko je \u0142\u0105czy.&nbsp; Falenicka sosna to tak\u017ce wizyt\u00f3wka okolicznej przyrody \u2013 reprezentuje sosny licznie rosn\u0105ce na piaszczystych glebach pobliskiego Mazowieckiego Parku Krajobrazowego. Gdy grozi\u0142a jej wycinka zwi\u0105zana z modernizacj\u0105 linii kolejowej, zjednoczy\u0142a wok\u00f3\u0142 siebie liczn\u0105 spo\u0142eczno\u015b\u0107, kt\u00f3ra wywalczy\u0142a jej przetrwanie. Sosna jest obecna w lokalnych publikacjach i mediach spo\u0142eczno\u015bciowych, nie tylko jako obiekt zdj\u0119\u0107, ale te\u017c bohaterka artyku\u0142\u00f3w i stron skupiaj\u0105cych fan\u00f3w. Jest przebadana i zadbana, na dole, od strony ulicy, chroniona os\u0142on\u0105. Starania o uznanie jej za pomnik przyrody anga\u017cowa\u0142y wszystkich, od lokalnej spo\u0142eczno\u015bci po najwy\u017csze w\u0142adze Warszawy. Obecnie nadal trwaj\u0105 starania o uznanie jej za pomnik przyrody.<\/p>\n<p><strong><a href=\"http:\/\/swietodrzewa.pl\/wp-content\/uploads\/2020\/02\/14_Smutni_Bracia_buk_pospolity_Pendula_Sosnowiec_ul-11.jpg\"><img loading=\"lazy\" class=\"alignleft size-medium wp-image-12043\" src=\"http:\/\/swietodrzewa.pl\/wp-content\/uploads\/2020\/02\/14_Smutni_Bracia_buk_pospolity_Pendula_Sosnowiec_ul-11-300x225.jpg\" sizes=\"(max-width: 300px) 100vw, 300px\" srcset=\"http:\/\/swietodrzewa.pl\/wp-content\/uploads\/2020\/02\/14_Smutni_Bracia_buk_pospolity_Pendula_Sosnowiec_ul-11-300x225.jpg 300w, http:\/\/swietodrzewa.pl\/wp-content\/uploads\/2020\/02\/14_Smutni_Bracia_buk_pospolity_Pendula_Sosnowiec_ul-11-768x576.jpg 768w, http:\/\/swietodrzewa.pl\/wp-content\/uploads\/2020\/02\/14_Smutni_Bracia_buk_pospolity_Pendula_Sosnowiec_ul-11.jpg 1024w\" alt=\"\" width=\"300\" height=\"225\"\/><\/a>Zdobywcy 3. miejsca \u2013 Smutni Bracia w Sosnowcu<\/strong> ( woj. \u015bl\u0105skie) \u2013 2 buki zwyczajny w odmianie \u201ePendula\u201d, wiek 186-195 lat,&nbsp; pomniki przyrody. Zg\u0142oszone przez Przemys\u0142awa Bartosa(Przyroda dla Sosnowca).<br \/>\nHistoria buk\u00f3w&nbsp; zwi\u0105zana jest nierozerwalnie z cmentarzem ewangelickim w Sosnowcu, kt\u00f3ry wchodzi w sk\u0142ad Cmentarza Wielowyznaniowego. Od lat wielu Sosnowiczan kojarzy Smutnych Braci ze zgod\u0105 i kompromisem. W ko\u0144cu niewiele jest miejsc, a szczeg\u00f3lnie cmentarzy, kt\u00f3re \u0142\u0105cz\u0105 ludzi wielu wyzna\u0144. Te pot\u0119\u017cne i malownicze drzewa o p\u0142acz\u0105cej sylwetce oraz g\u0119stym ulistnieniu, stanowi\u0105 przepi\u0119kny element kompozycyjny i historyczny miejsca, w kt\u00f3rym przysz\u0142o im rosn\u0105\u0107. By\u0142y \u015bwiadkami wielu wydarze\u0144 historycznych: od czas\u00f3w zabor\u00f3w, po ustanowienie Sosnowca miastem, a na przemianach spo\u0142eczno-ekonomicznych wsp\u00f3\u0142czesnej Polski ko\u0144cz\u0105c. Pi\u0119kno Smutnych Braci dostrzegli wielcy przemys\u0142owcy i przedsi\u0119biorcy z Zag\u0142\u0119bia: Dietlowie i Meyerholdowie, kt\u00f3rzy w cieniu monumentalnych drzew maj\u0105 swoje niezwyk\u0142e grobowce, wzorowane na antycznych grobowcach rzymskich. To w\u0142a\u015bnie dzi\u0119ki temu dwa buki pospolite zyska\u0142y jeszcze wi\u0119kszy presti\u017c. Wykorzystano symbolik\u0119 wywodz\u0105ca si\u0119 z mitologii rzymskiej, gdzie uwa\u017cano, \u017ce buki porasta\u0142y Olimp, a w ich koronach gnie\u017adzi\u0142y si\u0119 m\u0105dre sowy i wrony morskie.<\/p>\n<p>&nbsp;<\/p>\n<p><strong>G\u0142osy oddane na pozosta\u0142ych finalist\u00f3w konkursu Drzewo Roku 2020:<\/strong><\/p>\n<p>\u2022 <strong>D\u0105b w Ostrowcu \u015awi\u0119tokrzyskim<\/strong> (woj. \u015bwi\u0119tokrzyskie) \u2013 129 g\u0142os\u00f3w<br \/>\n\u2022 <strong>Klon Literat w Koninie<\/strong> (woj. wielkopolskie) \u2013 270 g\u0142os\u00f3w<br \/>\n\u2022 <strong>D\u0105b Wolno\u015bci w Radomiu<\/strong> (woj. mazowieckie) \u2013 1108 g\u0142os\u00f3w<br \/>\n\u2022<strong> Sosna Gruba Ka\u015bka w Kraskowie<\/strong> (woj. warmi\u0144sko-mazurskie) \u2013 1278 g\u0142os\u00f3w<br \/>\n\u2022 <strong>D\u0105b z Krz\u0119towa<\/strong> (woj. \u0142\u00f3dzkie) \u2013 266 g\u0142os\u00f3w<br \/>\n\u2022<strong> Jod\u0142a El\u017cbieta w Mucznem<\/strong> (woj. podkarpackie) \u2013 566 g\u0142os\u00f3w<br \/>\n\u2022 <strong>D\u0105b Bolek w Lesznie<\/strong> (woj. wielkopolskie) \u2013 538 g\u0142os\u00f3w<br \/>\n\u2022 <strong>Mi\u0142orz\u0105b w Bydgoszcz<\/strong>y (woj. kujawsko-pomorskie) \u2013 2019 g\u0142os\u00f3w<br \/>\n\u2022 <strong>Aleja Klon\u00f3w w Z\u0142otym Potoku<\/strong> (woj. \u015bl\u0105skie) \u2013 478 g\u0142os\u00f3w<br \/>\n\u2022<strong> Lipa Wolno\u015bci w Wodzicznej<\/strong> (woj. wielkopolskie) \u2013 375 g\u0142os\u00f3w<br \/>\n\u2022 <strong>D\u0105b Dobrodziej w Krakowie<\/strong> (woj. ma\u0142opolskie) \u2013 442 g\u0142osy<br \/>\n\u2022 <strong>Kasztanowiec Antek w Straduni<\/strong> (woj. opolskie) \u2013 203 g\u0142osy<br \/>\n\u2022<strong> D\u0105b Przewodnik we Wroc\u0142awiu<\/strong> (woj. dolno\u015bl\u0105skie) \u2013 543 g\u0142osy<br \/>\n&nbsp;<\/p>\n<p>Og\u00f3lnopolski konkurs Klubu Gaja&nbsp; \u2013 Drzewo Roku propaguje postawy szacunku dla przyrody i konieczno\u015b\u0107 ochrony jej obiekt\u00f3w, jakimi s\u0105 drzewa. Zwraca uwag\u0119 na silne zwi\u0105zki pomi\u0119dzy kultur\u0105 i histori\u0105 danej spo\u0142eczno\u015bci, a drzewem, do kt\u00f3rego przywi\u0105zuje ona szczeg\u00f3lne znaczenie. Wy\u0142ania najwa\u017cniejsze i najbardziej kochane przez spo\u0142eczno\u015bci lokalne drzewa w naszym kraju.<br \/>\n&nbsp;<\/p>\n<p>Zobacz zdj\u0119cia i przeczytaj historie wszystkich drzew bior\u0105cych udzia\u0142 w g\u0142osowaniu na <a href=\"http:\/\/drzeworoku.pl\" target=\"_blank\" rel=\"noopener\">drzeworoku.pl<\/a><\/p>\n<p>&nbsp;<\/p>\n<\/div>\n<\/div>\n","protected":false},"excerpt":{"rendered":"<p>Lipa \u015bw. Jana Nepomucena Drzewem Roku 2020! 10. edycj\u0119 konkursu Drzewo Roku Klubu Gaja wygra\u0142a Lipa \u015bw. Jana Nepomucena z Dulczy Wielkiej w woj. podkarpackim zdobywaj\u0105c 15346 g\u0142os\u00f3w internaut\u00f3w! To malownicze, samotnie rosn\u0105ce na skraju p\u00f3l drzewo swoje imi\u0119 otrzyma\u0142o od \u015bw. Jana Nepomucena \u2013 patrona powodzian, kt\u00f3ry w jej pobli\u017cu ma swoj\u0105 kapliczk\u0119. Jego [&hellip;]<\/p>\n","protected":false},"author":3,"featured_media":0,"parent":1673,"menu_order":0,"comment_status":"closed","ping_status":"closed","template":"","meta":{"ngg_post_thumbnail":0},"_links":{"self":[{"href":"https:\/\/archiwum.swietodrzewa.pl\/index.php?rest_route=\/wp\/v2\/pages\/12353"}],"collection":[{"href":"https:\/\/archiwum.swietodrzewa.pl\/index.php?rest_route=\/wp\/v2\/pages"}],"about":[{"href":"https:\/\/archiwum.swietodrzewa.pl\/index.php?rest_route=\/wp\/v2\/types\/page"}],"author":[{"embeddable":true,"href":"https:\/\/archiwum.swietodrzewa.pl\/index.php?rest_route=\/wp\/v2\/users\/3"}],"replies":[{"embeddable":true,"href":"https:\/\/archiwum.swietodrzewa.pl\/index.php?rest_route=%2Fwp%2Fv2%2Fcomments&post=12353"}],"version-history":[{"count":2,"href":"https:\/\/archiwum.swietodrzewa.pl\/index.php?rest_route=\/wp\/v2\/pages\/12353\/revisions"}],"predecessor-version":[{"id":12356,"href":"https:\/\/archiwum.swietodrzewa.pl\/index.php?rest_route=\/wp\/v2\/pages\/12353\/revisions\/12356"}],"up":[{"embeddable":true,"href":"https:\/\/archiwum.swietodrzewa.pl\/index.php?rest_route=\/wp\/v2\/pages\/1673"}],"wp:attachment":[{"href":"https:\/\/archiwum.swietodrzewa.pl\/index.php?rest_route=%2Fwp%2Fv2%2Fmedia&parent=12353"}],"curies":[{"name":"wp","href":"https:\/\/api.w.org\/{rel}","templated":true}]}}