{"id":12741,"date":"2021-01-30T11:53:53","date_gmt":"2021-01-30T10:53:53","guid":{"rendered":"http:\/\/swietodrzewa.pl\/?page_id=12741"},"modified":"2022-08-10T13:06:07","modified_gmt":"2022-08-10T11:06:07","slug":"projekt-swieto-drzewa-ogrody-dla-klimatu","status":"publish","type":"page","link":"https:\/\/archiwum.swietodrzewa.pl\/?page_id=12741","title":{"rendered":"\u015awi\u0119to Drzewa &#8211; ogrody dla klimatu"},"content":{"rendered":"<p><strong>Projekt po\u015bwi\u0119cony edukacji nt. ochrony klimatu i \u015brodowiska popartej realnym dzia\u0142aniem &#8211; za\u0142o\u017ceniem ogrod\u00f3w edukacyjnych: adaptacji nieu\u017cytku niegrzebalnej cz\u0119\u015bci cmentarza \u017cydowskiego i ogrodu galerii sztuki w Bielsku-Bia\u0142ej przy zaanga\u017cowaniu mieszka\u0144c\u00f3w\/ek, w tym m\u0142odzie\u017cy oraz gminy \u017cydowskiej, instytucji, szk\u00f3\u0142, organizacji i samorz\u0105du.<\/strong><\/p>\n<p><span class=\"im\">Raport Mi\u0119dzynarodowego Panelu ds. Zmiany Klimatu wskazuje, \u017ce kryzys klimatyczny stanowi zagro\u017cenie dla spo\u0142ecznego i gospodarczego rozwoju \u015bwiata. Wed\u0142ug bada\u0144 Unii Europejskiej 70% respondent\u00f3w\/ek w Polsce uwa\u017ca zmian\u0119 klimatu za bardzo powa\u017cny problem a 71% zgadza si\u0119, \u017ce przystosowanie do negatywnych skutk\u00f3w zmian klimatu mo\u017ce przynie\u015b\u0107 korzy\u015bci obywatel(k)om Unii Europejskiej. Bielsko-Bia\u0142a jest jednym z 44 miast w Polsce, kt\u00f3re bierze udzia\u0142 w projekcie Miejskich Plan\u00f3w Adaptacyjnych. W ramach tego projektu miasto<b> <\/b>opracowuje plany<b> <\/b>przystosowania si\u0119 do obserwowanych i prognozowanych zmian klimatu.<\/span><\/p>\n<p><span class=\"im\">Odpowiadaj\u0105c na powy\u017csze kwestie przygotowali\u015bmy pomys\u0142 na <strong>powstanie<\/strong> <strong>ogrod\u00f3w edukacyjnych w Bielsku-Bia\u0142ej<\/strong>, kt\u00f3re w\u0142\u0105cz\u0105 mieszka\u0144c\u00f3w\/nki w konkretne dzia\u0142ania na rzecz ochrony klimatu i \u015brodowiska oraz poszerz\u0105 zakres edukacji ekologicznej na terenie miasta. Zorganizowali\u015bmy konsultacje dotycz\u0105ce tego pomys\u0142u, do kt\u00f3rych zaprosili\u015bmy przedstawicieli Urz\u0119du Miasta i w\u0142a\u015bcicieli planowanych lokalizacji. Pierwszy ogr\u00f3d powstanie we wsp\u00f3\u0142pracy z Gmin\u0105 Wyznaniow\u0105 \u017bydowsk\u0105 i Urz\u0119dem Miasta<strong> na nieu\u017cytku cmentarza \u017cydowskiego.<\/strong> Drugi ogr\u00f3d powstanie <strong>wok\u00f3\u0142 zabytkowej willi Galerii Bielskiej BWA<\/strong>, gdzie po\u0142\u0105czymy edukacj\u0119 ekologiczn\u0105 z dzia\u0142aniami artystycznymi. Przeprowadzimy <strong>warsztaty dla lokalnej spo\u0142eczno\u015bci<\/strong> z udzia\u0142em ekspert\u00f3w\/ek, aby wsp\u00f3lnie wypracowa\u0107 koncepcje obu przestrzeni. Zorganizujemy <strong>cykl zaj\u0119\u0107 dla m\u0142odzie\u017cy<\/strong> dotycz\u0105cych zmian klimatu i ochrony bior\u00f3\u017cnorodno\u015bci po\u0142\u0105czonej z pracami w obu ogrodach.<\/span><\/p>\n<p><span class=\"im\">Dodatkowo zorganizujemy <strong>wydarzenia edukacyjne dla mieszka\u0144c\u00f3w\/ek miasta<\/strong>, w ramach kt\u00f3rych zostan\u0105 posadzone ro\u015bliny i zbudowane schronienia dla zwierz\u0105t. Na podsumowanie, stworzymy <strong>film edukacyjny<\/strong> upowszechniaj\u0105cy rezultaty projektu oraz dobre praktyki zaanga\u017cowania mieszka\u0144c\u00f3w\/nek w proces tworzenia przyk\u0142adowych ogrod\u00f3w oraz dobre praktyki zaanga\u017cowania mieszka\u0144c\u00f3w\/nek w proces tworzenia przyk\u0142adowych ogrod\u00f3w oraz wsp\u00f3\u0142pracy miejskiej na rzecz adaptacji do zmian klimatu i ochrony r\u00f3\u017cnorodno\u015bci biologicznej.<\/span><\/p>\n<p>Prowadzone dzia\u0142ania \u0142\u0105czy\u0107 b\u0119d\u0105 edukacj\u0119 ekologiczn\u0105 z kultur\u0105, histori\u0105 i sztuk\u0105. Przyczyni\u0105 si\u0119 do poprawy zielono-b\u0142\u0119kitnej infrastruktury, kt\u00f3ra \u0142agodzi skutki zmian klimatu i wspiera bior\u00f3\u017cnorodno\u015b\u0107, integracji mieszka\u0144c\u00f3w wok\u00f3\u0142 przyrody i powo\u0142ania spo\u0142ecznych opiekun\u00f3w\/ek ogrod\u00f3w.<\/p>\n<p>Projekt b\u0119dzie wsparciem dla wdra\u017canego przez miasto Planu adaptacji do zmian klimatu. Wypracowanie w procesie partycypacyjnym za\u0142o\u017ce\u0144 i projektu ogrodu na nieu\u017cytku cmentarza zostanie uwzgl\u0119dnione w dokumentach planistycznych rozwoju zielono-b\u0142\u0119kitnej infrastruktury miasta. Stanie si\u0119 przyk\u0142adem poszanowania dziedzictwa kulturowego i wsp\u00f3\u0142pracy w zakresie unikalnym w skali kraju.<\/p>\n<p>Czas realizacji projektu: stycze\u0144 2021 &#8211; lipiec 2022<\/p>\n<p><span style=\"font-size: small;\"><strong><br \/>\nFot. Klub Gaja &#8211; Tajemniczy Ogr\u00f3d na nieu\u017cytku cmentarza \u017cydowskiego w Bielsku-Bia\u0142ej i ogr\u00f3d wok\u00f3\u0142 zabytkowej willi Galerii Bielskiej BWA<\/strong><\/span><\/p>\n\n<div class=\"ngg-galleryoverview ngg-slideshow\"\n\tid=\"ngg-slideshow-e3a7e32b8e4ee540d2ab886b3662ae14-11035720540\"\n\tdata-gallery-id=\"e3a7e32b8e4ee540d2ab886b3662ae14\"\n\tstyle=\"max-width: 600px;\n\t\t\tmax-height: 450px;\n\t\t\tdisplay: none;\">\n\n\t\n\t\t<a href=\"https:\/\/archiwum.swietodrzewa.pl\/wp-content\/gallery\/norweskie\/dsc02165.jpeg\"\n\t\t\ttitle=\"\"\n\t\t\tdata-src=\"https:\/\/archiwum.swietodrzewa.pl\/wp-content\/gallery\/norweskie\/dsc02165.jpeg\"\n\t\t\tdata-thumbnail=\"https:\/\/archiwum.swietodrzewa.pl\/wp-content\/gallery\/norweskie\/thumbs\/thumbs_dsc02165.jpeg\"\n\t\t\tdata-image-id=\"1955\"\n\t\t\tdata-title=\"dsc02165\"\n\t\t\tdata-description=\"\"\n\t\t\tclass=\"shutterset_e3a7e32b8e4ee540d2ab886b3662ae14\">\n\n\t\t\t<img data-image-id='1955'\n\t\t\t\ttitle=\"\"\n\t\t\t\talt=\"dsc02165\"\n\t\t\t\tsrc=\"https:\/\/archiwum.swietodrzewa.pl\/wp-content\/gallery\/norweskie\/dsc02165.jpeg\"\n\t\t\t\tstyle=\"max-height: 430px;\"\/>\n\t\t<\/a>\n\n\t\t\n\t\t<a href=\"https:\/\/archiwum.swietodrzewa.pl\/wp-content\/gallery\/norweskie\/dsc02162.jpeg\"\n\t\t\ttitle=\"\"\n\t\t\tdata-src=\"https:\/\/archiwum.swietodrzewa.pl\/wp-content\/gallery\/norweskie\/dsc02162.jpeg\"\n\t\t\tdata-thumbnail=\"https:\/\/archiwum.swietodrzewa.pl\/wp-content\/gallery\/norweskie\/thumbs\/thumbs_dsc02162.jpeg\"\n\t\t\tdata-image-id=\"1956\"\n\t\t\tdata-title=\"dsc02162\"\n\t\t\tdata-description=\"\"\n\t\t\tclass=\"shutterset_e3a7e32b8e4ee540d2ab886b3662ae14\">\n\n\t\t\t<img data-image-id='1956'\n\t\t\t\ttitle=\"\"\n\t\t\t\talt=\"dsc02162\"\n\t\t\t\tsrc=\"https:\/\/archiwum.swietodrzewa.pl\/wp-content\/gallery\/norweskie\/dsc02162.jpeg\"\n\t\t\t\tstyle=\"max-height: 430px;\"\/>\n\t\t<\/a>\n\n\t\t\n\t\t<a href=\"https:\/\/archiwum.swietodrzewa.pl\/wp-content\/gallery\/norweskie\/dsc02171.jpeg\"\n\t\t\ttitle=\"\"\n\t\t\tdata-src=\"https:\/\/archiwum.swietodrzewa.pl\/wp-content\/gallery\/norweskie\/dsc02171.jpeg\"\n\t\t\tdata-thumbnail=\"https:\/\/archiwum.swietodrzewa.pl\/wp-content\/gallery\/norweskie\/thumbs\/thumbs_dsc02171.jpeg\"\n\t\t\tdata-image-id=\"1957\"\n\t\t\tdata-title=\"dsc02171\"\n\t\t\tdata-description=\"\"\n\t\t\tclass=\"shutterset_e3a7e32b8e4ee540d2ab886b3662ae14\">\n\n\t\t\t<img data-image-id='1957'\n\t\t\t\ttitle=\"\"\n\t\t\t\talt=\"dsc02171\"\n\t\t\t\tsrc=\"https:\/\/archiwum.swietodrzewa.pl\/wp-content\/gallery\/norweskie\/dsc02171.jpeg\"\n\t\t\t\tstyle=\"max-height: 430px;\"\/>\n\t\t<\/a>\n\n\t\t\n\t\t<a href=\"https:\/\/archiwum.swietodrzewa.pl\/wp-content\/gallery\/norweskie\/dsc02208.jpeg\"\n\t\t\ttitle=\"\"\n\t\t\tdata-src=\"https:\/\/archiwum.swietodrzewa.pl\/wp-content\/gallery\/norweskie\/dsc02208.jpeg\"\n\t\t\tdata-thumbnail=\"https:\/\/archiwum.swietodrzewa.pl\/wp-content\/gallery\/norweskie\/thumbs\/thumbs_dsc02208.jpeg\"\n\t\t\tdata-image-id=\"1958\"\n\t\t\tdata-title=\"dsc02208\"\n\t\t\tdata-description=\"\"\n\t\t\tclass=\"shutterset_e3a7e32b8e4ee540d2ab886b3662ae14\">\n\n\t\t\t<img data-image-id='1958'\n\t\t\t\ttitle=\"\"\n\t\t\t\talt=\"dsc02208\"\n\t\t\t\tsrc=\"https:\/\/archiwum.swietodrzewa.pl\/wp-content\/gallery\/norweskie\/dsc02208.jpeg\"\n\t\t\t\tstyle=\"max-height: 430px;\"\/>\n\t\t<\/a>\n\n\t\t\n\t\t<a href=\"https:\/\/archiwum.swietodrzewa.pl\/wp-content\/gallery\/norweskie\/dsc02215.jpeg\"\n\t\t\ttitle=\"\"\n\t\t\tdata-src=\"https:\/\/archiwum.swietodrzewa.pl\/wp-content\/gallery\/norweskie\/dsc02215.jpeg\"\n\t\t\tdata-thumbnail=\"https:\/\/archiwum.swietodrzewa.pl\/wp-content\/gallery\/norweskie\/thumbs\/thumbs_dsc02215.jpeg\"\n\t\t\tdata-image-id=\"1959\"\n\t\t\tdata-title=\"dsc02215\"\n\t\t\tdata-description=\"\"\n\t\t\tclass=\"shutterset_e3a7e32b8e4ee540d2ab886b3662ae14\">\n\n\t\t\t<img data-image-id='1959'\n\t\t\t\ttitle=\"\"\n\t\t\t\talt=\"dsc02215\"\n\t\t\t\tsrc=\"https:\/\/archiwum.swietodrzewa.pl\/wp-content\/gallery\/norweskie\/dsc02215.jpeg\"\n\t\t\t\tstyle=\"max-height: 430px;\"\/>\n\t\t<\/a>\n\n\t\t\n\t\t<a href=\"https:\/\/archiwum.swietodrzewa.pl\/wp-content\/gallery\/norweskie\/bwa-1.jpg\"\n\t\t\ttitle=\"\"\n\t\t\tdata-src=\"https:\/\/archiwum.swietodrzewa.pl\/wp-content\/gallery\/norweskie\/bwa-1.jpg\"\n\t\t\tdata-thumbnail=\"https:\/\/archiwum.swietodrzewa.pl\/wp-content\/gallery\/norweskie\/thumbs\/thumbs_bwa-1.jpg\"\n\t\t\tdata-image-id=\"1960\"\n\t\t\tdata-title=\"bwa-1\"\n\t\t\tdata-description=\"\"\n\t\t\tclass=\"shutterset_e3a7e32b8e4ee540d2ab886b3662ae14\">\n\n\t\t\t<img data-image-id='1960'\n\t\t\t\ttitle=\"\"\n\t\t\t\talt=\"bwa-1\"\n\t\t\t\tsrc=\"https:\/\/archiwum.swietodrzewa.pl\/wp-content\/gallery\/norweskie\/bwa-1.jpg\"\n\t\t\t\tstyle=\"max-height: 430px;\"\/>\n\t\t<\/a>\n\n\t\t\n\t\t<a href=\"https:\/\/archiwum.swietodrzewa.pl\/wp-content\/gallery\/norweskie\/fot_2.jpg\"\n\t\t\ttitle=\"\"\n\t\t\tdata-src=\"https:\/\/archiwum.swietodrzewa.pl\/wp-content\/gallery\/norweskie\/fot_2.jpg\"\n\t\t\tdata-thumbnail=\"https:\/\/archiwum.swietodrzewa.pl\/wp-content\/gallery\/norweskie\/thumbs\/thumbs_fot_2.jpg\"\n\t\t\tdata-image-id=\"1961\"\n\t\t\tdata-title=\"fot_2\"\n\t\t\tdata-description=\"\"\n\t\t\tclass=\"shutterset_e3a7e32b8e4ee540d2ab886b3662ae14\">\n\n\t\t\t<img data-image-id='1961'\n\t\t\t\ttitle=\"\"\n\t\t\t\talt=\"fot_2\"\n\t\t\t\tsrc=\"https:\/\/archiwum.swietodrzewa.pl\/wp-content\/gallery\/norweskie\/fot_2.jpg\"\n\t\t\t\tstyle=\"max-height: 430px;\"\/>\n\t\t<\/a>\n\n\t\t\n\t\t<a href=\"https:\/\/archiwum.swietodrzewa.pl\/wp-content\/gallery\/norweskie\/bwa-2.jpg\"\n\t\t\ttitle=\"\"\n\t\t\tdata-src=\"https:\/\/archiwum.swietodrzewa.pl\/wp-content\/gallery\/norweskie\/bwa-2.jpg\"\n\t\t\tdata-thumbnail=\"https:\/\/archiwum.swietodrzewa.pl\/wp-content\/gallery\/norweskie\/thumbs\/thumbs_bwa-2.jpg\"\n\t\t\tdata-image-id=\"1962\"\n\t\t\tdata-title=\"bwa-2\"\n\t\t\tdata-description=\"\"\n\t\t\tclass=\"shutterset_e3a7e32b8e4ee540d2ab886b3662ae14\">\n\n\t\t\t<img data-image-id='1962'\n\t\t\t\ttitle=\"\"\n\t\t\t\talt=\"bwa-2\"\n\t\t\t\tsrc=\"https:\/\/archiwum.swietodrzewa.pl\/wp-content\/gallery\/norweskie\/bwa-2.jpg\"\n\t\t\t\tstyle=\"max-height: 430px;\"\/>\n\t\t<\/a>\n\n\t\t\n\t\t<a href=\"https:\/\/archiwum.swietodrzewa.pl\/wp-content\/gallery\/norweskie\/bwa-4.jpg\"\n\t\t\ttitle=\"\"\n\t\t\tdata-src=\"https:\/\/archiwum.swietodrzewa.pl\/wp-content\/gallery\/norweskie\/bwa-4.jpg\"\n\t\t\tdata-thumbnail=\"https:\/\/archiwum.swietodrzewa.pl\/wp-content\/gallery\/norweskie\/thumbs\/thumbs_bwa-4.jpg\"\n\t\t\tdata-image-id=\"1963\"\n\t\t\tdata-title=\"bwa-4\"\n\t\t\tdata-description=\"\"\n\t\t\tclass=\"shutterset_e3a7e32b8e4ee540d2ab886b3662ae14\">\n\n\t\t\t<img data-image-id='1963'\n\t\t\t\ttitle=\"\"\n\t\t\t\talt=\"bwa-4\"\n\t\t\t\tsrc=\"https:\/\/archiwum.swietodrzewa.pl\/wp-content\/gallery\/norweskie\/bwa-4.jpg\"\n\t\t\t\tstyle=\"max-height: 430px;\"\/>\n\t\t<\/a>\n\n\t\t<\/div>\n\n\n\n<h3><span style=\"font-size: small;\"><strong><a href=\"https:\/\/archiwum.swietodrzewa.pl\/wp-content\/uploads\/2022\/01\/Koncepcja-22-09-2021.pdf\"><span style=\"font-size: 14pt;\"><span style=\"font-size: 12pt;\"><span style=\"color: #ff6600;\">Zobacz projekt Tajemniczego Ogrodu&nbsp; jaki powsta\u0142 w trakcie otwartych warsztat\u00f3w projektowych&nbsp; &#8211; wersja pdf &gt;&gt;&gt;<\/span><\/span><\/span><\/a><\/strong><\/span><\/h3>\n<!-- default-view.php -->\n<div\n\tclass=\"ngg-galleryoverview default-view \n\t ngg-ajax-pagination-none\t\"\n\tid=\"ngg-gallery-8a497efa5d29088c6fd737735c9261a5-1\">\n\n\t\t<!-- Thumbnails -->\n\t\t\t\t<div id=\"ngg-image-0\" class=\"ngg-gallery-thumbnail-box \n\t\t\t\t\t\t\t\t\t\t\t\" \n\t\t\t>\n\t\t\t\t\t\t<div class=\"ngg-gallery-thumbnail\">\n\t\t\t<a href=\"https:\/\/archiwum.swietodrzewa.pl\/wp-content\/gallery\/tajemniczy-ogrod-projekt\/Koncepcja-Finalna.jpg\"\n\t\t\t\ttitle=\"\"\n\t\t\t\tdata-src=\"https:\/\/archiwum.swietodrzewa.pl\/wp-content\/gallery\/tajemniczy-ogrod-projekt\/Koncepcja-Finalna.jpg\"\n\t\t\t\tdata-thumbnail=\"https:\/\/archiwum.swietodrzewa.pl\/wp-content\/gallery\/tajemniczy-ogrod-projekt\/thumbs\/thumbs_Koncepcja-Finalna.jpg\"\n\t\t\t\tdata-image-id=\"2232\"\n\t\t\t\tdata-title=\"Koncepcja-Finalna\"\n\t\t\t\tdata-description=\"\"\n\t\t\t\tdata-image-slug=\"koncepcja-finalna\"\n\t\t\t\tclass=\"shutterset_8a497efa5d29088c6fd737735c9261a5\">\n\t\t\t\t<img\n\t\t\t\t\ttitle=\"Koncepcja-Finalna\"\n\t\t\t\t\talt=\"Koncepcja-Finalna\"\n\t\t\t\t\tsrc=\"https:\/\/archiwum.swietodrzewa.pl\/wp-content\/gallery\/tajemniczy-ogrod-projekt\/thumbs\/thumbs_Koncepcja-Finalna.jpg\"\n\t\t\t\t\twidth=\"100\"\n\t\t\t\t\theight=\"75\"\n\t\t\t\t\tstyle=\"max-width:100%;\"\n\t\t\t\t\/>\n\t\t\t<\/a>\n\t\t<\/div>\n\t\t\t\t\t\t\t<\/div> \n\t\t\t\n\t\t\t\t<div id=\"ngg-image-1\" class=\"ngg-gallery-thumbnail-box \n\t\t\t\t\t\t\t\t\t\t\t\" \n\t\t\t>\n\t\t\t\t\t\t<div class=\"ngg-gallery-thumbnail\">\n\t\t\t<a href=\"https:\/\/archiwum.swietodrzewa.pl\/wp-content\/gallery\/tajemniczy-ogrod-projekt\/Analiza-wiekowa.jpg\"\n\t\t\t\ttitle=\"\"\n\t\t\t\tdata-src=\"https:\/\/archiwum.swietodrzewa.pl\/wp-content\/gallery\/tajemniczy-ogrod-projekt\/Analiza-wiekowa.jpg\"\n\t\t\t\tdata-thumbnail=\"https:\/\/archiwum.swietodrzewa.pl\/wp-content\/gallery\/tajemniczy-ogrod-projekt\/thumbs\/thumbs_Analiza-wiekowa.jpg\"\n\t\t\t\tdata-image-id=\"2233\"\n\t\t\t\tdata-title=\"Analiza-wiekowa\"\n\t\t\t\tdata-description=\"\"\n\t\t\t\tdata-image-slug=\"analiza-wiekowa\"\n\t\t\t\tclass=\"shutterset_8a497efa5d29088c6fd737735c9261a5\">\n\t\t\t\t<img\n\t\t\t\t\ttitle=\"Analiza-wiekowa\"\n\t\t\t\t\talt=\"Analiza-wiekowa\"\n\t\t\t\t\tsrc=\"https:\/\/archiwum.swietodrzewa.pl\/wp-content\/gallery\/tajemniczy-ogrod-projekt\/thumbs\/thumbs_Analiza-wiekowa.jpg\"\n\t\t\t\t\twidth=\"100\"\n\t\t\t\t\theight=\"75\"\n\t\t\t\t\tstyle=\"max-width:100%;\"\n\t\t\t\t\/>\n\t\t\t<\/a>\n\t\t<\/div>\n\t\t\t\t\t\t\t<\/div> \n\t\t\t\n\t\t\t\t<div id=\"ngg-image-2\" class=\"ngg-gallery-thumbnail-box \n\t\t\t\t\t\t\t\t\t\t\t\" \n\t\t\t>\n\t\t\t\t\t\t<div class=\"ngg-gallery-thumbnail\">\n\t\t\t<a href=\"https:\/\/archiwum.swietodrzewa.pl\/wp-content\/gallery\/tajemniczy-ogrod-projekt\/Analiza-gatunkowa.jpg\"\n\t\t\t\ttitle=\"\"\n\t\t\t\tdata-src=\"https:\/\/archiwum.swietodrzewa.pl\/wp-content\/gallery\/tajemniczy-ogrod-projekt\/Analiza-gatunkowa.jpg\"\n\t\t\t\tdata-thumbnail=\"https:\/\/archiwum.swietodrzewa.pl\/wp-content\/gallery\/tajemniczy-ogrod-projekt\/thumbs\/thumbs_Analiza-gatunkowa.jpg\"\n\t\t\t\tdata-image-id=\"2234\"\n\t\t\t\tdata-title=\"Analiza-gatunkowa\"\n\t\t\t\tdata-description=\"\"\n\t\t\t\tdata-image-slug=\"analiza-gatunkowa\"\n\t\t\t\tclass=\"shutterset_8a497efa5d29088c6fd737735c9261a5\">\n\t\t\t\t<img\n\t\t\t\t\ttitle=\"Analiza-gatunkowa\"\n\t\t\t\t\talt=\"Analiza-gatunkowa\"\n\t\t\t\t\tsrc=\"https:\/\/archiwum.swietodrzewa.pl\/wp-content\/gallery\/tajemniczy-ogrod-projekt\/thumbs\/thumbs_Analiza-gatunkowa.jpg\"\n\t\t\t\t\twidth=\"100\"\n\t\t\t\t\theight=\"75\"\n\t\t\t\t\tstyle=\"max-width:100%;\"\n\t\t\t\t\/>\n\t\t\t<\/a>\n\t\t<\/div>\n\t\t\t\t\t\t\t<\/div> \n\t\t\t\n\t\t\t\t<div id=\"ngg-image-3\" class=\"ngg-gallery-thumbnail-box \n\t\t\t\t\t\t\t\t\t\t\t\" \n\t\t\t>\n\t\t\t\t\t\t<div class=\"ngg-gallery-thumbnail\">\n\t\t\t<a href=\"https:\/\/archiwum.swietodrzewa.pl\/wp-content\/gallery\/tajemniczy-ogrod-projekt\/Analiza-kompozycyjna.jpg\"\n\t\t\t\ttitle=\"\"\n\t\t\t\tdata-src=\"https:\/\/archiwum.swietodrzewa.pl\/wp-content\/gallery\/tajemniczy-ogrod-projekt\/Analiza-kompozycyjna.jpg\"\n\t\t\t\tdata-thumbnail=\"https:\/\/archiwum.swietodrzewa.pl\/wp-content\/gallery\/tajemniczy-ogrod-projekt\/thumbs\/thumbs_Analiza-kompozycyjna.jpg\"\n\t\t\t\tdata-image-id=\"2235\"\n\t\t\t\tdata-title=\"Analiza-kompozycyjna\"\n\t\t\t\tdata-description=\"\"\n\t\t\t\tdata-image-slug=\"analiza-kompozycyjna\"\n\t\t\t\tclass=\"shutterset_8a497efa5d29088c6fd737735c9261a5\">\n\t\t\t\t<img\n\t\t\t\t\ttitle=\"Analiza-kompozycyjna\"\n\t\t\t\t\talt=\"Analiza-kompozycyjna\"\n\t\t\t\t\tsrc=\"https:\/\/archiwum.swietodrzewa.pl\/wp-content\/gallery\/tajemniczy-ogrod-projekt\/thumbs\/thumbs_Analiza-kompozycyjna.jpg\"\n\t\t\t\t\twidth=\"100\"\n\t\t\t\t\theight=\"75\"\n\t\t\t\t\tstyle=\"max-width:100%;\"\n\t\t\t\t\/>\n\t\t\t<\/a>\n\t\t<\/div>\n\t\t\t\t\t\t\t<\/div> \n\t\t\t\n\t\t\t\t<div id=\"ngg-image-4\" class=\"ngg-gallery-thumbnail-box \n\t\t\t\t\t\t\t\t\t\t\t\" \n\t\t\t>\n\t\t\t\t\t\t<div class=\"ngg-gallery-thumbnail\">\n\t\t\t<a href=\"https:\/\/archiwum.swietodrzewa.pl\/wp-content\/gallery\/tajemniczy-ogrod-projekt\/Dyspozycja.jpg\"\n\t\t\t\ttitle=\"\"\n\t\t\t\tdata-src=\"https:\/\/archiwum.swietodrzewa.pl\/wp-content\/gallery\/tajemniczy-ogrod-projekt\/Dyspozycja.jpg\"\n\t\t\t\tdata-thumbnail=\"https:\/\/archiwum.swietodrzewa.pl\/wp-content\/gallery\/tajemniczy-ogrod-projekt\/thumbs\/thumbs_Dyspozycja.jpg\"\n\t\t\t\tdata-image-id=\"2236\"\n\t\t\t\tdata-title=\"Dyspozycja\"\n\t\t\t\tdata-description=\"\"\n\t\t\t\tdata-image-slug=\"dyspozycja\"\n\t\t\t\tclass=\"shutterset_8a497efa5d29088c6fd737735c9261a5\">\n\t\t\t\t<img\n\t\t\t\t\ttitle=\"Dyspozycja\"\n\t\t\t\t\talt=\"Dyspozycja\"\n\t\t\t\t\tsrc=\"https:\/\/archiwum.swietodrzewa.pl\/wp-content\/gallery\/tajemniczy-ogrod-projekt\/thumbs\/thumbs_Dyspozycja.jpg\"\n\t\t\t\t\twidth=\"100\"\n\t\t\t\t\theight=\"75\"\n\t\t\t\t\tstyle=\"max-width:100%;\"\n\t\t\t\t\/>\n\t\t\t<\/a>\n\t\t<\/div>\n\t\t\t\t\t\t\t<\/div> \n\t\t\t\n\t\n\t<br style=\"clear: both\" \/>\n\n\t\n\t\t<!-- Pagination -->\n\t\t<div class='ngg-clear'><\/div>\t<\/div>\n\n<h5>&nbsp;<\/h5>\n<p><!--more-->AKTUALNO\u015aCI<\/p>\n<p><a href=\"https:\/\/archiwum.swietodrzewa.pl\/?p=12953\">Ogrody dla klimatu &gt;&gt;&gt;<\/a><br \/>\n<a href=\"https:\/\/archiwum.swietodrzewa.pl\/?p=12970\">Inauguracja projektu &#8222;\u015awi\u0119to Drzewa &#8211; ogrody dla klimatu&#8221; &gt;&gt;&gt;<\/a><br \/>\n<a href=\"https:\/\/archiwum.swietodrzewa.pl\/wp-content\/uploads\/2021\/06\/tajemniczy_ogrod.pdf\">Warsztaty Tajemniczy Ogr\u00f3d &gt;&gt;&gt;<\/a><br \/>\n<a href=\"https:\/\/archiwum.swietodrzewa.pl\/?p=13027\">Ruszaj\u0105 prace w ogrodach dla klimatu! &gt;&gt;&gt;<\/a><br \/>\n<a href=\"https:\/\/archiwum.swietodrzewa.pl\/?p=13085\">Ogr\u00f3d dla klimatu w Willi Sixta Galerii Bielskiej BWA &gt;&gt;&gt;<\/a><br \/>\n<a href=\"https:\/\/archiwum.swietodrzewa.pl\/?p=13128\">Wydarzenie edukacyjne w Tajemniczym Ogrodzie &gt;&gt;&gt;<\/a><br \/>\n<a href=\"https:\/\/archiwum.swietodrzewa.pl\/?p=13025\">Tajemniczy ogr\u00f3d &#8211; otwarte warsztaty projektowe &gt;&gt;&gt;<\/a><br \/>\n<a href=\"https:\/\/archiwum.swietodrzewa.pl\/?p=13294\">Tajemniczy ogr\u00f3d &#8211; podsumowanie otwartych warsztat\u00f3w projektowych &gt;&gt;&gt;<\/a><br \/>\n<a href=\"https:\/\/archiwum.swietodrzewa.pl\/?p=13764\">Spo\u0142eczni opiekunowie Tajemniczego Ogrodu &gt;&gt;&gt;<\/a><br \/>\n<a href=\"https:\/\/archiwum.swietodrzewa.pl\/?p=14224\">Opiekunowie ogrod\u00f3w ruszyli do prac &gt;&gt;&gt;<\/a><br \/>\n<a href=\"https:\/\/archiwum.swietodrzewa.pl\/?p=14246\">Wiosna w Tajemniczym Ogrodzie &gt;&gt;&gt;<\/a><br \/>\n<a href=\"https:\/\/archiwum.swietodrzewa.pl\/?p=14268\">Wydarzenia edukacyjne w Tajemniczym Ogrodzie &gt;&gt;&gt;<\/a><br \/>\n<a href=\"https:\/\/archiwum.swietodrzewa.pl\/?p=14340\">Konferencja \u201e\u015awi\u0119to Drzewa \u2013 ogrody dla klimatu\u201d&gt;&gt;&gt;<\/a><br \/>\n<a href=\"https:\/\/archiwum.swietodrzewa.pl\/?p=14402\">Ogrody dla klimaty podsumowane &gt;&gt;&gt;<\/a><\/p>\n<p><strong><a href=\"https:\/\/youtu.be\/MGYsZeWAV8o\">ZOBACZ FILM Z REALIZACJI PROJEKTU&nbsp; &gt;&gt;<\/a><\/strong><\/p>\n<h5>&nbsp;<\/h5>\n<p><!--more--><\/p>\n<p><strong>PODCAST &#8222;ROZMOWY Z BO\u017bKIEM&#8221;<\/strong><\/p>\n<h5><a href=\"https:\/\/archiwum.swietodrzewa.pl\/?p=13755\">Pos\u0142uchaj podcastu &#8222;Rozmowy z Bo\u017ckiem&#8221; &gt;&gt;&gt;<\/a><br \/>\n<a href=\"https:\/\/archiwum.swietodrzewa.pl\/?p=13796\">&#8222;Rozmowy z Bo\u017ckiem&#8221; o mocy poca\u0142unku foki &gt;&gt;&gt;<\/a><br \/>\n<a href=\"https:\/\/archiwum.swietodrzewa.pl\/?p=13875\">Pos\u0142uchaj rozmowy o \u0142\u0105kach &gt;&gt;&gt;<\/a><br \/>\n<a href=\"https:\/\/archiwum.swietodrzewa.pl\/?p=13896\">Rozmowa z Ew\u0105 Ciepielewsk\u0105 o Wi\u015ble &gt;&gt;&gt;<\/a><br \/>\n<a href=\"https:\/\/open.spotify.com\/episode\/1Gpwkw4EonR51vMPme9RvU\"><strong>Rozmowa z Jackiem Jakubowskim o \u015bwiadomo\u015bci, oderwaniu i byciu, unikaniu szko\u0142y ucz\u0105cej nudy, mentoringu pokory i micie \u201e\u017ce, kiedy\u015b by\u0142o lepiej\u201d<\/strong> &gt;&gt;&gt;<\/a><br \/>\n<a href=\"https:\/\/archiwum.swietodrzewa.pl\/?p=14023\">\u017byj i pracuj ekologicznie, i \u015bwiadomie &#8211; rozmowa z Juli\u0105 Mafald\u0105 &gt;&gt;&gt;<\/a><br \/>\n<a href=\"https:\/\/archiwum.swietodrzewa.pl\/?p=14062\">Pos\u0142uchaj rozmowy z Bart\u0142omiejem Top\u0105 &gt;&gt;&gt;<\/a><br \/>\n<a href=\"https:\/\/archiwum.swietodrzewa.pl\/?p=14098\">Rozmowa z Ma\u0142gorzat\u0105 Czy\u017cewsk\u0105 &gt;&gt;&gt;<\/a><br \/>\n<a href=\"https:\/\/archiwum.swietodrzewa.pl\/?p=14106\">&#8222;Rozmowy z Bo\u017ckiem&#8221; &#8211; pos\u0142uchaj podcastu! &gt;&gt;&gt;<\/a><br \/>\n<a href=\"https:\/\/open.spotify.com\/episode\/3LTW3jH0UFxzvssoECcVQa\">O sensie \u017cycia i modelach przetrwania&#8221; &gt;&gt;&gt;<\/a><br \/>\n<a href=\"https:\/\/archiwum.swietodrzewa.pl\/?p=14149\">W Europie jest wi\u0119cej egzotycznych gatunk\u00f3w \u017cab ni\u017c w Amazonii! &gt;&gt;<\/a><br \/>\n<a href=\"https:\/\/archiwum.swietodrzewa.pl\/?p=14166\">&#8222;Rozmowy z Bo\u017ckiem&#8221; z Cecyli\u0105 Malik &gt;&gt;<\/a><br \/>\n<a href=\"https:\/\/archiwum.swietodrzewa.pl\/?p=14202\">Pos\u0142uchaj rozmowy z Kamilem D\u0105brow\u0105 &gt;&gt;&gt;<\/a><br \/>\n<a href=\"https:\/\/archiwum.swietodrzewa.pl\/?p=14211\">O zmianie spo\u0142ecznej i Fundacji Ashoka &gt;&gt;&gt;<\/a><br \/>\n<a href=\"https:\/\/archiwum.swietodrzewa.pl\/?p=14254\">O tw\u00f3rczym \u017cyciu &#8211; pos\u0142uchaj &#8222;Rozmowy z Bo\u017ckiem&#8221; &gt;&gt;&gt;<\/a><br \/>\n<a href=\"https:\/\/archiwum.swietodrzewa.pl\/?p=14261\">O wolnej szkole &gt;&gt;&gt;<\/a><br \/>\n<a href=\"https:\/\/archiwum.swietodrzewa.pl\/?p=14323\">Jak wykarmi\u0107 \u015bwiat? &gt;&gt;&gt;<\/a><br \/>\n<a href=\"https:\/\/archiwum.swietodrzewa.pl\/?p=14352\">Polityka jest wa\u017cna &gt;&gt;&gt;<\/a><br \/>\n<a href=\"https:\/\/archiwum.swietodrzewa.pl\/?p=14372\">W poszukiwaniu wolno\u015bci &gt;&gt;&gt;<\/a><\/h5>\n<p>_______________________________________________________________________________________<\/p>\n<p>Projekt &#8222;\u015awi\u0119to Drzewa &#8211; ogrody dla klimatu&#8221; realizowany jest z dotacji programu Aktywni Obywatele &#8211; Fundusz Krajowy, finansowanego przez Islandi\u0119, Liechtenstein i Norwegi\u0119 w ramach&nbsp; Funduszy EOG.<\/p>\n<p><a href=\"https:\/\/archiwum.swietodrzewa.pl\/wp-content\/uploads\/2021\/04\/active-citizens-fund-4x.png\"><img loading=\"lazy\" class=\"alignleft size-medium wp-image-12821\" src=\"https:\/\/archiwum.swietodrzewa.pl\/wp-content\/uploads\/2021\/04\/active-citizens-fund-4x-300x105.png\" alt=\"\" width=\"300\" height=\"105\" srcset=\"https:\/\/archiwum.swietodrzewa.pl\/wp-content\/uploads\/2021\/04\/active-citizens-fund-4x-300x105.png 300w, https:\/\/archiwum.swietodrzewa.pl\/wp-content\/uploads\/2021\/04\/active-citizens-fund-4x-1024x359.png 1024w, https:\/\/archiwum.swietodrzewa.pl\/wp-content\/uploads\/2021\/04\/active-citizens-fund-4x-768x270.png 768w, https:\/\/archiwum.swietodrzewa.pl\/wp-content\/uploads\/2021\/04\/active-citizens-fund-4x-1536x539.png 1536w, https:\/\/archiwum.swietodrzewa.pl\/wp-content\/uploads\/2021\/04\/active-citizens-fund-4x-2048x719.png 2048w\" sizes=\"(max-width: 300px) 100vw, 300px\" \/><\/a><\/p>\n<p>&nbsp;<\/p>\n<p>&nbsp;<\/p>\n<p>&nbsp;<\/p>\n<p>&nbsp;<\/p>\n<p><a href=\"https:\/\/archiwum.swietodrzewa.pl\/wp-content\/uploads\/2021\/05\/4-loga_11.jpg\"><img loading=\"lazy\" class=\"alignleft wp-image-12938\" src=\"https:\/\/archiwum.swietodrzewa.pl\/wp-content\/uploads\/2021\/05\/4-loga_11-300x44.jpg\" alt=\"\" width=\"532\" height=\"78\" srcset=\"https:\/\/archiwum.swietodrzewa.pl\/wp-content\/uploads\/2021\/05\/4-loga_11-300x44.jpg 300w, https:\/\/archiwum.swietodrzewa.pl\/wp-content\/uploads\/2021\/05\/4-loga_11-1024x150.jpg 1024w, https:\/\/archiwum.swietodrzewa.pl\/wp-content\/uploads\/2021\/05\/4-loga_11-768x112.jpg 768w, https:\/\/archiwum.swietodrzewa.pl\/wp-content\/uploads\/2021\/05\/4-loga_11.jpg 1198w\" sizes=\"(max-width: 532px) 100vw, 532px\" \/><\/a><\/p>\n","protected":false},"excerpt":{"rendered":"<p>Projekt po\u015bwi\u0119cony edukacji nt. ochrony klimatu i \u015brodowiska popartej realnym dzia\u0142aniem &#8211; za\u0142o\u017ceniem ogrod\u00f3w edukacyjnych: adaptacji nieu\u017cytku niegrzebalnej cz\u0119\u015bci cmentarza \u017cydowskiego i ogrodu galerii sztuki w Bielsku-Bia\u0142ej przy zaanga\u017cowaniu mieszka\u0144c\u00f3w\/ek, w tym m\u0142odzie\u017cy oraz gminy \u017cydowskiej, instytucji, szk\u00f3\u0142, organizacji i samorz\u0105du. Raport Mi\u0119dzynarodowego Panelu ds. Zmiany Klimatu wskazuje, \u017ce kryzys klimatyczny stanowi zagro\u017cenie dla spo\u0142ecznego [&hellip;]<\/p>\n","protected":false},"author":3,"featured_media":0,"parent":8,"menu_order":0,"comment_status":"closed","ping_status":"closed","template":"","meta":{"ngg_post_thumbnail":0},"_links":{"self":[{"href":"https:\/\/archiwum.swietodrzewa.pl\/index.php?rest_route=\/wp\/v2\/pages\/12741"}],"collection":[{"href":"https:\/\/archiwum.swietodrzewa.pl\/index.php?rest_route=\/wp\/v2\/pages"}],"about":[{"href":"https:\/\/archiwum.swietodrzewa.pl\/index.php?rest_route=\/wp\/v2\/types\/page"}],"author":[{"embeddable":true,"href":"https:\/\/archiwum.swietodrzewa.pl\/index.php?rest_route=\/wp\/v2\/users\/3"}],"replies":[{"embeddable":true,"href":"https:\/\/archiwum.swietodrzewa.pl\/index.php?rest_route=%2Fwp%2Fv2%2Fcomments&post=12741"}],"version-history":[{"count":101,"href":"https:\/\/archiwum.swietodrzewa.pl\/index.php?rest_route=\/wp\/v2\/pages\/12741\/revisions"}],"predecessor-version":[{"id":14414,"href":"https:\/\/archiwum.swietodrzewa.pl\/index.php?rest_route=\/wp\/v2\/pages\/12741\/revisions\/14414"}],"up":[{"embeddable":true,"href":"https:\/\/archiwum.swietodrzewa.pl\/index.php?rest_route=\/wp\/v2\/pages\/8"}],"wp:attachment":[{"href":"https:\/\/archiwum.swietodrzewa.pl\/index.php?rest_route=%2Fwp%2Fv2%2Fmedia&parent=12741"}],"curies":[{"name":"wp","href":"https:\/\/api.w.org\/{rel}","templated":true}]}}