{"id":14422,"date":"2022-09-05T11:18:31","date_gmt":"2022-09-05T09:18:31","guid":{"rendered":"https:\/\/swietodrzewa.pl\/?page_id=14422"},"modified":"2023-08-10T11:30:27","modified_gmt":"2023-08-10T09:30:27","slug":"drzewo-roku-2022","status":"publish","type":"page","link":"https:\/\/archiwum.swietodrzewa.pl\/?page_id=14422","title":{"rendered":"Drzewo Roku 2022"},"content":{"rendered":"<h1 class=\"entry-title\">D\u0105b Fabrykant z \u0141odzi zosta\u0142 Drzewem Roku 2022!<\/h1>\n<div class=\"entry-content\">\n<p><strong>Tegoroczn\u0105 edycj\u0119 konkursu Drzewo Roku Klubu Gaja wygra\u0142 D\u0105b Fabrykant z \u0141odzi zdobywaj\u0105c 5559 g\u0142os\u00f3w internaut\u00f3w! <\/strong><strong>To jedno z najbardziej oryginalnych drzew w Polsce i wizyt\u00f3wka miasta. Jeden z jego konar\u00f3w ma esowaty kszta\u0142t i d\u0142ugo\u015b\u0107 ponad 20 metr\u00f3w, co robi niesamowite wra\u017cenie na przechodniach. Wiosn\u0105 ka\u017cdego roku przyci\u0105ga do siebie t\u0142umy ludzi chc\u0105cych ogl\u0105da\u0107 jego majestat zatopiony w morzu b\u0142\u0119kitnych kwiat\u00f3w \u015bnie\u017cnik\u00f3w i cebulic. <\/strong><strong>W lutym 2023 roku D\u0105b Fabrykant b\u0119dzie reprezentowa\u0142 Polsk\u0119 w mi\u0119dzynarodowym plebiscycie Europejskie Drzewo Roku!<\/strong><span id=\"more-14363\"><\/span><\/p>\n<p>Przez ca\u0142y czerwiec trwa\u0142o g\u0142osowanie internaut\u00f3w na Drzewo Roku 2022. O ten zaszczytny tytu\u0142 walczy\u0142o 16 drzew z ca\u0142ej Polski, kt\u00f3re znalaz\u0142y si\u0119 w finale konkursu Klubu Gaja. Ostatecznie pewnie zwyci\u0119\u017cy\u0142 180-letni <strong>D\u0105b Fabrykant z \u0141odzi <\/strong>uzyskuj\u0105c 5559 g\u0142os\u00f3w internaut\u00f3w. Niewiele mniej, bo 4538 g\u0142os\u00f3w zdoby\u0142a <strong>Stra\u017cniczka Mi\u0142osnej Historii z Bie\u0144kowic w woj. ma\u0142opolskim,&nbsp; <\/strong>dzi\u0119ki czemu zaj\u0119\u0142a drugie miejsce. Jako trzecia na podium znalaz\u0142a <strong>si\u0119 Lipa prof. Szafera w Broniszowie w woj. podkarpackim<\/strong> z sum\u0105 1393 g\u0142os\u00f3w. Podczas g\u0142osowania internauci oddali <strong>20 801 wa\u017cnych g\u0142os\u00f3w<\/strong>. Na stronie plebiscytu <a href=\"http:\/\/www.drzeworoku.pl\">www.drzeworoku.pl<\/a> odnotowano ponad <strong>100 tysi\u0119cy ods\u0142on.&nbsp; <\/strong><\/p>\n<p>Statuetka Drzewa Roku 2022 trafi w r\u0119ce Przemys\u0142awa Bartosa \u2013 autora bloga \u201ePrzyroda dla Sosnowca\u201d, kt\u00f3ry zg\u0142osi\u0142 drzewo do konkursu, a tak\u017ce do przedstawicieli Miasta \u0141\u00f3d\u017a. Wszyscy finali\u015bci konkursu otrzymaj\u0105 pami\u0105tkowe dyplomy. Wr\u0119czenie nagr\u00f3d odb\u0119dzie si\u0119 10 pa\u017adziernika 2022 roku w Warszawie podczas inauguracji 20. edycji programu \u015awi\u0119to Drzewa Klubu Gaja.<\/p>\n<p><strong>Przemys\u0142aw Bartos<\/strong>, kt\u00f3ry zg\u0142osi\u0142 drzewo do konkursu, tak skomentowa\u0142 zwyci\u0119stwo \u2013 \u201eJestem niezwykle szcz\u0119\u015bliwy, \u017ce Fabrykant zdoby\u0142 tytu\u0142 Drzewa Roku 2022. Pokazuje to, \u017ce szacunek i podziw dla przyrody nie maj\u0105 granic. Mieszkaj\u0105c w Sosnowcu i promuj\u0105c drzewo z \u0141odzi udowadniam, \u017ce przyjaciele drzew mog\u0105 mie\u0107 wsp\u00f3lny cel i potrafi\u0105 si\u0119 jednoczy\u0107. Fabrykant to majestatyczne drzewo, kt\u00f3re od dzisiaj staje si\u0119 symbolem jedno\u015bci, walki o \u015brodowisko i przyja\u017ani ludzi z r\u00f3\u017cnych zak\u0105tk\u00f3w&nbsp;Polski i \u015bwiata.\u201d<\/p>\n<p><strong>Jolanta Migda\u0142<\/strong>, koordynatorka konkursu Drzewo Roku Klubu Gaja doda\u0142a \u2013 \u201eSerdecznie gratulujemy zwyci\u0119zcom i wszystkim uczestnikom tegorocznego Drzewa Roku za wspania\u0142\u0105 rywalizacj\u0119! Cieszymy si\u0119, \u017ce dzi\u0119ki konkursowi co roku mo\u017cemy prezentowa\u0107 kolejne niezwyk\u0142e drzewa, kt\u00f3re s\u0105 cz\u0119\u015bci\u0105 lokalnej spo\u0142eczno\u015bci i u\u015bwiadamiaj\u0105 nam jak wa\u017cna jest przyroda w naszym \u017cyciu. Mam nadziej\u0119, \u017ce historie konkursowych drzew zostan\u0105 z nami na d\u0142u\u017cej, ucz\u0105c nas szacunku do otaczaj\u0105cej przyrody, a tak\u017ce inspiruj\u0105c nas do podejmowania odpowiedzialnych dzia\u0142a\u0144 w celu jej ochrony.\u201d<\/p>\n<p><u>Laureaci konkursu Drzewo Roku 2022<\/u><\/p>\n<p><strong><img loading=\"lazy\" class=\"alignleft size-medium wp-image-14369\" src=\"https:\/\/archiwum.swietodrzewa.pl\/wp-content\/uploads\/2022\/07\/4_4-300x201.jpg\" sizes=\"(max-width: 300px) 100vw, 300px\" srcset=\"https:\/\/archiwum.swietodrzewa.pl\/wp-content\/uploads\/2022\/07\/4_4-300x201.jpg 300w, https:\/\/archiwum.swietodrzewa.pl\/wp-content\/uploads\/2022\/07\/4_4-1024x686.jpg 1024w, https:\/\/archiwum.swietodrzewa.pl\/wp-content\/uploads\/2022\/07\/4_4-768x514.jpg 768w, https:\/\/archiwum.swietodrzewa.pl\/wp-content\/uploads\/2022\/07\/4_4-272x182.jpg 272w, https:\/\/archiwum.swietodrzewa.pl\/wp-content\/uploads\/2022\/07\/4_4.jpg 1287w\" alt=\"\" width=\"300\" height=\"201\"\/>Zdobywca tytu\u0142u Drzewa Roku 2022 \u2013 <\/strong><strong>D\u0105b Fabrykant w \u0141odzi&nbsp;<\/strong><\/p>\n<p><em>d\u0105b szypu\u0142kowy, wiek 180 lat, wys. ok. 22,5 m, obw\u00f3d 458 cm, pomnik przyrody. Zg\u0142oszony przez Przemys\u0142awa Bartosa (Przyroda dla Sosnowca).<\/em><\/p>\n<p>Fabrykant, nazywany r\u00f3wnie\u017c Jagoszem ro\u015bnie w \u0142\u00f3dzkim parku im. ks. bp. Micha\u0142a Klepacza. Jest to jedno z najbardziej oryginalnych drzew w Polsce i wizyt\u00f3wka \u0141odzi. Wiosn\u0105 ka\u017cdego roku przyci\u0105ga do siebie t\u0142umy ludzi, kt\u00f3rzy chc\u0105 ogl\u0105da\u0107 jego majestat zatopiony w morzu b\u0142\u0119kitnych kwiat\u00f3w \u015bnie\u017cnik\u00f3w i cebulic. Podw\u00f3jne nazewnictwo drzewa odnosi si\u0119 do przemys\u0142owej historii \u0141odzi, a tak\u017ce ma upami\u0119tnia\u0107 wybitnego animatora kultury \u0142\u00f3dzkiej. Pierwsz\u0105 nazw\u0119 (Fabrykant) zaproponowa\u0142 biolog, profesor Jan Teofil Sici\u0144ski z Wydzia\u0142u Biologii i Ochrony \u015arodowiska Uniwersytetu \u0141\u00f3dzkiego. Natomiast druga nazwa \u2013 Jagosz, by\u0142 to uk\u0142on w stron\u0119 Mieczys\u0142awa Jagoszewskiego, dziennikarza Ekspresu Ilustrowanego oraz Dziennika \u0141\u00f3dzkiego, b\u0119d\u0105cego propagatorem turystyki i krajoznawstwa na ziemi \u0142\u00f3dzkiej oraz wsp\u00f3\u0142za\u0142o\u017cycielem Towarzystwa Przyjaci\u00f3\u0142 \u0141odzi. Wsp\u00f3\u0142cze\u015bnie d\u0105b przyci\u0105ga odwiedzaj\u0105cych z kilku powod\u00f3w. Przede wszystkim zachwyca jego unikatowa budowa. Jeden z konar\u00f3w ma esowaty kszta\u0142t i d\u0142ugo\u015b\u0107 ponad 20 metr\u00f3w. Ten poziomy konar powoduje, \u017ce szeroko\u015b\u0107 korony Fabrykanta osi\u0105gn\u0119\u0142a imponuj\u0105c\u0105 warto\u015b\u0107 ponad 33 metr\u00f3w. Przy d\u0119bie zainstalowano o\u015bwietlenie.<\/p>\n<p><img loading=\"lazy\" class=\"alignleft size-medium wp-image-14364\" src=\"https:\/\/archiwum.swietodrzewa.pl\/wp-content\/uploads\/2022\/07\/12-300x201.jpg\" sizes=\"(max-width: 300px) 100vw, 300px\" srcset=\"https:\/\/archiwum.swietodrzewa.pl\/wp-content\/uploads\/2022\/07\/12-300x201.jpg 300w, https:\/\/archiwum.swietodrzewa.pl\/wp-content\/uploads\/2022\/07\/12-1024x686.jpg 1024w, https:\/\/archiwum.swietodrzewa.pl\/wp-content\/uploads\/2022\/07\/12-768x514.jpg 768w, https:\/\/archiwum.swietodrzewa.pl\/wp-content\/uploads\/2022\/07\/12-272x182.jpg 272w, https:\/\/archiwum.swietodrzewa.pl\/wp-content\/uploads\/2022\/07\/12.jpg 1287w\" alt=\"\" width=\"300\" height=\"201\"\/>2. miejsce w konkursie \u2013 <strong>Stra\u017cniczka Mi\u0142osnej Historii<\/strong><strong>w Bie\u0144kowicach <\/strong><strong>(<\/strong><strong>gmina Drwinia, woj. ma\u0142opolskie) <\/strong><\/p>\n<p><em>lipa drobnolistna, wiek ok. 380 lat, wys. 25 m, obw\u00f3d 756 cm, pomnik przyrody. Zg\u0142oszona przez Starostwo Powiatowe w Bochni.<\/em><\/p>\n<p>Lipa jest \u015bwiadkiem wielowiekowej historii maj\u0105tku, kt\u00f3ry niegdy\u015b nale\u017ca\u0142 do d\u00f3br kr\u00f3lowej Bony, a potem zwi\u0105zany by\u0142 z przedstawicielami wielu szlacheckich i magnackich rod\u00f3w, m.in. Boner\u00f3w, Zamojskich i T\u0119goborskich. Ostatnimi w\u0142a\u015bcicielami maj\u0105tku byli Jasi\u0144scy. Z ich rodem zwi\u0105zane jest tragiczne wydarzenie, kt\u00f3re okry\u0142o dw\u00f3r nimbem niesamowito\u015bci, a lipa sta\u0142a si\u0119 stra\u017cniczk\u0105 mi\u0142osnej historii. W 1937 roku \u00f3wczesny w\u0142a\u015bciciel, niespe\u0142na trzydziestoletni Zbigniew Jasi\u0144ski, \u015bmiertelnie si\u0119 postrzeli\u0142. Miejscowa legenda g\u0142osi, \u017ce by\u0142 nieszcz\u0119\u015bliwie zakochany. W dniu \u015bmierci sprowadzi\u0142 muzykant\u00f3w, kt\u00f3rym w cieniu lipy kaza\u0142 gra\u0107 religijne pie\u015bni. W\u0142a\u015bnie w\u00f3wczas we dworze rozleg\u0142 si\u0119 nieszcz\u0119\u015bliwy strza\u0142. Od tego czasu nocami da\u0142o si\u0119 w nim s\u0142ysze\u0107 brz\u0119k t\u0142uczonego szk\u0142a i przestawianych mebli, widziano nawet posta\u0107 zmar\u0142ego panicza. Na pro\u015bb\u0119 matki Zbigniewa odprawiano egzorcyzmy, po kt\u00f3rych dopiero przesta\u0142o straszy\u0107. Po II wojnie \u015bwiatowej dw\u00f3r stopniowo podupada\u0142, a\u017c do ca\u0142kowitej ruiny. Dzisiaj dzi\u0119ki odbudowie miejsce to na nowo od\u017cy\u0142o, a pot\u0119\u017cna lipa zn\u00f3w zachwyca swym urokiem. Coraz cz\u0119\u015bciej staje si\u0119 wa\u017cnym pi\u0119knym elementem sesji fotograficznych. Wr\u00f3ci\u0142a te\u017c dawna tradycja koncert\u00f3w pod lip\u0105.<\/p>\n<p><strong><img loading=\"lazy\" class=\"alignleft size-medium wp-image-14365\" src=\"https:\/\/archiwum.swietodrzewa.pl\/wp-content\/uploads\/2022\/07\/13-300x201.jpg\" sizes=\"(max-width: 300px) 100vw, 300px\" srcset=\"https:\/\/archiwum.swietodrzewa.pl\/wp-content\/uploads\/2022\/07\/13-300x201.jpg 300w, https:\/\/archiwum.swietodrzewa.pl\/wp-content\/uploads\/2022\/07\/13-1024x686.jpg 1024w, https:\/\/archiwum.swietodrzewa.pl\/wp-content\/uploads\/2022\/07\/13-768x514.jpg 768w, https:\/\/archiwum.swietodrzewa.pl\/wp-content\/uploads\/2022\/07\/13-272x182.jpg 272w, https:\/\/archiwum.swietodrzewa.pl\/wp-content\/uploads\/2022\/07\/13.jpg 1287w\" alt=\"\" width=\"300\" height=\"201\"\/>3. miejsce w konkursie \u2013<\/strong> <strong>Lipa prof. Szafera w Broniszowie <\/strong><strong>(gmina Wielopole Skrzy\u0144skie, woj. podkarpackie)<\/strong><\/p>\n<p><em>lipa szerokolistna, wiek ok. 500 lat, wys. 26 m, obw\u00f3d 785 cm, pomnik przyrody. Zg\u0142oszona przez Urz\u0105d Gminy Wielopole Skrzy\u0144skie.<\/em><\/p>\n<p>Lipa od blisko pi\u0119ciu wiek\u00f3w jest per\u0142\u0105 parku podworskiego w Broniszewie. Polski botanik i profesor Uniwersytetu Jagiello\u0144skiego W\u0142adys\u0142aw Szafer aktywnie zabiega\u0142 o jej ochron\u0119, dlatego nazywana jest jego imieniem. Lipa by\u0142a przez wieki \u015bwiadkiem wielu tragicznych i wznios\u0142ych wydarze\u0144 z historii wsi i jej mieszka\u0144c\u00f3w. Przez lata posiad\u0142o\u015b\u0107 dworska zmienia\u0142a swoich w\u0142a\u015bcicieli. Maj\u0105tek stanowi\u0142 r\u00f3wnie\u017c w\u0142asno\u015b\u0107 Jerzego Fiericha \u2013 profesora UJ, kt\u00f3ry by\u0142 jej w\u0142a\u015bcicielem a\u017c do 1944 roku. Dw\u00f3r wraz z otaczaj\u0105cym go parkiem stanowi\u0142 wtedy o\u015brodek \u017cycia intelektualnego i kulturalnego dla odwiedzaj\u0105cych. Otoczenie sprzyja\u0142o pracy tw\u00f3rczej, a w czasie okupacji ukrywali si\u0119 tu profesorowie uniwersytetu. Obecnie park odwiedzany jest przez licznych mieszka\u0144c\u00f3w i turyst\u00f3w. Stanowi te\u017c wa\u017cny element krajobrazowy miejscowo\u015bci.<\/p>\n<p><strong>G\u0142osy oddane na pozosta\u0142ych finalist\u00f3w konkursu:<\/strong><\/p>\n<ul>\n<li>Lipa Wiktoria w Wojkowicach \u2013 1393<\/li>\n<li>D\u0105b Niepodleg\u0142o\u015bci w Pu\u0142awach \u2013 1295<\/li>\n<li>Matka Lasu w Ch\u0142opowie \u2013 1055<\/li>\n<li>Jab\u0142o\u0144 Felicja w D\u0142ugiem \u2013 941<\/li>\n<li>Klon Jawor w Karczewie \u2013 792<\/li>\n<li>Lipa w Zakopanem \u2013 616<\/li>\n<li>D\u0105b Chrze\u015bcijanin w Januszkowicach \u2013 516<\/li>\n<li>D\u0105b Johannes Maleus alians Kanthy w Malcu \u2013 449&nbsp;&nbsp;&nbsp;<\/li>\n<li>D\u0105b Jan w Rogowie \u2013 405<\/li>\n<li>Wi\u0105z Taczanowskiego w Lutomiersku \u2013 395<\/li>\n<li>D\u0105b Opiekun w Milan\u00f3wku \u2013 331<\/li>\n<li>Klon Tadeusz w Zawierciu \u2013 314<\/li>\n<li>D\u0105b Pras\u0142aw w Prusinowicach \u2013 268<\/li>\n<\/ul>\n<p>Organizowany od 12. lat <a href=\"https:\/\/archiwum.swietodrzewa.pl\/?page_id=1673\">Konkurs Drzewo Roku<\/a> Klubu Gaja ma na celu promowanie postawy szacunku dla przyrody oraz wyszukanie przyk\u0142ad\u00f3w ciekawych i trwa\u0142ych zwi\u0105zk\u00f3w pomi\u0119dzy kultur\u0105 i histori\u0105 lokalnej spo\u0142eczno\u015bci, a drzewem, kt\u00f3re jest przez ni\u0105 szczeg\u00f3lnie doceniane. W konkursie nie szukamy drzew najstarszych, najwy\u017cszych, najgrubszych, najpi\u0119kniejszych ani najrzadszych. Szukamy drzewa najbardziej kochanego, drzewa z opowie\u015bci\u0105, drzewa, kt\u00f3re pobudza wyobra\u017ani\u0119 i jednoczy ludzi.<\/p>\n<p>Drzewa daj\u0105 tlen, przeciwdzia\u0142aj\u0105 zmianom klimatu, s\u0105 wa\u017cne dla ochrony r\u00f3\u017cnorodno\u015bci biologicznej oraz \u017cycia miliard\u00f3w ludzi i zwierz\u0105t na Ziemi. Drzewa s\u0105 cz\u0119\u015bci\u0105 naszego dziedzictwa narodowego, dlatego powinni\u015bmy je chroni\u0107 dla przysz\u0142ych pokole\u0144. Je\u015bli nie jest Ci oboj\u0119tny los drzew, pom\u00f3\u017c nam je sadzi\u0107, chroni\u0107 i opiekowa\u0107 si\u0119 nimi.<\/p>\n<p>Przeka\u017c darowizn\u0119 Klubowi Gaja \u2013 nr konta:&nbsp;<strong>90 2030 0045 1110 0000 0067 3120<br \/>\n<\/strong>Mo\u017cesz te\u017c przekaza\u0107 1% Swojego podatku Klubowi Gaja \u2013&nbsp;<strong>KRS 0000120069<\/strong><\/p>\n<\/div>\n","protected":false},"excerpt":{"rendered":"<p>D\u0105b Fabrykant z \u0141odzi zosta\u0142 Drzewem Roku 2022! Tegoroczn\u0105 edycj\u0119 konkursu Drzewo Roku Klubu Gaja wygra\u0142 D\u0105b Fabrykant z \u0141odzi zdobywaj\u0105c 5559 g\u0142os\u00f3w internaut\u00f3w! To jedno z najbardziej oryginalnych drzew w Polsce i wizyt\u00f3wka miasta. Jeden z jego konar\u00f3w ma esowaty kszta\u0142t i d\u0142ugo\u015b\u0107 ponad 20 metr\u00f3w, co robi niesamowite wra\u017cenie na przechodniach. Wiosn\u0105 ka\u017cdego [&hellip;]<\/p>\n","protected":false},"author":3,"featured_media":0,"parent":1673,"menu_order":0,"comment_status":"closed","ping_status":"closed","template":"","meta":{"ngg_post_thumbnail":0},"_links":{"self":[{"href":"https:\/\/archiwum.swietodrzewa.pl\/index.php?rest_route=\/wp\/v2\/pages\/14422"}],"collection":[{"href":"https:\/\/archiwum.swietodrzewa.pl\/index.php?rest_route=\/wp\/v2\/pages"}],"about":[{"href":"https:\/\/archiwum.swietodrzewa.pl\/index.php?rest_route=\/wp\/v2\/types\/page"}],"author":[{"embeddable":true,"href":"https:\/\/archiwum.swietodrzewa.pl\/index.php?rest_route=\/wp\/v2\/users\/3"}],"replies":[{"embeddable":true,"href":"https:\/\/archiwum.swietodrzewa.pl\/index.php?rest_route=%2Fwp%2Fv2%2Fcomments&post=14422"}],"version-history":[{"count":1,"href":"https:\/\/archiwum.swietodrzewa.pl\/index.php?rest_route=\/wp\/v2\/pages\/14422\/revisions"}],"predecessor-version":[{"id":14423,"href":"https:\/\/archiwum.swietodrzewa.pl\/index.php?rest_route=\/wp\/v2\/pages\/14422\/revisions\/14423"}],"up":[{"embeddable":true,"href":"https:\/\/archiwum.swietodrzewa.pl\/index.php?rest_route=\/wp\/v2\/pages\/1673"}],"wp:attachment":[{"href":"https:\/\/archiwum.swietodrzewa.pl\/index.php?rest_route=%2Fwp%2Fv2%2Fmedia&parent=14422"}],"curies":[{"name":"wp","href":"https:\/\/api.w.org\/{rel}","templated":true}]}}