{"id":15051,"date":"2023-08-10T11:14:14","date_gmt":"2023-08-10T09:14:14","guid":{"rendered":"https:\/\/swietodrzewa.pl\/?page_id=15051"},"modified":"2023-08-10T11:23:17","modified_gmt":"2023-08-10T09:23:17","slug":"drzewo-roku-2022-2","status":"publish","type":"page","link":"https:\/\/archiwum.swietodrzewa.pl\/?page_id=15051","title":{"rendered":"Drzewo Roku 2023"},"content":{"rendered":"<h1 class=\"entry-title\">DRZEWEM ROKU 2023 ZOSTA\u0141 BUK \u201eSERCE OGRODU\u201d W ARBORETUM WOJS\u0141AWICE!<\/h1>\n<div class=\"entry-content\">\n<p><strong>Tegoroczn\u0105 edycj\u0119 konkursu Drzewo Roku Klubu Gaja wygra\u0142 200-letni Buk \u201eSerce Ogrodu\u201d rosn\u0105cy w Arboretum Wojs\u0142awice \u2013 Ogrodzie Botanicznym Uniwersytetu Wroc\u0142awskiego, zdobywaj\u0105c 6643 g\u0142osy internaut\u00f3w!&nbsp;<\/strong><strong>To jedno z&nbsp;bardziej rozpoznawalnych drzew rosn\u0105cych w tym zabytkowym parku. Imponuje majestatem i&nbsp;intryguje nietypowo uformowanym, zgrubia\u0142ym pniem, szeroko rozpostartymi konarami i intensywnym, purpurowym zabarwieniem li\u015bci. W cieniu jego wielkiej korony nadal spotykaj\u0105 si\u0119 pasjonaci \u2013 tak jak 100, czy 200 lat temu \u2013 zjednoczeni podziwem dla Natury.<\/strong><span id=\"more-15024\"><\/span><\/p>\n<p>Przez ca\u0142y czerwiec internauci wybierali Drzewo Roku 2023. O ten zaszczytny tytu\u0142 rywalizowa\u0142o 16 drzew z ca\u0142ej Polski, kt\u00f3re znalaz\u0142y si\u0119 w finale konkursu Klubu Gaja. Ostatecznie z du\u017c\u0105 przewag\u0105 g\u0142os\u00f3w wygra\u0142 200-letni&nbsp;<strong>Buk \u201eSerce Ogrodu\u201d z Arboretum w Wojs\u0142awicach uzyskuj\u0105c 6643 g\u0142osy internaut\u00f3w<\/strong>. Tym samym w lutym 2024 roku zwyci\u0119zca b\u0119dzie reprezentowa\u0142 Polsk\u0119 w mi\u0119dzynarodowym plebiscycie Europejskie Drzewo Roku. Kolejne pozycje na podium zaj\u0119\u0142y a\u017c cztery d\u0119by.&nbsp;<strong>Na drugim miejscu uplasowa\u0142a si\u0119 Para<\/strong>&nbsp;<strong>d\u0119b\u00f3w Mi\u0142osz &amp; Malwa z Warszawy z 2858 g\u0142osami<\/strong>&nbsp;internaut\u00f3w.&nbsp;<strong>Trzecie z wynikiem 2579 g\u0142os\u00f3w zameldowa\u0142y si\u0119 D\u0119by Adam i Ewa<\/strong>&nbsp;<strong>w Olsztynie.<\/strong>&nbsp;Podczas g\u0142osowania internauci oddali 27 445 wa\u017cnych g\u0142os\u00f3w. Na stronie plebiscytu&nbsp;<a href=\"http:\/\/www.drzeworoku.pl\/\">www.drzeworoku.pl<\/a>&nbsp;odnotowano blisko 70 tysi\u0119cy wizyt.<strong>&nbsp;<\/strong><\/p>\n<p>Statuetka Drzewa Roku 2023 trafi w tym roku do Arboretum Wojs\u0142awice, b\u0119d\u0105ce fili\u0105 Ogrodu Botanicznego Uniwersytetu Wroc\u0142awskiego, kt\u00f3re zg\u0142osi\u0142o drzewo do konkursu. Wszyscy finali\u015bci otrzymaj\u0105 pami\u0105tkowe dyplomy. Wr\u0119czenie nagr\u00f3d odb\u0119dzie si\u0119 12 pa\u017adziernika 2023 roku podczas obchod\u00f3w \u015awi\u0119ta Drzewa w Warszawie.<\/p>\n<p>&nbsp;\u201eSerdecznie gratulujemy zwyci\u0119zcom i wszystkim uczestnikom tegorocznego Drzewa Roku za wspania\u0142\u0105 rywalizacj\u0119!&nbsp;<em>&nbsp;<\/em>Cieszymy si\u0119, \u017ce dzi\u0119ki konkursowi co roku mo\u017cemy prezentowa\u0107 nie tylko niezwyk\u0142e polskie drzewa, b\u0119d\u0105ce cz\u0119\u015bci\u0105 naszej kultury i historii, ale tak\u017ce niezwyk\u0142ych ludzi, kt\u00f3rzy codziennie otaczaj\u0105 je opiek\u0105, piel\u0119gnuj\u0105 tradycje z nimi zwi\u0105zane i staj\u0105 w ich obronie. Mam nadziej\u0119, \u017ce konkursowe historie zostan\u0105 z nami na d\u0142u\u017cej, inspiruj\u0105c nas do podejmowania odpowiedzialnych dzia\u0142a\u0144 na rzecz ochrony drzew i zachowania ich dla przysz\u0142ych pokole\u0144. R\u00f3wnocze\u015bnie zach\u0119camy wszystkich do odwiedzenia tegorocznych laureat\u00f3w konkursu podczas wakacyjnych podr\u00f3\u017cy.\u201d&nbsp;<em>\u2013&nbsp;<\/em>m\u00f3wi&nbsp;<strong>Jolanta Migda\u0142<\/strong>, koordynatorka konkursu Drzewo Roku.<\/p>\n<p><u>Laureaci konkursu Drzewo Roku 2023<\/u><\/p>\n<p><strong><img loading=\"lazy\" class=\"alignleft size-medium wp-image-15025\" src=\"https:\/\/archiwum.swietodrzewa.pl\/wp-content\/uploads\/2023\/07\/fot-300x201.jpeg\" sizes=\"(max-width: 300px) 100vw, 300px\" srcset=\"https:\/\/archiwum.swietodrzewa.pl\/wp-content\/uploads\/2023\/07\/fot-300x201.jpeg 300w, https:\/\/archiwum.swietodrzewa.pl\/wp-content\/uploads\/2023\/07\/fot-1024x686.jpeg 1024w, https:\/\/archiwum.swietodrzewa.pl\/wp-content\/uploads\/2023\/07\/fot-768x514.jpeg 768w, https:\/\/archiwum.swietodrzewa.pl\/wp-content\/uploads\/2023\/07\/fot-272x182.jpeg 272w, https:\/\/archiwum.swietodrzewa.pl\/wp-content\/uploads\/2023\/07\/fot.jpeg 1287w\" alt=\"\" width=\"300\" height=\"201\"\/>Zdobywca tytu\u0142u Drzewo Roku 2023 \u2013 Buk \u201eSerce Ogrodu\u201d z Arboretum w Wojs\u0142awicach&nbsp;<\/strong><strong>(gm. Niemcza, woj. dolno\u015bl\u0105skie) \u2013 6643 g\u0142osy.<\/strong><br \/>\n<em>buk pospolity 'Atropunicea\u2019, wiek 200 lat, wys. 14 m, obw\u00f3d 452 cm. &nbsp;Zg\u0142oszony przez Arboretum Wojs\u0142awice \u2013 Ogr\u00f3d Botaniczny Uniwersytetu Wroc\u0142awskiego.<\/em><\/p>\n<p>Buk ro\u015bnie w centrum zabytkowego parku i jest jednym z bardziej rozpoznawalnych drzew rosn\u0105cych w Arboretum Wojs\u0142awice. Zosta\u0142 posadzony prawdopodobnie na prze\u0142omie XVIII i XIX wieku, gdy w\u0142a\u015bcicielem parku by\u0142 r\u00f3d von Pritwitz. Jako podk\u0142adki do szczepienia u\u017cyto rosn\u0105ceszybciej zielonolistnego buka pospolitego (<em>Fagus sylvatica<\/em>), natomiast cze\u015b\u0107 szlachetn\u0105 stanowi rosn\u0105ca wolniej, czerwonolistna odmiana \u2018Atropunicea\u2019. Historia buka jest tak\u017ce nierozerwalnie zwi\u0105zana z rokiem 1880, gdy w\u0142a\u015bcicielem maj\u0105tku w Wojs\u0142awicach zosta\u0142 Fritz von Oheimb. To za jego spraw\u0105 powsta\u0142o Arboretum, a niewielki park zyska\u0142 s\u0142aw\u0119. 30 lat temu obecni opiekunowie tego miejsca nazwali buk \u201eSerce Ogrodu\u201d. Drzewo imponuje majestatem i intryguje nietypowo uformowanym, zgrubia\u0142ym pniem i szeroko rozpostartymi konarami. Jego li\u015bcie w trakcie rozwoju zmieniaj\u0105 barw\u0119 \u2013 wiosn\u0105 s\u0105 ciemnopurpurowe, latem rudozielone, a jesieni\u0105 \u017c\u00f3\u0142topomara\u0144czowe. W cieniu jego wielkiej korony nadal spotykaj\u0105 si\u0119 pasjonaci \u2013 tak jak 100, czy 200 lat temu \u2013 zjednoczeni podziwem dla Natury. Za spraw\u0105 swej popularno\u015bci buk znalaz\u0142 si\u0119 r\u00f3wnie\u017c na wielu pami\u0105tkach promuj\u0105cych to miejsce i w mediach. \u201eSerce Ogrodu\u201d jest r\u00f3wnie\u017c jednym z ch\u0119tniej fotografowanych oraz malowanych drzew w regionie.<\/p>\n<p><strong><img loading=\"lazy\" class=\"alignleft size-medium wp-image-15026\" src=\"https:\/\/archiwum.swietodrzewa.pl\/wp-content\/uploads\/2023\/07\/2-300x201.jpeg\" sizes=\"(max-width: 300px) 100vw, 300px\" srcset=\"https:\/\/archiwum.swietodrzewa.pl\/wp-content\/uploads\/2023\/07\/2-300x201.jpeg 300w, https:\/\/archiwum.swietodrzewa.pl\/wp-content\/uploads\/2023\/07\/2-1024x686.jpeg 1024w, https:\/\/archiwum.swietodrzewa.pl\/wp-content\/uploads\/2023\/07\/2-768x514.jpeg 768w, https:\/\/archiwum.swietodrzewa.pl\/wp-content\/uploads\/2023\/07\/2-272x182.jpeg 272w, https:\/\/archiwum.swietodrzewa.pl\/wp-content\/uploads\/2023\/07\/2.jpeg 1287w\" alt=\"\" width=\"300\" height=\"201\"\/>2. miejsce w konkursie \u2013<\/strong>&nbsp;<strong>Para&nbsp;D\u0119b\u00f3w&nbsp;Malwa &amp; Mi\u0142osz&nbsp;w Warszawie<\/strong><strong>\u2013 2858 g\u0142os\u00f3w.<\/strong><\/p>\n<p><em>d\u0119by szypu\u0142kowe, wiek ok 80\/130 lat, wys. ok. 30 m, obw\u00f3d 207\/308 cm. Zg\u0142oszone przez Inicjatyw\u0119 Spo\u0142eczn\u0105 Stara Mi\u0142osna dla drzew.<\/em><\/p>\n<p>D\u0119by, b\u0119d\u0105ce zdaniem dendrolog\u00f3w pozosta\u0142o\u015bci\u0105 prehistorycznego boru kontynentalnego, zosta\u0142y uratowane przez mieszka\u0144c\u00f3w przed wycinka\u0328 podczas przebudowy drogi. Sta\u0142y si\u0119 symbolem losu miejskich drzew, zintegrowa\u0142y lokalna\u0328 spo\u0142eczno\u015b\u0107\u0301 i zmobilizowa\u0142y do dalszego dzia\u0142ania. Mieszka\u0144cy podejmuj\u0105 interwencje podczas budowy kolejnych ulic, organizuj\u0105 happeningi i zach\u0119caj\u0105 innych do troski o drzewa.<\/p>\n<p><strong><img loading=\"lazy\" class=\"alignleft size-medium wp-image-15027\" src=\"https:\/\/archiwum.swietodrzewa.pl\/wp-content\/uploads\/2023\/07\/3-300x201.jpeg\" sizes=\"(max-width: 300px) 100vw, 300px\" srcset=\"https:\/\/archiwum.swietodrzewa.pl\/wp-content\/uploads\/2023\/07\/3-300x201.jpeg 300w, https:\/\/archiwum.swietodrzewa.pl\/wp-content\/uploads\/2023\/07\/3-1024x686.jpeg 1024w, https:\/\/archiwum.swietodrzewa.pl\/wp-content\/uploads\/2023\/07\/3-768x514.jpeg 768w, https:\/\/archiwum.swietodrzewa.pl\/wp-content\/uploads\/2023\/07\/3-272x182.jpeg 272w, https:\/\/archiwum.swietodrzewa.pl\/wp-content\/uploads\/2023\/07\/3.jpeg 1287w\" alt=\"\" width=\"300\" height=\"201\"\/>3. miejsce w konkursie \u2013<\/strong>&nbsp;<strong>D\u0119by Adam i Ewa w Olsztynie<\/strong>\u2013<strong>&nbsp;2579 g\u0142os\u00f3w.<\/strong><\/p>\n<p><em>d\u0119by szypu\u0142kowe, wiek 150 lat, wys. 25 m, obw\u00f3d 318\/329 cm. Zg\u0142oszone przez Fundacj\u0119 Warsztat Zmiany, Biuro Dzielnicy Zatorze wraz z grup\u0105 inicjatywn\u0105 mieszka\u0144c\u00f3w.<\/em><\/p>\n<p>D\u0119by rosn\u0105 na&nbsp;skraju Olsztyna, w&nbsp;pobli\u017cu Lasu Miejskiego na&nbsp;Nied\u017awiedziu. Od&nbsp;dw\u00f3ch lat mieszka\u0144cy podejmuj\u0105 r\u00f3\u017cnorodne dzia\u0142ania, aby ochroni\u0107 d\u0119by i&nbsp;teren wok\u00f3\u0142 nich, m.in.&nbsp;zbieraj\u0105 podpisy poparcia dla inicjatywy ustanowienia ich pomnikami przyrody, zlecaj\u0105 ekspertyzy dendrologiczne, ustanawiaj\u0105 \u015awi\u0119to Nied\u017awiedzia, kt\u00f3re obchodzone jest co&nbsp;roku 10 maja. Wierz\u0105, \u017ce&nbsp;uda im&nbsp;si\u0119 ocali\u0107 te&nbsp;pi\u0119kne drzewa dla przysz\u0142ych pokole\u0144.<\/p>\n<p><strong><u>G\u0142osy oddane na pozosta\u0142ych finalist\u00f3w konkursu:<\/u><\/strong><\/p>\n<ul>\n<li>Kasztanowiec Je\u017cyk w Toruniu \u2013 2294<\/li>\n<li>D\u0105b Bl\u00fcchera i Napoleona (Ostr\u00f3dzianin) w Ostr\u00f3dzie&nbsp;\u2013 2254<\/li>\n<li>Sosna na szczud\u0142ach w We\u0142eczu \u2013 2121<\/li>\n<li>Buk im. Tadeusza Andruszkiewicza w S\u0142\u0119bowie&nbsp;\u2013 1778<\/li>\n<li>D\u0105b z Lasu Ku\u017anickiego we Wroc\u0142awiu \u2013 1774<\/li>\n<li>Lipa S\u0142awa w Porszewicach \u2013 1196<\/li>\n<li>D\u0105b Franek w Sroczewie \u2013 1097<\/li>\n<li>Brzoza Jadwiga w Zawadach Oleckich \u2013 876<\/li>\n<li>Cis Donnersmarcka w Kaletach \u2013 544<\/li>\n<li>D\u0105b Brwinos\u0142aw w Brwinowie \u2013 530<\/li>\n<li>D\u0105b Syryusz w Bystrej Podhala\u0144skiej &nbsp;\u2013 491<\/li>\n<li>GreenCis w Bydgoszczy \u2013 229<\/li>\n<li>D\u0105b Powsta\u0144c\u00f3w w Murawinie k\/Szczecna&nbsp;\u2013 181<\/li>\n<\/ul>\n<p>Organizowany od 13. lat&nbsp;<a href=\"https:\/\/archiwum.swietodrzewa.pl\/?page_id=1673\">Konkurs Drzewo Roku<\/a>&nbsp;Klubu Gaja ma na celu promowanie postawy szacunku dla przyrody oraz wyszukanie przyk\u0142ad\u00f3w ciekawych i trwa\u0142ych zwi\u0105zk\u00f3w pomi\u0119dzy kultur\u0105 i histori\u0105 lokalnej spo\u0142eczno\u015bci, a drzewem, kt\u00f3re jest przez ni\u0105 szczeg\u00f3lnie doceniane. W konkursie nie szukamy drzew najstarszych, najwy\u017cszych, najgrubszych, najpi\u0119kniejszych ani najrzadszych. Szukamy drzewa najbardziej kochanego, drzewa z opowie\u015bci\u0105, drzewa, kt\u00f3re pobudza wyobra\u017ani\u0119 i jednoczy ludzi.<\/p>\n<p>Drzewa daj\u0105 tlen, przeciwdzia\u0142aj\u0105 zmianom klimatu, s\u0105 wa\u017cne dla ochrony r\u00f3\u017cnorodno\u015bci biologicznej oraz \u017cycia miliard\u00f3w ludzi i zwierz\u0105t na Ziemi. Drzewa s\u0105 cz\u0119\u015bci\u0105 naszego dziedzictwa narodowego, dlatego powinni\u015bmy je chroni\u0107 dla przysz\u0142ych pokole\u0144. Je\u015bli nie jest Ci oboj\u0119tny los drzew, pom\u00f3\u017c nam je sadzi\u0107, chroni\u0107 i opiekowa\u0107 si\u0119 nimi.<\/p>\n<p>Przeka\u017c darowizn\u0119 Klubowi Gaja \u2013 nr konta:&nbsp;<strong>90 2030 0045 1110 0000 0067 3120<br \/>\n<\/strong>Mo\u017cesz te\u017c przekaza\u0107 1% Swojego podatku Klubowi Gaja \u2013&nbsp;<strong>KRS 0000120069<\/strong><\/p>\n<\/div>\n","protected":false},"excerpt":{"rendered":"<p>DRZEWEM ROKU 2023 ZOSTA\u0141 BUK \u201eSERCE OGRODU\u201d W ARBORETUM WOJS\u0141AWICE! Tegoroczn\u0105 edycj\u0119 konkursu Drzewo Roku Klubu Gaja wygra\u0142 200-letni Buk \u201eSerce Ogrodu\u201d rosn\u0105cy w Arboretum Wojs\u0142awice \u2013 Ogrodzie Botanicznym Uniwersytetu Wroc\u0142awskiego, zdobywaj\u0105c 6643 g\u0142osy internaut\u00f3w!&nbsp;To jedno z&nbsp;bardziej rozpoznawalnych drzew rosn\u0105cych w tym zabytkowym parku. Imponuje majestatem i&nbsp;intryguje nietypowo uformowanym, zgrubia\u0142ym pniem, szeroko rozpostartymi konarami i [&hellip;]<\/p>\n","protected":false},"author":3,"featured_media":0,"parent":1673,"menu_order":0,"comment_status":"closed","ping_status":"closed","template":"","meta":{"ngg_post_thumbnail":0},"_links":{"self":[{"href":"https:\/\/archiwum.swietodrzewa.pl\/index.php?rest_route=\/wp\/v2\/pages\/15051"}],"collection":[{"href":"https:\/\/archiwum.swietodrzewa.pl\/index.php?rest_route=\/wp\/v2\/pages"}],"about":[{"href":"https:\/\/archiwum.swietodrzewa.pl\/index.php?rest_route=\/wp\/v2\/types\/page"}],"author":[{"embeddable":true,"href":"https:\/\/archiwum.swietodrzewa.pl\/index.php?rest_route=\/wp\/v2\/users\/3"}],"replies":[{"embeddable":true,"href":"https:\/\/archiwum.swietodrzewa.pl\/index.php?rest_route=%2Fwp%2Fv2%2Fcomments&post=15051"}],"version-history":[{"count":3,"href":"https:\/\/archiwum.swietodrzewa.pl\/index.php?rest_route=\/wp\/v2\/pages\/15051\/revisions"}],"predecessor-version":[{"id":15055,"href":"https:\/\/archiwum.swietodrzewa.pl\/index.php?rest_route=\/wp\/v2\/pages\/15051\/revisions\/15055"}],"up":[{"embeddable":true,"href":"https:\/\/archiwum.swietodrzewa.pl\/index.php?rest_route=\/wp\/v2\/pages\/1673"}],"wp:attachment":[{"href":"https:\/\/archiwum.swietodrzewa.pl\/index.php?rest_route=%2Fwp%2Fv2%2Fmedia&parent=15051"}],"curies":[{"name":"wp","href":"https:\/\/api.w.org\/{rel}","templated":true}]}}