{"id":206,"date":"2011-12-16T17:13:02","date_gmt":"2011-12-16T16:13:02","guid":{"rendered":"http:\/\/swietodrzewa.pl\/?page_id=206"},"modified":"2023-09-20T14:58:13","modified_gmt":"2023-09-20T12:58:13","slug":"zbieraj-makulature-ratuj-konie","status":"publish","type":"page","link":"https:\/\/archiwum.swietodrzewa.pl\/?page_id=206","title":{"rendered":"Zbieraj makulatur\u0119, ratuj konie"},"content":{"rendered":"<p><a href=\"https:\/\/makulatura.swietodrzewa.pl\/\"><strong><span style=\"color: #008000;\">ZG\u0141O\u015a SW\u00d3J UDZIA\u0141 W AKCJI &lt;&lt;&lt;<\/span><\/strong><\/a><\/p>\n<p>Oszcz\u0119dzanie papieru, tak samo jak wody czy energii, jest najprostszym przejawem troski o \u015brodowisko. Odk\u0142adaj\u0105c zu\u017cyt\u0105 kartk\u0119 papieru na makulatur\u0119 zamiast do kosza, ka\u017cdy mo\u017ce przyczyni\u0107 si\u0119 do ochrony \u015brodowiska i pom\u00f3c innym. Akcja&#8221; Zbieraj makulatur\u0119, ratuj konie&#8221; to pr\u00f3ba zmiany postaw cz\u0142owieka do otaczaj\u0105cego go \u015bwiata, szczeg\u00f3lnie kurcz\u0105cych si\u0119 zasob\u00f3w naturalnych planety, a tak\u017ce pobudzanie wra\u017cliwo\u015bci na los zwierz\u0105t i naturalnej ch\u0119ci pomocy s\u0142abszym.<\/p>\n<p>Klub Gaja jest pierwsz\u0105 organizacj\u0105 w Polsce, kt\u00f3ra rozpocz\u0119\u0142a kampani\u0119 zwi\u0105zan\u0105 z transportem zwierz\u0105t, g\u0142\u00f3wnie koni. Przed 1999 r., w kt\u00f3rym zainaugurowali\u015bmy og\u00f3lnopolsk\u0105 kampani\u0119 <strong>Zwierz\u0119 nie jest rzecz\u0105<\/strong> liczba wywo\u017conych z kraju koni dochodzi\u0142a do 90 tys. Dzi\u0119ki kampanii poprawi\u0142y si\u0119 warunki transportu, a liczba wywo\u017conych zwierz\u0105t spad\u0142a. Pi\u0119\u0107set tysi\u0119cy popis\u00f3w Polak\u00f3w popieraj\u0105cych zakaz transportu &#8211; zebranych i z\u0142o\u017conych przez nas do Sejmu &#8211; by\u0142o podstaw\u0105 skutecznej kampanii medialnej i spo\u0142ecznej. Problem ten zosta\u0142 wielokrotnie udokumentowany i sta\u0142 si\u0119 tematem publicznych debat.<\/p>\n<h5><strong>Klub Gaja ocali\u0142 60 koni przeznaczonych na rze\u017a, chorych lub tych, kt\u00f3rymi w\u0142a\u015bciciele nie mogli si\u0119 d\u0142u\u017cej zajmowa\u0107. S\u0105 zadbane i potrzebne!<\/strong><\/h5>\n<h1>Jak si\u0119 w\u0142\u0105czy\u0107 do akcji?<\/h1>\n<p align=\"justify\">Do akcji mog\u0105 przyst\u0105pi\u0107 szko\u0142y, ale tak\u017ce instytucje, firmy i osoby prywatne. Zbierajcie surowce wt\u00f3rne \u2013 makulatur\u0119, puszki czy foli\u0119, a pieni\u0105dze uzyskane ze sprzeda\u017cy tych surowc\u00f3w przesy\u0142ajcie na konto Klubu Gaja nr 90 2030 0045 1110 0000 0067 3120 (koniecznie z zaznaczeniem, \u017ce pochodz\u0105 z akcji \u201eZbieraj makulatur\u0119 ratuj konie\u201d). Zbi\u00f3rce mog\u0105 towarzyszy\u0107 stoliki informacyjne, wystawy, festyny. <strong><br \/>\n<\/strong><\/p>\n<p align=\"justify\"><a href=\"https:\/\/makulatura.swietodrzewa.pl\/\"><strong><span style=\"color: #008000;\">ZG\u0141O\u015a SW\u00d3J UDZIA\u0141 W AKCJI &lt;&lt;&lt;<\/span><\/strong><\/a><\/p>\n<p align=\"justify\">Za pieni\u0105dze z akcji &#8222;Zbieraj makulatur\u0119, ratuj konie&#8221; Klub Gaja wspiera utrzymanie, leczenie, terapi\u0119 uratowanych koni, op\u0142aca leki i opiek\u0119 weterynaryjn\u0105, monitoruje sytuacj\u0119 zwierz\u0105t oddanych do adopcji, prowadzi edukacj\u0119 ekologiczn\u0105 oraz inne czynno\u015bci zwi\u0105zane z realizacj\u0105 akcji.<\/p>\n<p align=\"justify\">Z roku na rok akcja \u201eZbieraj Makulatur\u0119 ratuj konie\u201d cieszy si\u0119 coraz wi\u0119kszym powodzeniem w\u015br\u00f3d wsp\u00f3\u0142pracuj\u0105cych z nami szk\u00f3\u0142. <strong>Od pocz\u0105tku akcji zebrali\u015bmy ju\u017c wsp\u00f3lnie blisko 5 000 ton makulatury i <\/strong><strong>uratowali\u015bmy 60 koni! <\/strong>Poza wp\u0142atami pochodz\u0105cymi ze zbi\u00f3rki surowc\u00f3w wt\u00f3rnych na pomoc koniom przeznaczyli\u015bmy r\u00f3wnie\u017c cz\u0119\u015b\u0107 wp\u0142at kt\u00f3re uzyskali\u015bmy z kampanii&nbsp;\u201e1% podatku dla Klubu Gaja \u2013 organizacji po\u017cytku publicznego\u201d. Kampania zosta\u0142a nagrodzona w konkursie ekologicznym \u201eW harmonii z Przyrod\u0105\u201d zorganizowanym przez Hewlett-Packart Polska w roku 2003\/2004.<\/p>\n<p align=\"justify\"><a href=\"http:\/\/swietodrzewa.pl\/wp-content\/uploads\/2021\/01\/Zbieraj-makulature-ratuj-konie-ulotka.jpg\">Pobierz ulotk\u0119 &gt;&gt;&gt;<\/a><\/p>\n<p>&nbsp;<\/p>\n<p align=\"justify\">&nbsp;<\/p>\n<p>&nbsp;<\/p>\n<p>&nbsp;<\/p>\n","protected":false},"excerpt":{"rendered":"<p>ZG\u0141O\u015a SW\u00d3J UDZIA\u0141 W AKCJI &lt;&lt;&lt; Oszcz\u0119dzanie papieru, tak samo jak wody czy energii, jest najprostszym przejawem troski o \u015brodowisko. Odk\u0142adaj\u0105c zu\u017cyt\u0105 kartk\u0119 papieru na makulatur\u0119 zamiast do kosza, ka\u017cdy mo\u017ce przyczyni\u0107 si\u0119 do ochrony \u015brodowiska i pom\u00f3c innym. Akcja&#8221; Zbieraj makulatur\u0119, ratuj konie&#8221; to pr\u00f3ba zmiany postaw cz\u0142owieka do otaczaj\u0105cego go \u015bwiata, szczeg\u00f3lnie kurcz\u0105cych [&hellip;]<\/p>\n","protected":false},"author":1,"featured_media":0,"parent":8,"menu_order":13,"comment_status":"closed","ping_status":"closed","template":"","meta":{"ngg_post_thumbnail":0},"_links":{"self":[{"href":"https:\/\/archiwum.swietodrzewa.pl\/index.php?rest_route=\/wp\/v2\/pages\/206"}],"collection":[{"href":"https:\/\/archiwum.swietodrzewa.pl\/index.php?rest_route=\/wp\/v2\/pages"}],"about":[{"href":"https:\/\/archiwum.swietodrzewa.pl\/index.php?rest_route=\/wp\/v2\/types\/page"}],"author":[{"embeddable":true,"href":"https:\/\/archiwum.swietodrzewa.pl\/index.php?rest_route=\/wp\/v2\/users\/1"}],"replies":[{"embeddable":true,"href":"https:\/\/archiwum.swietodrzewa.pl\/index.php?rest_route=%2Fwp%2Fv2%2Fcomments&post=206"}],"version-history":[{"count":123,"href":"https:\/\/archiwum.swietodrzewa.pl\/index.php?rest_route=\/wp\/v2\/pages\/206\/revisions"}],"predecessor-version":[{"id":15143,"href":"https:\/\/archiwum.swietodrzewa.pl\/index.php?rest_route=\/wp\/v2\/pages\/206\/revisions\/15143"}],"up":[{"embeddable":true,"href":"https:\/\/archiwum.swietodrzewa.pl\/index.php?rest_route=\/wp\/v2\/pages\/8"}],"wp:attachment":[{"href":"https:\/\/archiwum.swietodrzewa.pl\/index.php?rest_route=%2Fwp%2Fv2%2Fmedia&parent=206"}],"curies":[{"name":"wp","href":"https:\/\/api.w.org\/{rel}","templated":true}]}}