{"id":218,"date":"2011-12-16T18:41:19","date_gmt":"2011-12-16T17:41:19","guid":{"rendered":"http:\/\/swietodrzewa.pl\/?page_id=218"},"modified":"2024-01-04T12:11:13","modified_gmt":"2024-01-04T11:11:13","slug":"wesprzyj-nas","status":"publish","type":"page","link":"https:\/\/archiwum.swietodrzewa.pl\/?page_id=218","title":{"rendered":"Mo\u017cesz pom\u00f3c"},"content":{"rendered":"<p><a title=\"Przeka\u017c 1,5% w programie e-pity\" href=\"https:\/\/www.e-pity.pl\/pity-2023\/akcja-e-life-jeden-procent-2024-KRS-0000120069--39018\" target=\"_blank\" rel=\"noopener\"><img title=\"Przeka\u017c 1,5% w programie e-pity\" src=\"https:\/\/opp.e-pity.pl\/assets\/img\/banery\/2023\/opp-stowarzyszenie-750200-pobierz-2.png?1.072323\" alt=\"Wype\u0142nij PIT przez internet i przeka\u017c 1,5% podatku\"\/><\/a><\/p>\n<p>Jeste\u015bmy organizacj\u0105 z du\u017cym do\u015bwiadczeniem, dzia\u0142amy d\u0142ugofalowo i skutecznie. Zabiegamy o zachowanie \u015brodowiska naturalnego, chronimy przyrod\u0119, ratujemy zwierz\u0119ta, wp\u0142ywamy na kszta\u0142towanie prawa i inspirujemy innych do dzia\u0142a\u0144 na rzecz ochrony \u015brodowiska. Doradzamy i pomagamy, a tak\u017ce realizujemy wiele kampanii i program\u00f3w edukacyjnych s\u0142u\u017c\u0105cych propagowaniu ochrony przyrody i zwierz\u0105t.<\/p>\n<h2><span style=\"color: #993300;\">Mo\u017cesz nam pom\u00f3c<\/span><br \/>\n<span style=\"color: #333300;\">Przy\u0142\u0105cz si\u0119 do <strong>Kr\u0119gu Przyjaci\u00f3\u0142 Klubu Gaja<\/strong><\/span><\/h2>\n<p>\u2022 <a href=\"https:\/\/secure.tpay.com\/?id=17797&amp;amount=20&amp;description=Darowizna&amp;crc=Darowizna&amp;md5sum=a12f1e0c42c7418b5188b7e530a46888&amp;language=PL&amp;return_url=https:\/\/klubgaja.pl#page=panel-main-page\"><strong>Przeka\u017c darowizn\u0119<\/strong> <\/a>na ratowanie zwierz\u0105t i przyrody, do\u0142\u0105cz do grupy naszych darczy\u0144c\u00f3w. Pom\u00f3\u017c nam uczy\u0107 innych, jak dba\u0107 o zachowanie \u015brodowiska naturalnego.<\/p>\n<p>\u2022 <a href=\"https:\/\/www.e-pity.pl\/pit-online\/?opp=0000120069&amp;ogid=32475#\/home\" target=\"_blank\" rel=\"noopener\"><strong>1,5 % dla Klubu Gaja<\/strong><\/a>. Przeka\u017c 1,5 % swojego podatku na nasze dzia\u0142ania. Przyrod\u0119 i zwierz\u0119ta chronimy w\u0142a\u015bnie dla Ciebie. To Ty decydujesz. Wpisz w PIT \u2013 KRS: 0000120069.<\/p>\n<p>\u2022 <strong>Dzia\u0142aj<\/strong> i przy\u0142\u0105cz si\u0119 do naszych kampanii i akcji. Polecaj nas znajomym.<\/p>\n<p>Klub Gaja jest Organizacj\u0105 Po\u017cytku Publicznego. Nie prowadzimy dzia\u0142alno\u015bci gospodarczej. Dzia\u0142amy dzi\u0119ki dotacjom, wsparciu darczy\u0144c\u00f3w oraz wp\u0142atom z 1,5 % podatku.<\/p>\n<p>Nr konta: 90 2030 0045 1110 0000 0067 3120<br \/>\nKRS: 0000120069<\/p>\n<p><a href=\" https:\/\/www.e-pity.pl\"> Program e-pity Copyright 2022-2023 e-file sp. z o.o. sp. k.<\/a><\/p>\n","protected":false},"excerpt":{"rendered":"<p>Jeste\u015bmy organizacj\u0105 z du\u017cym do\u015bwiadczeniem, dzia\u0142amy d\u0142ugofalowo i skutecznie. Zabiegamy o zachowanie \u015brodowiska naturalnego, chronimy przyrod\u0119, ratujemy zwierz\u0119ta, wp\u0142ywamy na kszta\u0142towanie prawa i inspirujemy innych do dzia\u0142a\u0144 na rzecz ochrony \u015brodowiska. Doradzamy i pomagamy, a tak\u017ce realizujemy wiele kampanii i program\u00f3w edukacyjnych s\u0142u\u017c\u0105cych propagowaniu ochrony przyrody i zwierz\u0105t. Mo\u017cesz nam pom\u00f3c Przy\u0142\u0105cz si\u0119 do Kr\u0119gu [&hellip;]<\/p>\n","protected":false},"author":1,"featured_media":0,"parent":0,"menu_order":13,"comment_status":"closed","ping_status":"closed","template":"","meta":{"ngg_post_thumbnail":0},"_links":{"self":[{"href":"https:\/\/archiwum.swietodrzewa.pl\/index.php?rest_route=\/wp\/v2\/pages\/218"}],"collection":[{"href":"https:\/\/archiwum.swietodrzewa.pl\/index.php?rest_route=\/wp\/v2\/pages"}],"about":[{"href":"https:\/\/archiwum.swietodrzewa.pl\/index.php?rest_route=\/wp\/v2\/types\/page"}],"author":[{"embeddable":true,"href":"https:\/\/archiwum.swietodrzewa.pl\/index.php?rest_route=\/wp\/v2\/users\/1"}],"replies":[{"embeddable":true,"href":"https:\/\/archiwum.swietodrzewa.pl\/index.php?rest_route=%2Fwp%2Fv2%2Fcomments&post=218"}],"version-history":[{"count":42,"href":"https:\/\/archiwum.swietodrzewa.pl\/index.php?rest_route=\/wp\/v2\/pages\/218\/revisions"}],"predecessor-version":[{"id":455,"href":"https:\/\/archiwum.swietodrzewa.pl\/index.php?rest_route=\/wp\/v2\/pages\/218\/revisions\/455"}],"wp:attachment":[{"href":"https:\/\/archiwum.swietodrzewa.pl\/index.php?rest_route=%2Fwp%2Fv2%2Fmedia&parent=218"}],"curies":[{"name":"wp","href":"https:\/\/api.w.org\/{rel}","templated":true}]}}