{"id":231,"date":"2011-12-17T00:14:23","date_gmt":"2011-12-16T23:14:23","guid":{"rendered":"http:\/\/swietodrzewa.pl\/?page_id=231"},"modified":"2023-08-11T14:06:32","modified_gmt":"2023-08-11T12:06:32","slug":"czarodziejskie-drzewo","status":"publish","type":"page","link":"https:\/\/archiwum.swietodrzewa.pl\/?page_id=231","title":{"rendered":"Czarodziejskie Drzewo 2024"},"content":{"rendered":"<p style=\"text-align: left;\" align=\"justify\"><strong><a href=\"http:\/\/swietodrzewa.pl\/wp-content\/uploads\/2017\/09\/czarodziejskie.jpg\"><img loading=\"lazy\" class=\"alignleft size-medium wp-image-9239\" src=\"http:\/\/swietodrzewa.pl\/wp-content\/uploads\/2017\/09\/czarodziejskie-300x225.jpg\" alt=\"czarodziejskie\" width=\"300\" height=\"225\" srcset=\"https:\/\/archiwum.swietodrzewa.pl\/wp-content\/uploads\/2017\/09\/czarodziejskie-300x225.jpg 300w, https:\/\/archiwum.swietodrzewa.pl\/wp-content\/uploads\/2017\/09\/czarodziejskie.jpg 960w\" sizes=\"(max-width: 300px) 100vw, 300px\" \/><\/a>Celem Konkursu jest wy\u0142onienie laureat\u00f3w nagrody Czarodziejskiego Drzewa za najciekawsze osi\u0105gni\u0119cia w programie edukacji ekologicznej \u015awi\u0119to Drzewa w 3 kategoriach: <\/strong><\/p>\n<p style=\"text-align: left;\" align=\"justify\"><strong>1\/ za najwi\u0119ksz\u0105 ilo\u015b\u0107 posadzonych drzew <\/strong><\/p>\n<p style=\"text-align: left;\" align=\"justify\"><strong>2\/ za wsp\u00f3\u0142prac\u0119 i ilo\u015b\u0107 uczestnik\u00f3w (nawi\u0105zywanie wsp\u00f3\u0142pracy z r\u00f3\u017cnymi podmiotami i spo\u0142eczno\u015bci\u0105 lokaln\u0105, zawi\u0105zywanie partnerstw na rzecz \u015brodowiska) <\/strong><\/p>\n<p style=\"text-align: left;\" align=\"justify\"><strong>3\/ za najciekawsze przeprowadzenie dzia\u0142a\u0144<\/strong><\/p>\n<p>Realizowany przez Klub Gaja od 2003 roku program \u015awi\u0119to Drzewa to szeroka edukacja na temat rozwoju zr\u00f3wnowa\u017conego i&nbsp;zmian klimatu, tw\u00f3rcza wsp\u00f3\u0142praca i&nbsp;dzia\u0142ania praktyczne \u2013 sadzenie i&nbsp;ochrona drzew. W ten spos\u00f3b spo\u0142eczno\u015bci lokalne w ca\u0142ym kraju podejmuj\u0105 si\u0119 konkretnych dzia\u0142a\u0144 dla \u015brodowiska naturalnego i wsp\u00f3lnego dobra. Buduj\u0105 kapita\u0142 ekologiczny i spo\u0142eczny.<\/p>\n<p align=\"justify\">Co roku <strong>10 pa\u017adziernika obchodzimy \u015awi\u0119to Drzewa.<\/strong> To dobra okazja aby w tym dniu posadzi\u0107 drzewa i krzewy, zorganizowa\u0107 lekcje tematyczne, happeningi, konkursy, festyny i zaprosi\u0107 cz\u0142onk\u00f3w spo\u0142eczno\u015bci lokalnej do wsp\u00f3lnego \u015bwi\u0119towania. Dla drzew!<\/p>\n<p align=\"justify\">Uczestnikami Konkursu <strong>Czarodziejskie Drzewo 2024<\/strong>&nbsp;mog\u0105 by\u0107 wszystkie podmioty ( m.in. plac\u00f3wki o\u015bwiatowe, nadle\u015bnictwa, samorz\u0105dy, instytucje, firmy) bior\u0105ce udzia\u0142 w \u015awi\u0119cie Drzewa.<\/p>\n<p align=\"justify\">Tytu\u0142y <strong>Czarodziejskiego Drzewa&nbsp;<\/strong> zostan\u0105 wr\u0119czone laureatom konkursu podczas inauguracji \u015awi\u0119ta Drzewa, 10 pa\u017adziernika 2024 r. w Warszawie.<\/p>\n<p align=\"justify\">Warunkiem uczestnictwa w Konkursie jest nades\u0142anie przez uczestnik\u00f3w wype\u0142nionych <strong>formularzy zg\u0142oszeniowych <\/strong>na adres e-mail: swietodrzewa@klubgaja.pl lub na adres pocztowy: Klub Gaja, ul. Planetarna 6, 43-365 Wilkowice ( najlepiej nagrane na p\u0142yt\u0119 CD).<strong><br \/>\n<\/strong><\/p>\n<p><span style=\"color: #008000;\"><strong>Na zg\u0142oszenia <\/strong><\/span><strong><span style=\"color: #008000;\">czekamy &nbsp;do 30 listopada 2023 r.<\/span><\/strong><\/p>\n<p>&nbsp;<\/p>\n<p><a href=\"https:\/\/archiwum.swietodrzewa.pl\/wp-content\/uploads\/2023\/08\/regulamin_konkursu_czarodziejskie_drzewo_2024.pdf\"><strong>Regulamin konkursu &gt;&gt;&gt;<\/strong><\/a><\/p>\n<p><a href=\"https:\/\/archiwum.swietodrzewa.pl\/wp-content\/uploads\/2023\/08\/formularz_konkurs_czarodziejskie_drzewo_2024.doc\"><strong>Fo<\/strong><strong>rmularz zg\u0142oszeniowy do konkursu &gt;&gt;&gt;<\/strong><\/a><\/p>\n<p>&nbsp;<\/p>\n","protected":false},"excerpt":{"rendered":"<p>Celem Konkursu jest wy\u0142onienie laureat\u00f3w nagrody Czarodziejskiego Drzewa za najciekawsze osi\u0105gni\u0119cia w programie edukacji ekologicznej \u015awi\u0119to Drzewa w 3 kategoriach: 1\/ za najwi\u0119ksz\u0105 ilo\u015b\u0107 posadzonych drzew 2\/ za wsp\u00f3\u0142prac\u0119 i ilo\u015b\u0107 uczestnik\u00f3w (nawi\u0105zywanie wsp\u00f3\u0142pracy z r\u00f3\u017cnymi podmiotami i spo\u0142eczno\u015bci\u0105 lokaln\u0105, zawi\u0105zywanie partnerstw na rzecz \u015brodowiska) 3\/ za najciekawsze przeprowadzenie dzia\u0142a\u0144 Realizowany przez Klub Gaja od [&hellip;]<\/p>\n","protected":false},"author":1,"featured_media":0,"parent":72,"menu_order":0,"comment_status":"closed","ping_status":"closed","template":"","meta":{"ngg_post_thumbnail":0},"_links":{"self":[{"href":"https:\/\/archiwum.swietodrzewa.pl\/index.php?rest_route=\/wp\/v2\/pages\/231"}],"collection":[{"href":"https:\/\/archiwum.swietodrzewa.pl\/index.php?rest_route=\/wp\/v2\/pages"}],"about":[{"href":"https:\/\/archiwum.swietodrzewa.pl\/index.php?rest_route=\/wp\/v2\/types\/page"}],"author":[{"embeddable":true,"href":"https:\/\/archiwum.swietodrzewa.pl\/index.php?rest_route=\/wp\/v2\/users\/1"}],"replies":[{"embeddable":true,"href":"https:\/\/archiwum.swietodrzewa.pl\/index.php?rest_route=%2Fwp%2Fv2%2Fcomments&post=231"}],"version-history":[{"count":55,"href":"https:\/\/archiwum.swietodrzewa.pl\/index.php?rest_route=\/wp\/v2\/pages\/231\/revisions"}],"predecessor-version":[{"id":15064,"href":"https:\/\/archiwum.swietodrzewa.pl\/index.php?rest_route=\/wp\/v2\/pages\/231\/revisions\/15064"}],"up":[{"embeddable":true,"href":"https:\/\/archiwum.swietodrzewa.pl\/index.php?rest_route=\/wp\/v2\/pages\/72"}],"wp:attachment":[{"href":"https:\/\/archiwum.swietodrzewa.pl\/index.php?rest_route=%2Fwp%2Fv2%2Fmedia&parent=231"}],"curies":[{"name":"wp","href":"https:\/\/api.w.org\/{rel}","templated":true}]}}