{"id":279,"date":"2011-12-21T17:20:47","date_gmt":"2011-12-21T16:20:47","guid":{"rendered":"http:\/\/swietodrzewa.pl\/?page_id=279"},"modified":"2021-09-19T09:36:08","modified_gmt":"2021-09-19T07:36:08","slug":"inauguracja","status":"publish","type":"page","link":"https:\/\/archiwum.swietodrzewa.pl\/?page_id=279","title":{"rendered":"Inauguracja"},"content":{"rendered":"<p>W ca\u0142ej Polsce \u015awi\u0119to Drzewa obchodzone jest 10 pa\u017adziernika. Coroczna inauguracja \u015bwi\u0119ta organizowana przez Klub Gaja ma uroczysty charakter. Wraz z autorami i uczestnikami najlepszych realizacji programu w danym roku \u2013 uhonorowanych statuetk\u0105 Czarodziejskiego Drzewa i Drzewa Roku spotykamy si\u0119 w stolicy Polski, Warszawie. Spotkanie u\u015bwietniaj\u0105 znane postaci \u015bwiata kultury, nauki i medi\u00f3w oraz reprezentanci w\u0142adz Miasta Sto\u0142ecznego Warszawy, kt\u00f3re jest g\u0142\u00f3wnym partnerem w organizacji uroczysto\u015bci.<\/p>\n<p>&nbsp;<\/p>\n","protected":false},"excerpt":{"rendered":"<p>W ca\u0142ej Polsce \u015awi\u0119to Drzewa obchodzone jest 10 pa\u017adziernika. Coroczna inauguracja \u015bwi\u0119ta organizowana przez Klub Gaja ma uroczysty charakter. Wraz z autorami i uczestnikami najlepszych realizacji programu w danym roku \u2013 uhonorowanych statuetk\u0105 Czarodziejskiego Drzewa i Drzewa Roku spotykamy si\u0119 w stolicy Polski, Warszawie. Spotkanie u\u015bwietniaj\u0105 znane postaci \u015bwiata kultury, nauki i medi\u00f3w oraz reprezentanci [&hellip;]<\/p>\n","protected":false},"author":1,"featured_media":0,"parent":6,"menu_order":0,"comment_status":"closed","ping_status":"closed","template":"","meta":{"ngg_post_thumbnail":0},"_links":{"self":[{"href":"https:\/\/archiwum.swietodrzewa.pl\/index.php?rest_route=\/wp\/v2\/pages\/279"}],"collection":[{"href":"https:\/\/archiwum.swietodrzewa.pl\/index.php?rest_route=\/wp\/v2\/pages"}],"about":[{"href":"https:\/\/archiwum.swietodrzewa.pl\/index.php?rest_route=\/wp\/v2\/types\/page"}],"author":[{"embeddable":true,"href":"https:\/\/archiwum.swietodrzewa.pl\/index.php?rest_route=\/wp\/v2\/users\/1"}],"replies":[{"embeddable":true,"href":"https:\/\/archiwum.swietodrzewa.pl\/index.php?rest_route=%2Fwp%2Fv2%2Fcomments&post=279"}],"version-history":[{"count":4,"href":"https:\/\/archiwum.swietodrzewa.pl\/index.php?rest_route=\/wp\/v2\/pages\/279\/revisions"}],"predecessor-version":[{"id":13361,"href":"https:\/\/archiwum.swietodrzewa.pl\/index.php?rest_route=\/wp\/v2\/pages\/279\/revisions\/13361"}],"up":[{"embeddable":true,"href":"https:\/\/archiwum.swietodrzewa.pl\/index.php?rest_route=\/wp\/v2\/pages\/6"}],"wp:attachment":[{"href":"https:\/\/archiwum.swietodrzewa.pl\/index.php?rest_route=%2Fwp%2Fv2%2Fmedia&parent=279"}],"curies":[{"name":"wp","href":"https:\/\/api.w.org\/{rel}","templated":true}]}}