{"id":287,"date":"2011-12-21T17:23:59","date_gmt":"2011-12-21T16:23:59","guid":{"rendered":"http:\/\/swietodrzewa.pl\/?page_id=287"},"modified":"2023-08-10T11:37:06","modified_gmt":"2023-08-10T09:37:06","slug":"jak-sie-wlaczyc","status":"publish","type":"page","link":"https:\/\/archiwum.swietodrzewa.pl\/?page_id=287","title":{"rendered":"Przy\u0142\u0105cz si\u0119 do programu"},"content":{"rendered":"<p><strong>Szanowni Pa\u0144stwo<\/strong><\/p>\n<p style=\"text-align: justify;\"><strong>W imieniu Klubu Gaja serdecznie zapraszam Pa\u0144stwa do udzia\u0142u w<\/strong> <strong>21. edycji \u015awi\u0119ta Drzewa<\/strong><\/p>\n<p><strong><span style=\"color: #008000;\">W ci\u0105gu 20 lat \u015awi\u0119ta Drzewa, dzi\u0119ki&nbsp; zaanga\u017cowaniu ponad 800 000 os\u00f3b posadzili\u015bmy ponad 1 000 000 drzew i krzew\u00f3w, zrobili\u015bmy blisko 1800 schronie\u0144\/budek l\u0119gowych dla zwierz\u0105t i zebrali\u015bmy ponad 5700 ton makulatury, odkryli\u015bmy ponad 180 niezwyk\u0142ych drzew wa\u017cnych dla spo\u0142eczno\u015bci lokalnych w konkursie Drzewo Roku.<\/span><\/strong><\/p>\n<p>Ka\u017cdy mo\u017ce przy\u0142\u0105czy\u0107 si\u0119 do \u015awi\u0119ta Drzewa, posadzi\u0107 drzewo czy krzew i dopisa\u0107 je do <a href=\"http:\/\/licznik.swietodrzewa.pl\/\">licznika <\/a>.<strong><br \/>\n<\/strong><\/p>\n<p style=\"text-align: justify;\">Program zach\u0119ca do podj\u0119cia rzeczywistych dzia\u0142a\u0144 na rzecz ochrony \u015brodowiska i klimatu \u2013 sadzenia i ochrony drzew. Program jest otwarty dla wszystkich. Przy\u0142\u0105czaj\u0105 si\u0119 do niego plac\u00f3wki o\u015bwiatowe i wychowawcze, samorz\u0105dy, instytucje, organizacje, firmy i osoby prywatne.<\/p>\n<p style=\"text-align: justify;\">\u015awi\u0119to Drzewa to tak\u017ce interesuj\u0105ce konkursy: Czarodziejskie Drzewo i Drzewo Roku oraz akcja &#8222;Zbieraj makulatur\u0119, ratuj konie&#8221;. Nagrody wr\u0119czane s\u0105 laureatom w&nbsp; Warszawie podczas inauguracji kolejnej edycji \u015awi\u0119ta Drzewa, z udzia\u0142em przedstawicieli Urz\u0119du Miasta Warszawy, partner\u00f3w i ambasador\u00f3w \u015awi\u0119ta Drzewa.<\/p>\n<p><a href=\"https:\/\/zgloszenie.swietodrzewa.pl\/\">ZG\u0141O\u015a SI\u0118 DO UDZIA\u0141U W PROGRAMIE&nbsp; \u015aWI\u0118TO DRZEWA &gt;&gt;&gt;<\/a><\/p>\n<p><a href=\"https:\/\/makulatura.swietodrzewa.pl\/\">ZG\u0141O\u015a UDZIA\u0141 W AKCJI &#8222;ZBIERAJ MAKULATUR\u0118, RATUJ KONIE&#8221; &gt;&gt;&gt;<\/a><\/p>\n<p><strong>Wszyscy, kt\u00f3rzy zg\u0142osz\u0105 sw\u00f3j udzia\u0142 w \u015awi\u0119cie Drzewa otrzymaj\u0105 drog\u0105 elektroniczn\u0105 materia\u0142y tegorocznej edycji programu.<\/strong><\/p>\n<p><strong>UWAGA!<\/strong><\/p>\n<p style=\"text-align: justify;\"><strong>Zg\u0142oszenia<\/strong> <strong>do konkurs\u00f3w \u015awi\u0119ta Drzewa<\/strong> prosimy przesy\u0142a\u0107 na formularzach zg\u0142oszeniowych (do pobrania na stronie <a href=\"http:\/\/www.swietodrzewa.pl\/\">www.swietodrzewa.pl<\/a> w zak\u0142adce <strong><a href=\"http:\/\/swietodrzewa.pl\/?page_id=72\" target=\"_blank\" rel=\"noopener\">Konkursy<\/a><\/strong> )&nbsp;<\/p>\n<p><strong><span style=\"text-decoration: underline;\">Terminy nadsy\u0142ania zg\u0142osze\u0144 do konkurs\u00f3w: &nbsp;<\/span><\/strong><\/p>\n<p>Konkurs <a href=\"http:\/\/swietodrzewa.pl\/?page_id=1673\" target=\"_blank\" rel=\"noopener\"><em>Drzewo Roku<\/em>&nbsp; <\/a>do 30 listopada 2023<\/p>\n<p>Konkurs<em> <a href=\"http:\/\/swietodrzewa.pl\/?page_id=231\" target=\"_blank\" rel=\"noopener\">Czarodziejskiego Drzewa<\/a><\/em>&nbsp; do 30 listopada 2023<\/p>\n<p align=\"justify\">&nbsp;<em><strong><br \/>\nw imieniu Klubu Gaja<br \/>\nPrezes Jacek Bo\u017cek<\/strong><\/em><\/p>\n","protected":false},"excerpt":{"rendered":"<p>Szanowni Pa\u0144stwo W imieniu Klubu Gaja serdecznie zapraszam Pa\u0144stwa do udzia\u0142u w 21. edycji \u015awi\u0119ta Drzewa W ci\u0105gu 20 lat \u015awi\u0119ta Drzewa, dzi\u0119ki&nbsp; zaanga\u017cowaniu ponad 800 000 os\u00f3b posadzili\u015bmy ponad 1 000 000 drzew i krzew\u00f3w, zrobili\u015bmy blisko 1800 schronie\u0144\/budek l\u0119gowych dla zwierz\u0105t i zebrali\u015bmy ponad 5700 ton makulatury, odkryli\u015bmy ponad 180 niezwyk\u0142ych drzew wa\u017cnych [&hellip;]<\/p>\n","protected":false},"author":1,"featured_media":0,"parent":6,"menu_order":0,"comment_status":"closed","ping_status":"closed","template":"","meta":{"ngg_post_thumbnail":0},"_links":{"self":[{"href":"https:\/\/archiwum.swietodrzewa.pl\/index.php?rest_route=\/wp\/v2\/pages\/287"}],"collection":[{"href":"https:\/\/archiwum.swietodrzewa.pl\/index.php?rest_route=\/wp\/v2\/pages"}],"about":[{"href":"https:\/\/archiwum.swietodrzewa.pl\/index.php?rest_route=\/wp\/v2\/types\/page"}],"author":[{"embeddable":true,"href":"https:\/\/archiwum.swietodrzewa.pl\/index.php?rest_route=\/wp\/v2\/users\/1"}],"replies":[{"embeddable":true,"href":"https:\/\/archiwum.swietodrzewa.pl\/index.php?rest_route=%2Fwp%2Fv2%2Fcomments&post=287"}],"version-history":[{"count":75,"href":"https:\/\/archiwum.swietodrzewa.pl\/index.php?rest_route=\/wp\/v2\/pages\/287\/revisions"}],"predecessor-version":[{"id":15060,"href":"https:\/\/archiwum.swietodrzewa.pl\/index.php?rest_route=\/wp\/v2\/pages\/287\/revisions\/15060"}],"up":[{"embeddable":true,"href":"https:\/\/archiwum.swietodrzewa.pl\/index.php?rest_route=\/wp\/v2\/pages\/6"}],"wp:attachment":[{"href":"https:\/\/archiwum.swietodrzewa.pl\/index.php?rest_route=%2Fwp%2Fv2%2Fmedia&parent=287"}],"curies":[{"name":"wp","href":"https:\/\/api.w.org\/{rel}","templated":true}]}}