{"id":3504,"date":"2014-04-10T15:24:56","date_gmt":"2014-04-10T13:24:56","guid":{"rendered":"http:\/\/swietodrzewa.pl\/?page_id=3504"},"modified":"2015-09-15T11:00:41","modified_gmt":"2015-09-15T09:00:41","slug":"przylacz-sie-do-nas","status":"publish","type":"page","link":"https:\/\/archiwum.swietodrzewa.pl\/?page_id=3504","title":{"rendered":"Przy\u0142\u0105cz si\u0119 do nas"},"content":{"rendered":"<p><span style=\"color: #993300;\">Zosta\u0144 wolontariuszem Klubu Gaja. Potrzebujemy Twojej pomocy i zaanga\u017cowania. Im b\u0119dzie nas wi\u0119cej, tym wi\u0119cej zwierz\u0105t uda si\u0119 uratowa\u0107 i w wi\u0119kszym stopniu zadba\u0107 o \u015brodowisko naturalne<span style=\"font-size: 11pt;\">.<\/span><\/span><\/p>\n<p><span style=\"font-size: 10.0pt; color: #993300;\"><br \/>\nPrzy\u0142\u0105cz si\u0119\u00a0 do naszych akcji, kampanii i program\u00f3w<\/span><\/p>\n<p><span style=\"font-size: 8.0pt;\">We\u017a udzia\u0142 w naszych akcjach i programach m.in. <span style=\"color: #993300;\"><a href=\"http:\/\/klubgaja.pl\/dzien-praw-zwierzat\" target=\"_blank\"><strong><span style=\"color: #993300;\">Dzie\u0144 Praw Zwierz\u0105t<\/span><\/strong><\/a>, <a href=\"http:\/\/klubgaja.pl\/swieto-drzewa\" target=\"_blank\"><strong><span style=\"color: #993300;\">\u015awi\u0119to Drzewa<\/span><\/strong><\/a>, <a href=\"http:\/\/klubgaja.pl\/zaadoptuj-rzeke\" target=\"_blank\"><strong><span style=\"color: #993300;\">Zaadoptuj rzek\u0119<\/span><\/strong><\/a><\/span> i dzia\u0142aj razem z nami na rzecz poprawy losu zwierz\u0105t, sadzenia drzew i ochrony rzek. Zapraszamy do wsp\u00f3\u0142pracy osoby indywidualnie, plac\u00f3wki o\u015bwiatowe, instytucje i firmy, kt\u00f3rym nie jest oboj\u0119tny los \u015brodowiska naturalnego i chc\u0105 zadba\u0107 o otaczaj\u0105cy nas \u015bwiat. Zbieraj podpisy pod petycjami, rozdawaj materia\u0142y Klubu Gaja, zapro\u015b nas z wyk\u0142adem lub wystaw\u0105, polecaj nasze kampanie i programy.<\/span><\/p>\n<p><span style=\"font-size: 8.0pt;\">Zach\u0119camy Ci\u0119 do przy\u0142\u0105czenia si\u0119 do zbi\u00f3rki surowc\u00f3w wt\u00f3rnych, dzi\u0119ki czemu mo\u017cemy uratowa\u0107 konie przeznaczone na rze\u017a lub hodowane w niehumanitarnych warunkach. Do\u0142\u0105cz do naszych akcji <a href=\"http:\/\/swietodrzewa.pl\/?page_id=206\" target=\"_blank\"><strong><span style=\"color: #993300;\">Zbieraj makulatur\u0119, ratuj konie<\/span><\/strong><\/a> oraz <a href=\"http:\/\/www.greenproject.org.pl\/dla-szkol.html\" target=\"_blank\"><strong><span style=\"color: #993300;\">Zbieraj kartrid\u017ce, ratuj konie<\/span><\/strong><\/a>.\u00a0 W ten spos\u00f3b pomagasz innym i chronisz \u015brodowisko naturalne. Dzi\u0119ki zaanga\u017cowaniu w akcje wielu Polak\u00f3w 60 koni znalaz\u0142o nowy dom i opiek\u0119.<\/span><\/p>\n<p><span style=\"font-size: 10.0pt; color: #993300;\">Przy\u0142\u0105cz si\u0119 do nas w Internecie<\/span><\/p>\n<p><span style=\"font-size: 8.0pt;\">Tworzymy Pokolenie Eko XXI wieku \u2013 spo\u0142eczno\u015b\u0107, kt\u00f3rej bliskie s\u0105 sprawy \u015brodowiska naturalnego i ochrony zwierz\u0105t. Do\u0142\u0105cz do nas na Facebooku. \u015aci\u0105gaj z naszych stron internetowych i <strong><span style=\"color: #993300;\"><a href=\"https:\/\/www.facebook.com\/Klub.Gaja\" target=\"_blank\"><span style=\"color: #993300;\">Facebooka<\/span><\/a> <\/span><\/strong>i udost\u0119pniaj znajomym nasze bannery, teksty, zdj\u0119cia. Promuj akcje i kampanie Klubu Gaja poprzez strony internetowe i portale spo\u0142eczno\u015bciowe, tak aby jak najwi\u0119cej os\u00f3b mog\u0142o si\u0119 do nich przy\u0142\u0105czy\u0107 i wsp\u00f3lnie zmienia\u0107 \u015bwiat na lepszy.<\/span><\/p>\n<p><span style=\"font-size: 10.0pt; color: #993300;\">Pom\u00f3\u017c nam zdobywa\u0107 fundusze<\/span><\/p>\n<p><span style=\"font-size: 8.0pt;\">Pomagaj w informowaniu o Klubie Gaja, naszej dzia\u0142alno\u015bci i akcjach oraz o mo\u017cliwo\u015bci wspierania naszych dzia\u0142a\u0144 poprzez przekazanie <span style=\"color: #993300;\"><a href=\"http:\/\/klubgaja.pl\/przekaz-1-procent-podatku\" target=\"_blank\"><strong><span style=\"color: #993300;\">1% podatku<\/span><\/strong><\/a>, <a href=\"http:\/\/www.klubgaja.pl\/wesprzyj-nas\" target=\"_blank\"><strong><span style=\"color: #993300;\">sta\u0142e polecenie zap\u0142aty<\/span><\/strong>, <strong><span style=\"color: #993300;\">darowizny<\/span><\/strong><\/a><\/span> i payroll. Poszerzaj\u0105c kr\u0105g sympatyk\u00f3w Klubu Gaja i pozyskuj\u0105c nowych darczy\u0144c\u00f3w mo\u017cemy realizowa\u0107 nasze kampanie: skutecznie chroni\u0107 przyrod\u0119 i ratowa\u0107 zwierz\u0119ta.<\/span><\/p>\n<p><span style=\"font-size: 8.0pt;\">Aby otrzymywa\u0107 od nas wa\u017cne informacje na temat dzia\u0142alno\u015bci Klubu Gaja i podejmowanych przez nas inicjatyw, wystarczy wej\u015b\u0107 na nasz\u0105 stron\u0119 internetow\u0105 <span style=\"color: #993300;\"><a href=\"http:\/\/archiwum.klubgaja.pl\/\" target=\"_blank\"><strong><span style=\"color: #993300;\">www.archiwum.klubgaja.pl<\/span><\/strong><\/a> <\/span>i wpisa\u0107 sw\u00f3j email.<\/span><\/p>\n","protected":false},"excerpt":{"rendered":"<p>Zosta\u0144 wolontariuszem Klubu Gaja. Potrzebujemy Twojej pomocy i zaanga\u017cowania. Im b\u0119dzie nas wi\u0119cej, tym wi\u0119cej zwierz\u0105t uda si\u0119 uratowa\u0107 i w wi\u0119kszym stopniu zadba\u0107 o \u015brodowisko naturalne. Przy\u0142\u0105cz si\u0119\u00a0 do naszych akcji, kampanii i program\u00f3w We\u017a udzia\u0142 w naszych akcjach i programach m.in. Dzie\u0144 Praw Zwierz\u0105t, \u015awi\u0119to Drzewa, Zaadoptuj rzek\u0119 i dzia\u0142aj razem z nami [&hellip;]<\/p>\n","protected":false},"author":1,"featured_media":0,"parent":218,"menu_order":0,"comment_status":"closed","ping_status":"closed","template":"","meta":{"ngg_post_thumbnail":0},"_links":{"self":[{"href":"https:\/\/archiwum.swietodrzewa.pl\/index.php?rest_route=\/wp\/v2\/pages\/3504"}],"collection":[{"href":"https:\/\/archiwum.swietodrzewa.pl\/index.php?rest_route=\/wp\/v2\/pages"}],"about":[{"href":"https:\/\/archiwum.swietodrzewa.pl\/index.php?rest_route=\/wp\/v2\/types\/page"}],"author":[{"embeddable":true,"href":"https:\/\/archiwum.swietodrzewa.pl\/index.php?rest_route=\/wp\/v2\/users\/1"}],"replies":[{"embeddable":true,"href":"https:\/\/archiwum.swietodrzewa.pl\/index.php?rest_route=%2Fwp%2Fv2%2Fcomments&post=3504"}],"version-history":[{"count":34,"href":"https:\/\/archiwum.swietodrzewa.pl\/index.php?rest_route=\/wp\/v2\/pages\/3504\/revisions"}],"predecessor-version":[{"id":6499,"href":"https:\/\/archiwum.swietodrzewa.pl\/index.php?rest_route=\/wp\/v2\/pages\/3504\/revisions\/6499"}],"up":[{"embeddable":true,"href":"https:\/\/archiwum.swietodrzewa.pl\/index.php?rest_route=\/wp\/v2\/pages\/218"}],"wp:attachment":[{"href":"https:\/\/archiwum.swietodrzewa.pl\/index.php?rest_route=%2Fwp%2Fv2%2Fmedia&parent=3504"}],"curies":[{"name":"wp","href":"https:\/\/api.w.org\/{rel}","templated":true}]}}