{"id":3530,"date":"2014-04-11T09:15:13","date_gmt":"2014-04-11T07:15:13","guid":{"rendered":"http:\/\/swietodrzewa.pl\/?page_id=3530"},"modified":"2022-09-07T14:02:18","modified_gmt":"2022-09-07T12:02:18","slug":"na-tropach-historii","status":"publish","type":"page","link":"https:\/\/archiwum.swietodrzewa.pl\/?page_id=3530","title":{"rendered":"Na tropach historii&#8230;"},"content":{"rendered":"<p>&nbsp;<\/p>\n<p><strong>Pocz\u0105tki naszego parku w Wilkowicach si\u0119gaj\u0105 roku 1905. Zajrzyjmy do starych kronik Jana Halamy, Kronikarza Beskidzkiego i zobaczmy jak to by\u0142o&#8230;.<\/strong><\/p>\n<p><strong>1897 rok <\/strong>\u2013 pocz\u0105tek leczniczej kariery Bystrej, miejscowo\u015bci le\u017c\u0105cej w bezpo\u015brednim s\u0105siedztwie Wilkowic. Niezwyk\u0142e po\u0142o\u017cenie tego miejsca, w\u015br\u00f3d malowniczych Beskid\u00f3w, kt\u00f3rych pi\u0119kno tak po mistrzowsku odda\u0142 znany polski malarz Julian Fa\u0142at oraz swoisty, leczniczy mikroklimat zadecydowa\u0142y o uzdrowiskowym i turystycznym charakterze tego terenu.<br \/>\nTo wtedy wiede\u0144ski lekarz Ludwik Jekeles zakupi\u0142 bystrza\u0144ski hotel od fabryki papierniczej Solali i zamieni\u0142 go w zak\u0142ad wodoleczniczy, zwany p\u00f3\u017aniej sanatorium.<\/p>\n<p>&nbsp;<\/p>\n<p><strong>1905 rok<\/strong> \u2013 z inicjatywy dr Jekelesa oraz \u017con lekarzy powsta\u0142o Towarzystwo Upi\u0119kszania Bystrej, kt\u00f3rego g\u0142\u00f3wnym celem by\u0142a \u201eopieka nad letnikami i upi\u0119kszanie im pobytu\u201d<br \/>\nTowarzystwo posiada\u0142o w\u0142asn\u0105 licz\u0105c\u0105 700 lat bibliotek\u0119, Klub Towarzyski z czytelni\u0105, poczekalni\u0119 autobusow\u0105 z kioskiem, gdzie mo\u017cna by\u0142o kupi\u0107 gazety, pami\u0105tki, przybory do pisania i fotografie.<\/p>\n<p>Oko\u0142o tego roku powstaje te\u017c pi\u0119kny park wok\u00f3\u0142 sanatorium, kt\u00f3ry ma s\u0142u\u017cy\u0107 kuracjuszom. Tutejszy w\u0142a\u015bciciel zamku w \u0141odygowicach oraz okolicznych grunt\u00f3w baron Otto von Klobus podarowa\u0142 Towarzystwu Upi\u0119kszania Bystrej ziemi\u0119, w tym kawa\u0142ek lasu na potrzeby utworzenia parku. Ten kawa\u0142ek lasu to w\u0142a\u015bnie nasz park, kt\u00f3ry pocz\u0105tkowo by\u0142 cz\u0119\u015bci\u0105 ca\u0142ego kompleksu sanatoryjnego.<\/p>\n<p>To zapewne wtedy dosadzono tu drzewa charakterystyczne dla park\u00f3w np. kasztanowce, a tak\u017ce drzewa introdukowane takie jak sosna czarna czy daglezja. Wcze\u015bniej dominowa\u0142y tu lipy, d\u0119by i graby. Utworzono te\u017c \u015bcie\u017cki spacerowe i postawiono \u0142aweczki dla kuracjuszy.<\/p>\n<p><strong>1930 rok <\/strong>&#8211; do czas\u00f3w wojny parkiem opiekowa\u0142o si\u0119 Towarzystwo Upi\u0119kszania Bystrej, kt\u00f3re w roku 1930 zmieni\u0142o nazw\u0119 na Towarzystwo Przyjaci\u00f3\u0142 Bystrej.<\/p>\n<p><strong>1945 rok <\/strong>&#8211; po II wojnie \u015bwiatowej park straci\u0142 na swej dawnej \u015bwietno\u015bci. Z czasem znikn\u0119\u0142y st\u0105d \u0142aweczki, zaros\u0142y alejki, pojawi\u0142y si\u0119 \u015bmieci.<\/p>\n<p><strong>1990 rok <\/strong>&#8211; park przechodzi na w\u0142asno\u015b\u0107 Gminy Wilkowice.<\/p>\n<p><strong>2006 rok &nbsp;<\/strong>\u2013 Klub Gaja rozpoczyna realizacj\u0119 projektu edukacyjnego \u201eOdkryj sw\u00f3j park\u201d.<br \/>\nWe wsp\u00f3\u0142pracy z Gmin\u0105 Wilkowice na terenie parku zostaje utworzona \u015bcie\u017cka przyrodniczo \u2013 edukacyjna \u201eOdkryj sw\u00f3j park\u201d. Wraz z m\u0142odzie\u017c\u0105 dokonujemy generalnych porz\u0105dk\u00f3w \u2013 zbieramy \u015bmieci i wykonujemy niezb\u0119dne zabiegi piel\u0119gnacyjne drzew i krzew\u00f3w.<br \/>\nPark zaczyna \u017cy\u0107 nowym \u017cyciem. Organizujemy tu warsztaty edukacyjne i artystyczne dla dzieci i m\u0142odzie\u017cy oraz wydarzenia ekologiczne i kulturalne takie jak Dzie\u0144 Ziemi, \u015awi\u0119to Drzewa, Sprz\u0105tanie \u015awiata czy Ostatnia Ni\u0107 Babiego Lata.<\/p>\n","protected":false},"excerpt":{"rendered":"<p>&nbsp; Pocz\u0105tki naszego parku w Wilkowicach si\u0119gaj\u0105 roku 1905. Zajrzyjmy do starych kronik Jana Halamy, Kronikarza Beskidzkiego i zobaczmy jak to by\u0142o&#8230;. 1897 rok \u2013 pocz\u0105tek leczniczej kariery Bystrej, miejscowo\u015bci le\u017c\u0105cej w bezpo\u015brednim s\u0105siedztwie Wilkowic. Niezwyk\u0142e po\u0142o\u017cenie tego miejsca, w\u015br\u00f3d malowniczych Beskid\u00f3w, kt\u00f3rych pi\u0119kno tak po mistrzowsku odda\u0142 znany polski malarz Julian Fa\u0142at oraz swoisty, [&hellip;]<\/p>\n","protected":false},"author":1,"featured_media":0,"parent":494,"menu_order":0,"comment_status":"closed","ping_status":"closed","template":"","meta":{"ngg_post_thumbnail":0},"_links":{"self":[{"href":"https:\/\/archiwum.swietodrzewa.pl\/index.php?rest_route=\/wp\/v2\/pages\/3530"}],"collection":[{"href":"https:\/\/archiwum.swietodrzewa.pl\/index.php?rest_route=\/wp\/v2\/pages"}],"about":[{"href":"https:\/\/archiwum.swietodrzewa.pl\/index.php?rest_route=\/wp\/v2\/types\/page"}],"author":[{"embeddable":true,"href":"https:\/\/archiwum.swietodrzewa.pl\/index.php?rest_route=\/wp\/v2\/users\/1"}],"replies":[{"embeddable":true,"href":"https:\/\/archiwum.swietodrzewa.pl\/index.php?rest_route=%2Fwp%2Fv2%2Fcomments&post=3530"}],"version-history":[{"count":4,"href":"https:\/\/archiwum.swietodrzewa.pl\/index.php?rest_route=\/wp\/v2\/pages\/3530\/revisions"}],"predecessor-version":[{"id":14442,"href":"https:\/\/archiwum.swietodrzewa.pl\/index.php?rest_route=\/wp\/v2\/pages\/3530\/revisions\/14442"}],"up":[{"embeddable":true,"href":"https:\/\/archiwum.swietodrzewa.pl\/index.php?rest_route=\/wp\/v2\/pages\/494"}],"wp:attachment":[{"href":"https:\/\/archiwum.swietodrzewa.pl\/index.php?rest_route=%2Fwp%2Fv2%2Fmedia&parent=3530"}],"curies":[{"name":"wp","href":"https:\/\/api.w.org\/{rel}","templated":true}]}}