{"id":3568,"date":"2014-04-11T11:22:26","date_gmt":"2014-04-11T09:22:26","guid":{"rendered":"http:\/\/swietodrzewa.pl\/?page_id=3568"},"modified":"2018-06-06T12:26:27","modified_gmt":"2018-06-06T10:26:27","slug":"przekaz-darowizne","status":"publish","type":"page","link":"https:\/\/archiwum.swietodrzewa.pl\/?page_id=3568","title":{"rendered":"Przeka\u017c darowizn\u0119"},"content":{"rendered":"<h1><span style=\"font-size: 11.0pt;\">Mo\u017cesz pom\u00f3c jednorazowo lub systematycznie, przekazuj\u0105c wp\u0142at\u0119 na ochron\u0119 przyrody i zwierz\u0105t<\/span><\/h1>\n<p><a href=\"https:\/\/secure.transferuj.pl\/?id=17797\" target=\"_blank\" title=\"Obs\u0142ugujemy p\u0142atno\u015bci internetowe przez system p\u0142atno\u015bci online tpay.com\"><img loading=\"lazy\" src=\"https:\/\/tpay.com\/img\/banners\/tpaycom_zaplac-telefonem-380x50.png\" style=\"border:0\" alt=\"Zap\u0142a\u0107 wygodnie telefonem z tpay.com\" title=\"Zap\u0142a\u0107 wygodnie telefonem z tpay.com\" width=\"380\" height=\"50\" \/><\/a> <\/p>\n<p>Je\u015bli nie masz dost\u0119pu do konta internetowego mo\u017cesz pom\u00f3c, wp\u0142acaj\u0105c darowizn\u0119 na konto Klubu Gaja:<\/p>\n<p>90 2030 0045 1110 0000 0067 3120<\/p>\n<address><span style=\"font-size: 8.0pt; font-style: normal; mso-bidi-font-style: italic;\">Stowarzyszenie Ekologiczno-Kulturalne Klub Gaja<\/span><\/address>\n<address><span style=\"font-size: 8.0pt; font-style: normal; mso-bidi-font-style: italic;\">ul. Nad Wilk\u00f3wk\u0105 24<\/span><\/address>\n<address><span style=\"font-size: 8.0pt; font-style: normal; mso-bidi-font-style: italic;\">43-365 Wilkowice<\/span><\/address>\n<address>&nbsp;<\/address>\n<p><span style=\"font-size: 8.0pt;\"><strong>Dzi\u0119ki sta\u0142ym comiesi\u0119cznym wp\u0142atom mo\u017cemy na bie\u017c\u0105co reagowa\u0107 na pojawiaj\u0105ce si\u0119 zagro\u017cenia dla \u015brodowiska i \u0142amanie praw zwierz\u0105t. To ile przeka\u017cesz, zale\u017cy tylko od Ciebie. Jednak ka\u017cda nawet najdrobniejsza suma pozwala nam poszerzy\u0107 zakres podejmowanych dzia\u0142a\u0144.<\/strong><\/span><\/p>\n<p><strong><span style=\"font-size: 8.0pt;\"><a href=\"http:\/\/archiwum.klubgaja.pl\/_pliki\/obciazenierachunku.pdf\">Kliknij i pobierz Polecenie Zap\u0142aty<\/a><\/span><\/strong><\/p>\n<p><span style=\"font-size: 8.0pt;\">Aby Twoje darowizny dociera\u0142y do Klubu Gaja prze\u015blij wype\u0142niony i podpisany (podpis musi by\u0107 zgodny z tym sk\u0142adanym w banku) formularz na adres naszego biura:<\/span><\/p>\n<p><span style=\"font-size: 8.0pt;\">Klub Gaja<br \/>\nul.&nbsp;Wyzwolenia 40<br \/>\n43-365 Wilkowice<\/span><\/p>\n<p><span style=\"font-size: 8.0pt;\">Pole &#8222;identyfikator p\u0142atno\u015bci&#8221; pozostaw puste &#8211; uzupe\u0142nimy je w naszym biurze.<\/span><\/p>\n<p><span style=\"font-size: 8.0pt;\">Polecenie zap\u0142aty oznacza, \u017ce ka\u017cdego miesi\u0105ca z Twojego konta pobierana b\u0119dzie zdeklarowana kwota na rzecz Klubu Gaja. Mo\u017cesz r\u00f3wnie\u017c samodzielnie zleci\u0107 polecenie zap\u0142aty w swoim banku dzi\u0119ki czemu nie poniesiemy koszt\u00f3w administracyjnych.<\/span><\/p>\n<p><strong><span style=\"font-size: 8.0pt;\">Dzi\u0119kujemy za zaufanie i wsparcie!<\/span><\/strong><\/p>\n<p><span style=\"font-size: 8.0pt;\">Je\u015bli masz pytanie napisz do nas e-mail : klubgaja@klubgaja.pl<\/span><\/p>\n","protected":false},"excerpt":{"rendered":"<p>Mo\u017cesz pom\u00f3c jednorazowo lub systematycznie, przekazuj\u0105c wp\u0142at\u0119 na ochron\u0119 przyrody i zwierz\u0105t Je\u015bli nie masz dost\u0119pu do konta internetowego mo\u017cesz pom\u00f3c, wp\u0142acaj\u0105c darowizn\u0119 na konto Klubu Gaja: 90 2030 0045 1110 0000 0067 3120 Stowarzyszenie Ekologiczno-Kulturalne Klub Gaja ul. Nad Wilk\u00f3wk\u0105 24 43-365 Wilkowice &nbsp; Dzi\u0119ki sta\u0142ym comiesi\u0119cznym wp\u0142atom mo\u017cemy na bie\u017c\u0105co reagowa\u0107 na pojawiaj\u0105ce [&hellip;]<\/p>\n","protected":false},"author":1,"featured_media":0,"parent":0,"menu_order":0,"comment_status":"closed","ping_status":"closed","template":"","meta":{"ngg_post_thumbnail":0},"_links":{"self":[{"href":"https:\/\/archiwum.swietodrzewa.pl\/index.php?rest_route=\/wp\/v2\/pages\/3568"}],"collection":[{"href":"https:\/\/archiwum.swietodrzewa.pl\/index.php?rest_route=\/wp\/v2\/pages"}],"about":[{"href":"https:\/\/archiwum.swietodrzewa.pl\/index.php?rest_route=\/wp\/v2\/types\/page"}],"author":[{"embeddable":true,"href":"https:\/\/archiwum.swietodrzewa.pl\/index.php?rest_route=\/wp\/v2\/users\/1"}],"replies":[{"embeddable":true,"href":"https:\/\/archiwum.swietodrzewa.pl\/index.php?rest_route=%2Fwp%2Fv2%2Fcomments&post=3568"}],"version-history":[{"count":44,"href":"https:\/\/archiwum.swietodrzewa.pl\/index.php?rest_route=\/wp\/v2\/pages\/3568\/revisions"}],"predecessor-version":[{"id":10320,"href":"https:\/\/archiwum.swietodrzewa.pl\/index.php?rest_route=\/wp\/v2\/pages\/3568\/revisions\/10320"}],"wp:attachment":[{"href":"https:\/\/archiwum.swietodrzewa.pl\/index.php?rest_route=%2Fwp%2Fv2%2Fmedia&parent=3568"}],"curies":[{"name":"wp","href":"https:\/\/api.w.org\/{rel}","templated":true}]}}