{"id":3595,"date":"2014-04-11T11:50:26","date_gmt":"2014-04-11T09:50:26","guid":{"rendered":"http:\/\/swietodrzewa.pl\/?page_id=3595"},"modified":"2021-01-22T15:11:48","modified_gmt":"2021-01-22T14:11:48","slug":"1-podatku-darmowy-program-on-line-do-rozliczen-pit-2013","status":"publish","type":"page","link":"https:\/\/archiwum.swietodrzewa.pl\/?page_id=3595","title":{"rendered":"1% podatku &#8211; Darmowy program on- line do rozlicze\u0144 PIT"},"content":{"rendered":"<p><a title=\"1 procent przyroda zwierz\u0119ta 2015\" href=\"http:\/\/www.e-pity.pl\/program-pity-2014-online0000120069--https:\/\/www.e-pity.pl\/oppimg\/75dd13c4820b11a1cd1be72a3a0006a3--http:\/\/www.klubgaja.pl\" target=\"_blank\" rel=\"noopener\"><br \/>\n<\/a><a href=\"https:\/\/www.e-pity.pl\/pit-2017-program-online-epity-2018-KRS-0000120069\" target=\"_blank\" rel=\"noopener\"><img loading=\"lazy\" class=\"alignnone\" title=\"1 procent przyroda zwierz\u0119ta PIT online e-PITY\" src=\"http:\/\/swietodrzewa.pl\/wp-content\/uploads\/2015\/01\/e-pity_1_procent_pit_online.jpg\" alt=\"\" width=\"600\" height=\"200\"\/><\/a><\/p>\n<h2>Jeste\u015bmy polsk\u0105 organizacj\u0105 ekologiczn\u0105, kt\u00f3ra buduje pokolenie EkoXXI. Dzia\u0142amy na rzecz ochrony przyrody i zwierz\u0105t.<br \/>\n<span style=\"color: #008000;\">Przeka\u017c Sw\u00f3j 1% Klubowi Gaja<br \/>\n<\/span>Wpisz w deklaracj\u0119 podatkow\u0105 <span style=\"color: #008000;\">KRS 0000120069<br \/>\n<\/span>Wszystkim darczy\u0144com dzi\u0119kujemy!<\/h2>\n<p><a href=\"https:\/\/www.e-pity.pl\/pity-2020\/akcja-e-life-jeden-procent-2021-KRS-0000120069\"><img loading=\"lazy\" class=\"alignleft size-full wp-image-12735\" src=\"http:\/\/swietodrzewa.pl\/wp-content\/uploads\/2021\/01\/opp-standard-22574-uruchom.png\" alt=\"\" width=\"225\" height=\"74\"\/><\/a><\/p>\n<h2>&nbsp;<\/h2>\n<p><a href=\"https:\/\/www.e-pity.pl\">Program e-pity Copyright 2020-2021 e-file sp. z o.o. sp. k.<\/a><\/p>\n<p>Program e-pity, zosta\u0142 wykonany przez firm\u0119 e-file sp. z o.o. sp. k. Jest to innowacyjny bezp\u0142atny, aktualny i bezpieczny program umo\u017cliwiaj\u0105cy rozliczenie on-line. Umo\u017cliwia szybkie i \u0142atwe rozliczanie deklaracji podatkowych PIT-36, PIT-36L, PIT-37, PIT-38, PIT-39, PIT-28 wraz z za\u0142\u0105cznikami PIT-B, PIT-D, PIT-M, PIT-O, PIT-Z, PIT-ZG oraz formularzami dodatkowymi. Umo\u017cliwia przes\u0142anie zeznania przez Internet (eDeklaracja). Zawiera przyjazny kreator, kt\u00f3ry sprawnie prowadzi przez rozliczenie.<\/p>\n<p>&nbsp;<\/p>\n<p><strong><a href=\"http:\/\/klubgaja.pl\/news\/300\" target=\"_blank\" rel=\"noopener\">Hipoterapia z Druml\u0105 &gt;&gt;&gt;&nbsp;&nbsp;<\/a>&nbsp;&nbsp;<\/strong>&nbsp;&nbsp;&nbsp;&nbsp;&nbsp;&nbsp;&nbsp;&nbsp;&nbsp;&nbsp;&nbsp;&nbsp;&nbsp;&nbsp;&nbsp;&nbsp;&nbsp;&nbsp;&nbsp;&nbsp;&nbsp;&nbsp;&nbsp;&nbsp;&nbsp;&nbsp;&nbsp;&nbsp;&nbsp;&nbsp;&nbsp;&nbsp;&nbsp;&nbsp;&nbsp;&nbsp;&nbsp;&nbsp;&nbsp;&nbsp; <a href=\"http:\/\/klubgaja.pl\/news\/284\" target=\"_blank\" rel=\"noopener\"><strong>Atlantyk pomaga&nbsp; chorym dzieciom &gt;&gt;&gt;<\/strong><\/a><\/p>\n<p><a href=\"http:\/\/klubgaja.pl\/news\/300\" target=\"_blank\" rel=\"http:\/\/klubgaja.pl\/news\/300 noopener\"><img loading=\"lazy\" class=\"alignleft size-medium wp-image-3715\" title=\"drumla9-2\" src=\"http:\/\/swietodrzewa.pl\/wp-content\/uploads\/2014\/04\/drumla9-21-300x201.jpg\" alt=\"\" width=\"240\" height=\"161\" srcset=\"https:\/\/archiwum.swietodrzewa.pl\/wp-content\/uploads\/2014\/04\/drumla9-21-300x201.jpg 300w, https:\/\/archiwum.swietodrzewa.pl\/wp-content\/uploads\/2014\/04\/drumla9-21-1024x687.jpg 1024w, https:\/\/archiwum.swietodrzewa.pl\/wp-content\/uploads\/2014\/04\/drumla9-21.jpg 1593w\" sizes=\"(max-width: 240px) 100vw, 240px\" \/><\/a>&nbsp;&nbsp;&nbsp;&nbsp;&nbsp;&nbsp;&nbsp;&nbsp;&nbsp;&nbsp;&nbsp;&nbsp;&nbsp;&nbsp; <a href=\"http:\/\/klubgaja.pl\/news\/284\" target=\"_blank\" rel=\"noopener\"><img loading=\"lazy\" class=\"alignnone size-medium wp-image-3717\" title=\"atlantyk3\" src=\"http:\/\/swietodrzewa.pl\/wp-content\/uploads\/2014\/04\/atlantyk31-300x201.jpg\" alt=\"\" width=\"240\" height=\"161\" srcset=\"https:\/\/archiwum.swietodrzewa.pl\/wp-content\/uploads\/2014\/04\/atlantyk31-300x201.jpg 300w, https:\/\/archiwum.swietodrzewa.pl\/wp-content\/uploads\/2014\/04\/atlantyk31-1024x687.jpg 1024w, https:\/\/archiwum.swietodrzewa.pl\/wp-content\/uploads\/2014\/04\/atlantyk31.jpg 1593w\" sizes=\"(max-width: 240px) 100vw, 240px\" \/><\/a><\/p>\n<p><a href=\"http:\/\/klubgaja.pl\/news\/288\" target=\"_blank\" rel=\"noopener\"><strong>Feta zosta\u0142a terapeut\u0105 &gt;&gt;&gt;<\/strong><\/a>&nbsp;&nbsp;&nbsp;&nbsp;&nbsp;&nbsp;&nbsp;&nbsp;&nbsp;&nbsp;&nbsp;&nbsp;&nbsp;&nbsp;&nbsp;&nbsp;&nbsp;&nbsp;&nbsp;&nbsp;&nbsp;&nbsp;&nbsp;&nbsp;&nbsp;&nbsp;&nbsp;&nbsp;&nbsp;&nbsp;&nbsp;&nbsp;&nbsp;&nbsp;&nbsp;&nbsp;&nbsp;&nbsp;&nbsp;&nbsp;&nbsp;&nbsp;&nbsp; <strong><a href=\"http:\/\/klubgaja.pl\/news\/287\" target=\"_blank\" rel=\"noopener\">Rymarz &#8211; kulig, wyr\u0105b, rze\u017ania ? &gt;&gt;&gt;<\/a><\/strong><\/p>\n<p><a href=\"http:\/\/klubgaja.pl\/news\/288\" target=\"_blank\" rel=\"noopener\"><img loading=\"lazy\" class=\"alignnone size-medium wp-image-3727\" title=\"feta1\" src=\"http:\/\/swietodrzewa.pl\/wp-content\/uploads\/2014\/04\/feta1-300x200.jpg\" alt=\"\" width=\"240\" height=\"161\" srcset=\"https:\/\/archiwum.swietodrzewa.pl\/wp-content\/uploads\/2014\/04\/feta1-300x200.jpg 300w, https:\/\/archiwum.swietodrzewa.pl\/wp-content\/uploads\/2014\/04\/feta1.jpg 1024w\" sizes=\"(max-width: 240px) 100vw, 240px\" \/><\/a>&nbsp;&nbsp;&nbsp;&nbsp;&nbsp;&nbsp;&nbsp;&nbsp;&nbsp;&nbsp;&nbsp;&nbsp;&nbsp; &nbsp; &nbsp; &nbsp;&nbsp; <a href=\"http:\/\/klubgaja.pl\/news\/287\" target=\"_blank\" rel=\"noopener\"><img loading=\"lazy\" class=\"alignnone size-medium wp-image-3734\" title=\"Kopia rymarz_5\" src=\"http:\/\/swietodrzewa.pl\/wp-content\/uploads\/2014\/04\/Kopia-rymarz_5-300x200.jpg\" alt=\"\" width=\"240\" height=\"161\" srcset=\"https:\/\/archiwum.swietodrzewa.pl\/wp-content\/uploads\/2014\/04\/Kopia-rymarz_5-300x200.jpg 300w, https:\/\/archiwum.swietodrzewa.pl\/wp-content\/uploads\/2014\/04\/Kopia-rymarz_5.jpg 768w\" sizes=\"(max-width: 240px) 100vw, 240px\" \/><\/a><\/p>\n<p><a href=\"http:\/\/klubgaja.pl\/news\/311\" target=\"_blank\" rel=\"noopener\"><strong>Jubileuszowa niespodzianka &gt;&gt;&gt;<\/strong><\/a>&nbsp;&nbsp;&nbsp;&nbsp;&nbsp;&nbsp;&nbsp;&nbsp;&nbsp;&nbsp;&nbsp;&nbsp;&nbsp;&nbsp;&nbsp;&nbsp;<strong>&nbsp;&nbsp;&nbsp;&nbsp;&nbsp;&nbsp;&nbsp;&nbsp;&nbsp;&nbsp;&nbsp; <a href=\"http:\/\/klubgaja.pl\/news\/310\" target=\"_blank\" rel=\"noopener\">Ko\u0144 jak z bajki &gt;&gt;&gt;<\/a><\/strong><\/p>\n<p><a href=\"http:\/\/klubgaja.pl\/news\/311\" target=\"_blank\" rel=\"noopener\"><img loading=\"lazy\" class=\"alignleft size-medium wp-image-3808\" title=\"Lucek\" src=\"http:\/\/swietodrzewa.pl\/wp-content\/uploads\/2014\/04\/Lucek-300x193.jpg\" alt=\"\" width=\"240\" height=\"161\"\/><\/a>&nbsp;&nbsp;&nbsp;&nbsp;&nbsp;&nbsp;&nbsp;&nbsp;&nbsp;&nbsp;&nbsp;&nbsp;&nbsp;&nbsp; <a href=\"http:\/\/klubgaja.pl\/news\/310\" target=\"_blank\" rel=\"noopener\"><img loading=\"lazy\" class=\"alignnone size-medium wp-image-3816\" title=\"SONY DSC\" src=\"http:\/\/swietodrzewa.pl\/wp-content\/uploads\/2014\/04\/Kropek-11-300x183.jpg\" alt=\"\" width=\"240\" height=\"161\"\/><\/a><\/p>\n<p><strong><a href=\"http:\/\/www.klubgaja.pl\/news\/302\" target=\"_blank\" rel=\"noopener\">Siedlisko bociana czarnego &gt;&gt;&gt;<\/a>&nbsp;&nbsp;&nbsp;&nbsp;&nbsp;&nbsp;&nbsp;&nbsp;&nbsp;&nbsp;&nbsp;&nbsp;&nbsp;&nbsp;&nbsp;&nbsp;&nbsp;&nbsp;&nbsp;&nbsp;&nbsp;&nbsp;<a href=\"http:\/\/www.klubgaja.pl\/news\/301\" target=\"_blank\" rel=\"noopener\"> Rezerwat <em>Wis\u0142a Pod Zawichostem<\/em> &gt;&gt;&gt;<\/a><\/strong><\/p>\n<p><a href=\"http:\/\/www.klubgaja.pl\/news\/302\" target=\"_blank\" rel=\"noopener\"><img loading=\"lazy\" class=\"alignnone size-medium wp-image-3741\" title=\"Bocian czarny - Marcin Karetta (2)\" src=\"http:\/\/swietodrzewa.pl\/wp-content\/uploads\/2014\/04\/Bocian-czarny-Marcin-Karetta-2-300x198.jpg\" alt=\"\" width=\"240\" height=\"161\"\/><\/a>&nbsp;&nbsp;&nbsp;&nbsp;&nbsp;&nbsp;&nbsp;&nbsp;&nbsp;&nbsp;&nbsp;&nbsp;&nbsp;&nbsp;&nbsp;&nbsp;&nbsp;&nbsp;&nbsp; <a href=\"http:\/\/www.klubgaja.pl\/news\/301\" target=\"_blank\" rel=\"noopener\"><img loading=\"lazy\" class=\"alignnone size-medium wp-image-3746\" title=\"Ostrygojad i rybitwa bia\u0142oczelna - M. Karetta\" src=\"http:\/\/swietodrzewa.pl\/wp-content\/uploads\/2014\/04\/Ostrygojad-i-rybitwa-bia\u0142oczelna-M.-Karetta-300x199.jpg\" alt=\"\" width=\"240\" height=\"161\"\/><\/a><\/p>\n<p>&nbsp;<\/p>\n<p>&nbsp;<\/p>\n","protected":false},"excerpt":{"rendered":"<p>Jeste\u015bmy polsk\u0105 organizacj\u0105 ekologiczn\u0105, kt\u00f3ra buduje pokolenie EkoXXI. Dzia\u0142amy na rzecz ochrony przyrody i zwierz\u0105t. Przeka\u017c Sw\u00f3j 1% Klubowi Gaja Wpisz w deklaracj\u0119 podatkow\u0105 KRS 0000120069 Wszystkim darczy\u0144com dzi\u0119kujemy! &nbsp; Program e-pity Copyright 2020-2021 e-file sp. z o.o. sp. k. Program e-pity, zosta\u0142 wykonany przez firm\u0119 e-file sp. z o.o. sp. k. Jest to innowacyjny [&hellip;]<\/p>\n","protected":false},"author":1,"featured_media":0,"parent":0,"menu_order":0,"comment_status":"closed","ping_status":"closed","template":"","meta":{"ngg_post_thumbnail":0},"_links":{"self":[{"href":"https:\/\/archiwum.swietodrzewa.pl\/index.php?rest_route=\/wp\/v2\/pages\/3595"}],"collection":[{"href":"https:\/\/archiwum.swietodrzewa.pl\/index.php?rest_route=\/wp\/v2\/pages"}],"about":[{"href":"https:\/\/archiwum.swietodrzewa.pl\/index.php?rest_route=\/wp\/v2\/types\/page"}],"author":[{"embeddable":true,"href":"https:\/\/archiwum.swietodrzewa.pl\/index.php?rest_route=\/wp\/v2\/users\/1"}],"replies":[{"embeddable":true,"href":"https:\/\/archiwum.swietodrzewa.pl\/index.php?rest_route=%2Fwp%2Fv2%2Fcomments&post=3595"}],"version-history":[{"count":203,"href":"https:\/\/archiwum.swietodrzewa.pl\/index.php?rest_route=\/wp\/v2\/pages\/3595\/revisions"}],"predecessor-version":[{"id":12736,"href":"https:\/\/archiwum.swietodrzewa.pl\/index.php?rest_route=\/wp\/v2\/pages\/3595\/revisions\/12736"}],"wp:attachment":[{"href":"https:\/\/archiwum.swietodrzewa.pl\/index.php?rest_route=%2Fwp%2Fv2%2Fmedia&parent=3595"}],"curies":[{"name":"wp","href":"https:\/\/api.w.org\/{rel}","templated":true}]}}