{"id":389,"date":"2011-12-27T14:49:35","date_gmt":"2011-12-27T13:49:35","guid":{"rendered":"http:\/\/swietodrzewa.pl\/?page_id=389"},"modified":"2014-09-10T14:13:42","modified_gmt":"2014-09-10T12:13:42","slug":"ochrona-starych-drzew","status":"publish","type":"page","link":"https:\/\/archiwum.swietodrzewa.pl\/?page_id=389","title":{"rendered":"Ochrona starych drzew"},"content":{"rendered":"<p style=\"text-align: justify;\">Jednym z dzia\u0142a\u0144 programu \u015awi\u0119to Drzewa jest otaczanie opiek\u0105 starych drzew, wyszukiwanie pomnik\u00f3w przyrody, drzew \u015bwiadk\u00f3w historii. Drzewa maj\u0105ce po kilkaset lat i b\u0119d\u0105ce \u015bwiadkami wielu wydarze\u0144, mog\u0105 sta\u0107 si\u0119 wst\u0119pem do lekcji historii lokalnej. S\u0105 tak\u017ce pomocne w nawi\u0105zaniu relacji z osobami starszymi, kt\u00f3re mog\u0105 opowiedzie\u0107 niezwyk\u0142e osobiste historie zwi\u0105zane z drzewami w swojej okolicy. Spotkanie z ogromnym i wiekowym drzewem to pocz\u0105tek budzenia szacunku do historii lokalnej ojczyzny. To tak\u017ce rozbudzanie \u015bwiadomo\u015bci potrzeby ochrony starych drzew.<\/p>\n<p><a href=\"http:\/\/swietodrzewa.pl\/wp-content\/uploads\/2011\/12\/Pomnik-przyrody.jpg\" target=\"_blank\"><img loading=\"lazy\" class=\"alignleft wp-image-4643 \" title=\"D\u0105b Dyzio - Borki w gminie Gidle (woj. \u0142\u00f3dzkie)\" src=\"http:\/\/swietodrzewa.pl\/wp-content\/uploads\/2011\/12\/Pomnik-przyrody-300x225.jpg\" alt=\"Pomnik-przyrody\" width=\"334\" height=\"250\" srcset=\"https:\/\/archiwum.swietodrzewa.pl\/wp-content\/uploads\/2011\/12\/Pomnik-przyrody-300x225.jpg 300w, https:\/\/archiwum.swietodrzewa.pl\/wp-content\/uploads\/2011\/12\/Pomnik-przyrody.jpg 1000w\" sizes=\"(max-width: 334px) 100vw, 334px\" \/><\/a>Ka\u017cdy z nas mo\u017ce spr\u00f3bowa\u0107 poszuka\u0107 w swoim otoczeniu pi\u0119knych, okaza\u0142ych drzew i zg\u0142osi\u0107 je do ochrony pomnikowej. Aby uzna\u0107 drzewo za pomnik przyrody, powinno ono, w zale\u017cno\u015bci od gatunku, spe\u0142nia\u0107 okre\u015blone kryteria, m.in. mie\u0107 odpowiedni obw\u00f3d pier\u015bnicy. Cz\u0119sto jednak mog\u0105 to by\u0107 tak\u017ce grupy drzew oraz drzewa o znacznie mniejszych rozmiarach, ale stanowi\u0105ce najstarsze, najwi\u0119ksze i najcenniejsze okazy. Tylko my sami mo\u017cemy doprowadzi\u0107 do uznania drzewa za szczeg\u00f3lny obiekt przyrodniczy.<\/p>\n<p>&nbsp;<\/p>\n<p>Na zdj\u0119ciu d\u0105b Dyzio zg\u0142oszony do ochrony pomnikowej przez w\u0142a\u015bciciela prywatnej posesji.<br \/>\nFot. Klub Gaja \/ Tomek Piku\u0142a<\/p>\n","protected":false},"excerpt":{"rendered":"<p>Jednym z dzia\u0142a\u0144 programu \u015awi\u0119to Drzewa jest otaczanie opiek\u0105 starych drzew, wyszukiwanie pomnik\u00f3w przyrody, drzew \u015bwiadk\u00f3w historii. Drzewa maj\u0105ce po kilkaset lat i b\u0119d\u0105ce \u015bwiadkami wielu wydarze\u0144, mog\u0105 sta\u0107 si\u0119 wst\u0119pem do lekcji historii lokalnej. S\u0105 tak\u017ce pomocne w nawi\u0105zaniu relacji z osobami starszymi, kt\u00f3re mog\u0105 opowiedzie\u0107 niezwyk\u0142e osobiste historie zwi\u0105zane z drzewami w swojej [&hellip;]<\/p>\n","protected":false},"author":1,"featured_media":0,"parent":8,"menu_order":5,"comment_status":"closed","ping_status":"closed","template":"","meta":{"ngg_post_thumbnail":0},"_links":{"self":[{"href":"https:\/\/archiwum.swietodrzewa.pl\/index.php?rest_route=\/wp\/v2\/pages\/389"}],"collection":[{"href":"https:\/\/archiwum.swietodrzewa.pl\/index.php?rest_route=\/wp\/v2\/pages"}],"about":[{"href":"https:\/\/archiwum.swietodrzewa.pl\/index.php?rest_route=\/wp\/v2\/types\/page"}],"author":[{"embeddable":true,"href":"https:\/\/archiwum.swietodrzewa.pl\/index.php?rest_route=\/wp\/v2\/users\/1"}],"replies":[{"embeddable":true,"href":"https:\/\/archiwum.swietodrzewa.pl\/index.php?rest_route=%2Fwp%2Fv2%2Fcomments&post=389"}],"version-history":[{"count":40,"href":"https:\/\/archiwum.swietodrzewa.pl\/index.php?rest_route=\/wp\/v2\/pages\/389\/revisions"}],"predecessor-version":[{"id":4717,"href":"https:\/\/archiwum.swietodrzewa.pl\/index.php?rest_route=\/wp\/v2\/pages\/389\/revisions\/4717"}],"up":[{"embeddable":true,"href":"https:\/\/archiwum.swietodrzewa.pl\/index.php?rest_route=\/wp\/v2\/pages\/8"}],"wp:attachment":[{"href":"https:\/\/archiwum.swietodrzewa.pl\/index.php?rest_route=%2Fwp%2Fv2%2Fmedia&parent=389"}],"curies":[{"name":"wp","href":"https:\/\/api.w.org\/{rel}","templated":true}]}}