{"id":395,"date":"2011-12-27T14:58:53","date_gmt":"2011-12-27T13:58:53","guid":{"rendered":"http:\/\/swietodrzewa.pl\/?page_id=395"},"modified":"2022-09-07T14:00:42","modified_gmt":"2022-09-07T12:00:42","slug":"dobre-praktyki","status":"publish","type":"page","link":"https:\/\/archiwum.swietodrzewa.pl\/?page_id=395","title":{"rendered":"Dobre praktyki"},"content":{"rendered":"<h1>Jak rozwija\u0107 \u015awi\u0119to Drzewa?<\/h1>\n<p style=\"text-align: left;\">Obok sadzenia drzew, poznawania przyczyn i skutk\u00f3w zmian klimatycznych kolejn\u0105 ide\u0105 \u015awi\u0119ta Drzewa jest wsp\u00f3\u0142praca na rzecz zr\u00f3wnowa\u017conego rozwoju oraz budowania kapita\u0142u ekologicznego i spo\u0142ecznego. Wsp\u00f3\u0142praca pomi\u0119dzy r\u00f3\u017cnorodnymi podmiotami \u2013 reprezentantami r\u00f3\u017cnych grup spo\u0142ecznych jest norm\u0105 w krajach wysokorozwini\u0119tych. Jest podstaw\u0105 do budowania zaufania, bez kt\u00f3rego pokonywanie zagro\u017ce\u0144, przed kt\u00f3rymi stoi nasza planeta b\u0119dzie bardzo trudne, albo wr\u0119cz niemo\u017cliwe. Wszyscy ponosimy odpowiedzialno\u015b\u0107 za przysz\u0142o\u015b\u0107 Ziemi, tak jak ka\u017cdy z nas odpowiedzialny jest za w\u0142asne \u017cycie. Sadzenie drzew czy piel\u0119gnowanie ju\u017c rosn\u0105cych, mo\u017ce by\u0107 okazj\u0105 do realizacji zbie\u017cnych cel\u00f3w, przebywania ze sob\u0105, poznawania si\u0119, wymiany my\u015bli, wiedzy, umiej\u0119tno\u015bci i \u2026 talent\u00f3w.<\/p>\n<h1>Wsp\u00f3\u0142praca spo\u0142eczna i dzia\u0142anie obywatelskie<\/h1>\n<p style=\"text-align: left;\">\u015awi\u0119to Drzewa jak wi\u0119kszo\u015b\u0107 program\u00f3w Klubu Gaja nakierowany jest na wypracowanie trwa\u0142ej zmiany spo\u0142ecznej. Nie b\u0119dzie to mo\u017cliwe bez wsp\u00f3\u0142pracy i zaanga\u017cowania obywatelskiego. Z drugiej strony wszyscy partnerzy \u015awi\u0119ta Drzewa \u2013 od indywidualnych os\u00f3b po ca\u0142e spo\u0142eczno\u015bci \u2013 przyst\u0119puj\u0105 do dzia\u0142a\u0144 programu ca\u0142kowicie dobrowolnie dostrzegaj\u0105c w nim korzy\u015bci nie tylko dla siebie, ale przede wszystkim dla swojego otoczenia, regionu, a w ko\u0144cu ca\u0142ej planety.<\/p>\n<p style=\"text-align: left;\">Zasada wsp\u00f3\u0142pracy, powi\u0119kszania liczby partner\u00f3w sprawia, \u017ce zasi\u0119g \u015awi\u0119ta Drzewa z roku na rok powi\u0119ksza si\u0119 i co ciekawe, jest systematycznie przenoszony do innych kraj\u00f3w. Wsp\u00f3\u0142praca i udzia\u0142 spo\u0142eczny jest r\u00f3wnie\u017c gwarancj\u0105 kontynuacji programu w kolejnych latach. \u015awi\u0119to Drzewa zosta\u0142o dostrze\u017cone przez Instytut Spraw Publicznych<br \/>\ni rekomendowane w wydawnictwie Inspirator Obywatelski \u2013 przewodnik po nieformalnej edukacji obywatelskiej w bibliotekach publicznych i nie tylko&#8230; Informator trafi\u0142 do bibliotek w kraju i za granic\u0105 jako zbi\u00f3r dobrych praktyk dla dzia\u0142a\u0144 obywatelskich w sferze ochrony \u015brodowiska.<\/p>\n<p style=\"text-align: left;\">Mo\u017ce nas by\u0107 jeszcze wi\u0119cej! \u015awi\u0119to Drzewa Klubu Gaja nie ma \u017cadnych ogranicze\u0144 dla os\u00f3b z wyobra\u017ani\u0105, otwartych na innych. Nadsy\u0142ane sprawozdania pokazuj\u0105 dobre praktyki czyli sposoby: jak skutecznie anga\u017cowa\u0107 i zainteresowa\u0107 innych, jak kreowa\u0107 ciekawe wydarzenia i jak nawi\u0105zywa\u0107 dobre kontakty.<\/p>\n<p>&nbsp;<\/p>\n<p>&nbsp;<\/p>\n","protected":false},"excerpt":{"rendered":"<p>Jak rozwija\u0107 \u015awi\u0119to Drzewa? Obok sadzenia drzew, poznawania przyczyn i skutk\u00f3w zmian klimatycznych kolejn\u0105 ide\u0105 \u015awi\u0119ta Drzewa jest wsp\u00f3\u0142praca na rzecz zr\u00f3wnowa\u017conego rozwoju oraz budowania kapita\u0142u ekologicznego i spo\u0142ecznego. Wsp\u00f3\u0142praca pomi\u0119dzy r\u00f3\u017cnorodnymi podmiotami \u2013 reprezentantami r\u00f3\u017cnych grup spo\u0142ecznych jest norm\u0105 w krajach wysokorozwini\u0119tych. Jest podstaw\u0105 do budowania zaufania, bez kt\u00f3rego pokonywanie zagro\u017ce\u0144, przed kt\u00f3rymi stoi [&hellip;]<\/p>\n","protected":false},"author":1,"featured_media":0,"parent":8,"menu_order":15,"comment_status":"closed","ping_status":"closed","template":"","meta":{"ngg_post_thumbnail":0},"_links":{"self":[{"href":"https:\/\/archiwum.swietodrzewa.pl\/index.php?rest_route=\/wp\/v2\/pages\/395"}],"collection":[{"href":"https:\/\/archiwum.swietodrzewa.pl\/index.php?rest_route=\/wp\/v2\/pages"}],"about":[{"href":"https:\/\/archiwum.swietodrzewa.pl\/index.php?rest_route=\/wp\/v2\/types\/page"}],"author":[{"embeddable":true,"href":"https:\/\/archiwum.swietodrzewa.pl\/index.php?rest_route=\/wp\/v2\/users\/1"}],"replies":[{"embeddable":true,"href":"https:\/\/archiwum.swietodrzewa.pl\/index.php?rest_route=%2Fwp%2Fv2%2Fcomments&post=395"}],"version-history":[{"count":17,"href":"https:\/\/archiwum.swietodrzewa.pl\/index.php?rest_route=\/wp\/v2\/pages\/395\/revisions"}],"predecessor-version":[{"id":14440,"href":"https:\/\/archiwum.swietodrzewa.pl\/index.php?rest_route=\/wp\/v2\/pages\/395\/revisions\/14440"}],"up":[{"embeddable":true,"href":"https:\/\/archiwum.swietodrzewa.pl\/index.php?rest_route=\/wp\/v2\/pages\/8"}],"wp:attachment":[{"href":"https:\/\/archiwum.swietodrzewa.pl\/index.php?rest_route=%2Fwp%2Fv2%2Fmedia&parent=395"}],"curies":[{"name":"wp","href":"https:\/\/api.w.org\/{rel}","templated":true}]}}