{"id":4629,"date":"2014-09-08T14:17:22","date_gmt":"2014-09-08T12:17:22","guid":{"rendered":"http:\/\/swietodrzewa.pl\/?page_id=4629"},"modified":"2019-11-21T11:50:27","modified_gmt":"2019-11-21T10:50:27","slug":"jak-zglosic-drzewo-do-ochrony","status":"publish","type":"page","link":"https:\/\/archiwum.swietodrzewa.pl\/?page_id=4629","title":{"rendered":"Jak zg\u0142osi\u0107 drzewo do ochrony"},"content":{"rendered":"<p style=\"text-align: justify;\"><a href=\"http:\/\/swietodrzewa.pl\/wp-content\/uploads\/2019\/02\/Grusza-1-Ewa-Krucewicz.jpg\"><img loading=\"lazy\" class=\"alignleft size-medium wp-image-11216\" src=\"http:\/\/swietodrzewa.pl\/wp-content\/uploads\/2019\/02\/Grusza-1-Ewa-Krucewicz-300x225.jpg\" alt=\"\" width=\"300\" height=\"225\" srcset=\"https:\/\/archiwum.swietodrzewa.pl\/wp-content\/uploads\/2019\/02\/Grusza-1-Ewa-Krucewicz-300x225.jpg 300w, https:\/\/archiwum.swietodrzewa.pl\/wp-content\/uploads\/2019\/02\/Grusza-1-Ewa-Krucewicz-768x576.jpg 768w, https:\/\/archiwum.swietodrzewa.pl\/wp-content\/uploads\/2019\/02\/Grusza-1-Ewa-Krucewicz.jpg 1024w\" sizes=\"(max-width: 300px) 100vw, 300px\" \/><\/a><strong>Aby zg\u0142osi\u0107 drzewo do ochrony pomnikowej nale\u017cy z\u0142o\u017cy\u0107 wniosek do urz\u0119du gminy lub miasta.<\/strong> Podstawow\u0105 spraw\u0105 przy sk\u0142adaniu wniosku jest<strong> okre\u015blenie gatunku interesuj\u0105cego nas drzewa oraz obw\u00f3d jego pnia na wysoko\u015bci 130 cm od ziemi.<\/strong> Na rynku jest dost\u0119pny szeroki wachlarz przewodnik\u00f3w do oznaczania drzew i mo\u017cna z nich skorzysta\u0107. Pomiar obwodu drzewa dokonuje si\u0119 na wysoko\u015bci tak zwanej pier\u015bnicy, czyli 130 cm od ziemi, je\u015bli drzewo na tej wysoko\u015bci posiada kilka pni to mierzymy wszystkie i sumujemy. Ponadto wniosek powinien zawiera\u0107 <strong>jak najdok\u0142adniejsz\u0105 lokalizacj\u0119 obiektu<\/strong>, na kt\u00f3rej ro\u015bnie drzewo; w lesie nale\u017cy poda\u0107 obw\u00f3d i podobw\u00f3d le\u015bny (je\u015bli nie mamy dost\u0119pu do map le\u015bnych to wykorzystujemy mapy tradycyjne) mo\u017cna te\u017c zamie\u015bci\u0107 mapk\u0119 sytuacyjn\u0105 z zaznaczonym drzewem. Dobrze, gdy wniosek zawiera r\u00f3wnie\u017c <strong>dokumentacj\u0119 fotograficzn\u0105 obiektu<\/strong>. Ju\u017c po z\u0142o\u017ceniu wniosku procedura kwalifikacyjna pomnika mo\u017ce trwa\u0107 dosy\u0107 d\u0142ugo, wi\u0119c warto systematycznie dowiadywa\u0107 si\u0119 u zajmuj\u0105cych si\u0119 t\u0105 spraw\u0105 urz\u0119dnik\u00f3w o los interesuj\u0105cego nas drzewa.<\/p>\n<p><strong>Minimalny obw\u00f3d drzewa kwalifikuj\u0105cy do uznania go za pomnik przyrody znajdziemy w Rozporz\u0105dzeniu Ministra \u015arodowiska z dnia 4 grudnia 2017 r. w sprawie kryteri\u00f3w uznawania twor\u00f3w przyrody \u017cywej i nieo\u017cywionej za pomniki przyrody &#8211;<a href=\"http:\/\/swietodrzewa.pl\/wp-content\/uploads\/2019\/05\/D20172300.pdf\"> wersja pdf do pobrania<\/a><br \/>\n<\/strong><\/p>\n<p><strong>Wniosek o uznanie Pomnikiem Przyrody<\/strong><\/p>\n<p>1. Przedmiot ochrony \u2026\u2026\u2026\u2026\u2026\u2026\u2026\u2026\u2026\u2026\u2026<br \/>\n2. Nazwa Projektowanego Pomnika (proponowana lub istniej\u0105ca)\u2026\u2026\u2026\u2026\u2026\u2026\u2026\u2026\u2026..<br \/>\n3. Opis pomnika<br \/>\na) gatunek<br \/>\nb) obw\u00f3d pier\u015bnicy w cm<br \/>\nc) pier\u015bnica w cm<br \/>\nd) wysoko\u015b\u0107 w m<br \/>\ne) wysoko\u015b\u0107 do pierwszego konaru w m<br \/>\nf) stan zdrowotny i zauwa\u017cone uszkodzenia<br \/>\ng) wymagane zabiegi ochronne<br \/>\nh) inne uwagi<br \/>\n4. Adres obiektu\u2026\u2026\u2026\u2026\u2026\u2026\u2026<br \/>\na) miejscowo\u015b\u0107<br \/>\nb) gmina<br \/>\nc) nadle\u015bnictwo, le\u015bnictwo, obr\u0119b<br \/>\nd) numer ewidencyjny dzia\u0142ki, wed\u0142ug ewidencji grunt\u00f3w<br \/>\ne) nazwa w\u0142a\u015bciciela dzia\u0142ki, na kt\u00f3rej zlokalizowany jest obiekt<br \/>\nf) kr\u00f3tki opis dzia\u0142alno\u015bci cz\u0142owieka w okolicy pomnika<br \/>\ng) informacje dodatkowe zwi\u0105zane z lokalizacj\u0105 przestrzenn\u0105 obiektu<br \/>\n&#8211; dojazd PKP lub PKS do miejscowo\u015bci \u2026\u2026\u2026 sk\u0105d do pomnika jest \u2026\u2026. km<br \/>\n&#8211; najbli\u017csza osada oddalona jest od pomnika o \u2026\u2026\u2026\u2026. km<br \/>\n&#8211; kr\u00f3tki opis gruntu na kt\u00f3rym znajduje si\u0119 obiekt<\/p>\n<p>Opis ewidencyjny wykona\u0142 w dniu<br \/>\nImi\u0119 i nazwisko<br \/>\nAdres<br \/>\nTelefon<br \/>\nStanowisko s\u0142u\u017cbowe<\/p>\n<p style=\"text-align: justify;\"><strong>Uwagi:<\/strong><strong><br \/>\n<\/strong>Je\u015bli nie dysponujemy wszystkimi danymi, to mo\u017cna niekt\u00f3re pomin\u0105\u0107, absolutnie niezb\u0119dny jest gatunek, wymiar i lokalizacja (jak poni\u017cej).<br \/>\nW przypadku wi\u0119kszej ilo\u015bci drzew np. alei do wniosku nale\u017cy do\u0142\u0105czy\u0107 spis pomiar\u00f3w wszystkich drzew ( oddzielnie dla prawej i lewej strony alei)<br \/>\nNumer ewidencyjny dzia\u0142ki podaje Urz\u0105d Gminy (lub Urz\u0105d Miasta i Gminy) i do\u0142\u0105cza wycinek<br \/>\nz mapy ewidencyjnej z dok\u0142adnym oznaczeniem miejsca po\u0142o\u017cenia pomnika.<br \/>\nDo wniosku nale\u017cy do\u0142\u0105czy\u0107:<br \/>\n&#8211; wycinek mapy pozwalaj\u0105cy zlokalizowa\u0107 miejscowo\u015b\u0107, w kt\u00f3rej znajduje si\u0119 pomnik,<br \/>\n&#8211; dok\u0142adny szkic (map\u0119 w skali 1:5000) umo\u017cliwiaj\u0105cy odnalezienie pomnika w terenie, po\u017c\u0105dana jest tak\u017ce dokumentacja fotograficzna.<\/p>\n<p style=\"text-align: justify;\">Przybli\u017cony wiek drzewa mo\u017cemy okre\u015bli\u0107 na podstawie tabeli wiekowych drzew. Najbardziej znana jest <a href=\"http:\/\/swietodrzewa.pl\/wp-content\/uploads\/2019\/11\/tabela_wiekowa_drzew.pdf\"><strong>tabela wiekowa drzew Majdeckiego<\/strong>&gt;&gt;&gt;<\/a><\/p>\n","protected":false},"excerpt":{"rendered":"<p>Aby zg\u0142osi\u0107 drzewo do ochrony pomnikowej nale\u017cy z\u0142o\u017cy\u0107 wniosek do urz\u0119du gminy lub miasta. Podstawow\u0105 spraw\u0105 przy sk\u0142adaniu wniosku jest okre\u015blenie gatunku interesuj\u0105cego nas drzewa oraz obw\u00f3d jego pnia na wysoko\u015bci 130 cm od ziemi. Na rynku jest dost\u0119pny szeroki wachlarz przewodnik\u00f3w do oznaczania drzew i mo\u017cna z nich skorzysta\u0107. Pomiar obwodu drzewa dokonuje si\u0119 [&hellip;]<\/p>\n","protected":false},"author":1,"featured_media":0,"parent":389,"menu_order":0,"comment_status":"closed","ping_status":"closed","template":"","meta":{"ngg_post_thumbnail":0},"_links":{"self":[{"href":"https:\/\/archiwum.swietodrzewa.pl\/index.php?rest_route=\/wp\/v2\/pages\/4629"}],"collection":[{"href":"https:\/\/archiwum.swietodrzewa.pl\/index.php?rest_route=\/wp\/v2\/pages"}],"about":[{"href":"https:\/\/archiwum.swietodrzewa.pl\/index.php?rest_route=\/wp\/v2\/types\/page"}],"author":[{"embeddable":true,"href":"https:\/\/archiwum.swietodrzewa.pl\/index.php?rest_route=\/wp\/v2\/users\/1"}],"replies":[{"embeddable":true,"href":"https:\/\/archiwum.swietodrzewa.pl\/index.php?rest_route=%2Fwp%2Fv2%2Fcomments&post=4629"}],"version-history":[{"count":19,"href":"https:\/\/archiwum.swietodrzewa.pl\/index.php?rest_route=\/wp\/v2\/pages\/4629\/revisions"}],"predecessor-version":[{"id":11919,"href":"https:\/\/archiwum.swietodrzewa.pl\/index.php?rest_route=\/wp\/v2\/pages\/4629\/revisions\/11919"}],"up":[{"embeddable":true,"href":"https:\/\/archiwum.swietodrzewa.pl\/index.php?rest_route=\/wp\/v2\/pages\/389"}],"wp:attachment":[{"href":"https:\/\/archiwum.swietodrzewa.pl\/index.php?rest_route=%2Fwp%2Fv2%2Fmedia&parent=4629"}],"curies":[{"name":"wp","href":"https:\/\/api.w.org\/{rel}","templated":true}]}}