{"id":494,"date":"2011-12-28T11:51:23","date_gmt":"2011-12-28T10:51:23","guid":{"rendered":"http:\/\/swietodrzewa.pl\/?page_id=494"},"modified":"2014-04-16T15:44:44","modified_gmt":"2014-04-16T13:44:44","slug":"odkryj-swoj-park","status":"publish","type":"page","link":"https:\/\/archiwum.swietodrzewa.pl\/?page_id=494","title":{"rendered":"Odkryj sw\u00f3j park"},"content":{"rendered":"<p><a href=\"http:\/\/www.klubgaja.pl\/swieto_drzewa\/park\/\" target=\"_blank\"><br \/>\n<\/a><strong><span style=\"font-size: 13.5pt; font-family: Arial;\">Zapraszamy na zaj\u0119cia edukacyjne <\/span><\/strong><\/p>\n<p style=\"text-align: justify;\">Zapraszamy plac\u00f3wki o\u015bwiatowe na <strong>zaj\u0119cia warsztatowe &#8222;Odkryj sw\u00f3j park&#8221;, <\/strong>na kt\u00f3rych b\u0119dzie mo\u017cna zdoby\u0107 informacje na temat obejmowania opiek\u0105 i ochron\u0105 cennych przyrodniczo miejsc, zg\u0142aszania drzew do ochrony pomnikowej, a tak\u017ce nauczy\u0107 si\u0119 oznaczania drzew<br \/>\ni krzew\u00f3w.\u00a0Warsztaty prowadzone s\u0105 na \u015bcie\u017cce edukacyjno-przyrodniczej Klubu Gaja &#8222;Odkryj sw\u00f3j park&#8221; w Wilkowicach.<br \/>\n<strong>Wszystkich zainteresowanych prosimy o kontakt z naszym biurem, tel. 033 812 36 94 lub e-mail: <\/strong><a href=\"mailto:klubgaja@klubgaja.pl\"><strong>klubgaja@klubgaja.pl<\/strong><\/a><strong> <\/strong><\/p>\n<p><strong>Wykorzystanie walor\u00f3w przyrodniczych parku podczas zaj\u0119\u0107 dydaktycznyc<\/strong><a href=\"http:\/\/swietodrzewa.pl\/wp-content\/uploads\/2011\/12\/2342.jpg\" target=\"_blank\"><img loading=\"lazy\" class=\"alignright size-medium wp-image-3548\" style=\"margin: 20px;\" title=\"Podczas zaj\u0119\u0107\" src=\"http:\/\/swietodrzewa.pl\/wp-content\/uploads\/2011\/12\/2342-300x225.jpg\" alt=\"\" width=\"300\" height=\"225\" \/><\/a><strong>h<\/strong><\/p>\n<p style=\"text-align: justify;\">Na terenie parku gminnego w Wilkowicach mo\u017cemy zaobserwowa\u0107 kilka interesuj\u0105cych z przyrodniczego punktu widzenia zjawisk, kt\u00f3re mog\u0105 by\u0107 pokazane podczas zaj\u0119\u0107 dydaktycznych prowadzonych z dzie\u0107mi i m\u0142odzie\u017c\u0105.<br \/>\nPark powsta\u0142 na siedlisku lasu gr\u0105dowego (lipowo-d\u0119bowo-grabowego), kt\u00f3re to lasy s\u0105 obecnie bardzo rzadkie na terenie kraju. Przyczyn\u0105 ich zaniku jest wysoka \u017cyzno\u015b\u0107 gleb, na kt\u00f3rych wyst\u0119puj\u0105, w wyniku czego by\u0142y karczowane i zamieniane na pola uprawne. Zwiedzaj\u0105c wilkowicki park mamy rzadk\u0105 mo\u017cliwo\u015b\u0107 zapoznania si\u0119 z tym typem lasu. Podczas zaj\u0119\u0107 dydaktycznych stwarza to mo\u017cliwo\u015b\u0107 m\u00f3wienia o r\u00f3\u017cnych typach zbiorowisk ro\u015blinnych wyst\u0119puj\u0105cych na terenie kraju oraz o wzajemnych powi\u0105zaniach pomi\u0119dzy rodzajem gleby i jej wilgotno\u015bci\u0105, wysoko\u015bci\u0105 nad poziomem morza, poziomem opad\u00f3w a drzewami i ro\u015blinami runa.<\/p>\n<p style=\"text-align: justify;\">Na terenie parku wyst\u0119puje kilka drzew o wymiarach kwalifikuj\u0105cych je do ochrony pomnikowej. Podczas prowadzenia zaj\u0119\u0107 bardzo du\u017cym zainteresowaniem uczestnik\u00f3w ciesz\u0105 si\u0119 pomiary drzew. Na przyk\u0142adzie wybranych dorodnych drzew dokonujemy ich pomiar\u00f3w a nast\u0119pnie wsp\u00f3lnie z m\u0142odzie\u017c\u0105 wype\u0142niamy wniosek o uznanie drzewa za pomnik przyrody.<\/p>\n<p style=\"text-align: justify;\">Zg\u0142oszenie drzewa jako pomnika przyrody jest dzia\u0142aniem, kt\u00f3re ka\u017cdy z uczestnik\u00f3w mo\u017ce zrobi\u0107 samodzielnie i podczas naszych zaj\u0119\u0107 zdobywa tak\u0105 umiej\u0119tno\u015b\u0107. Ponadto stwarza to okazje do przybli\u017cenia idei ochrony pomnikowej drzew i innych obiekt\u00f3w cennych przyrodniczo. Wizyta w parku w r\u00f3\u017cnych porach roku stwarza mo\u017cliwo\u015b\u0107 obserwowania r\u00f3\u017cnych gatunk\u00f3w ro\u015blin zielnych kwitn\u0105cych od wczesnej wiosny po p\u00f3\u017anego lata.\u00a0 Z powodu znacznego zacienienia dna lasu, park bardzo pi\u0119knie prezentuje si\u0119 wczesn\u0105 wiosn\u0105, gdy masowo kwitn\u0105 w nim ro\u015bliny zakwitaj\u0105ce przed rozwini\u0119ciem si\u0119 li\u015bci na drzewach np. zawilec gajowy.<\/p>\n<p><em>Jaros\u0142aw Kasprzyk<\/em><\/p>\n<p>&nbsp;<\/p>\n<p><strong>\u00a0Zobacz galeri\u0119<\/strong><\/p>\n<!-- default-view.php -->\n<div\n\tclass=\"ngg-galleryoverview default-view \n\t ngg-ajax-pagination-none\t\"\n\tid=\"ngg-gallery-cd185b160fcaccba056c1e59eb7c565b-1\">\n\n\t\t<!-- Thumbnails -->\n\t\t\t\t<div id=\"ngg-image-0\" class=\"ngg-gallery-thumbnail-box \n\t\t\t\t\t\t\t\t\t\t\t\" \n\t\t\t>\n\t\t\t\t\t\t<div class=\"ngg-gallery-thumbnail\">\n\t\t\t<a href=\"https:\/\/archiwum.swietodrzewa.pl\/wp-content\/gallery\/odkryj-swoj-park\/zajecia-edukacyjne-1.jpg\"\n\t\t\t\ttitle=\"\"\n\t\t\t\tdata-src=\"https:\/\/archiwum.swietodrzewa.pl\/wp-content\/gallery\/odkryj-swoj-park\/zajecia-edukacyjne-1.jpg\"\n\t\t\t\tdata-thumbnail=\"https:\/\/archiwum.swietodrzewa.pl\/wp-content\/gallery\/odkryj-swoj-park\/thumbs\/thumbs_zajecia-edukacyjne-1.jpg\"\n\t\t\t\tdata-image-id=\"542\"\n\t\t\t\tdata-title=\"zajecia-edukacyjne-1\"\n\t\t\t\tdata-description=\"\"\n\t\t\t\tdata-image-slug=\"zajecia-edukacyjne-1\"\n\t\t\t\tclass=\"shutterset_cd185b160fcaccba056c1e59eb7c565b\">\n\t\t\t\t<img\n\t\t\t\t\ttitle=\"zajecia-edukacyjne-1\"\n\t\t\t\t\talt=\"zajecia-edukacyjne-1\"\n\t\t\t\t\tsrc=\"https:\/\/archiwum.swietodrzewa.pl\/wp-content\/gallery\/odkryj-swoj-park\/thumbs\/thumbs_zajecia-edukacyjne-1.jpg\"\n\t\t\t\t\twidth=\"100\"\n\t\t\t\t\theight=\"75\"\n\t\t\t\t\tstyle=\"max-width:100%;\"\n\t\t\t\t\/>\n\t\t\t<\/a>\n\t\t<\/div>\n\t\t\t\t\t\t\t<\/div> \n\t\t\t\n\t\t\t\t<div id=\"ngg-image-1\" class=\"ngg-gallery-thumbnail-box \n\t\t\t\t\t\t\t\t\t\t\t\" \n\t\t\t>\n\t\t\t\t\t\t<div class=\"ngg-gallery-thumbnail\">\n\t\t\t<a href=\"https:\/\/archiwum.swietodrzewa.pl\/wp-content\/gallery\/odkryj-swoj-park\/zajecia-edukacyjne-10.jpg\"\n\t\t\t\ttitle=\"\"\n\t\t\t\tdata-src=\"https:\/\/archiwum.swietodrzewa.pl\/wp-content\/gallery\/odkryj-swoj-park\/zajecia-edukacyjne-10.jpg\"\n\t\t\t\tdata-thumbnail=\"https:\/\/archiwum.swietodrzewa.pl\/wp-content\/gallery\/odkryj-swoj-park\/thumbs\/thumbs_zajecia-edukacyjne-10.jpg\"\n\t\t\t\tdata-image-id=\"543\"\n\t\t\t\tdata-title=\"zajecia-edukacyjne-10\"\n\t\t\t\tdata-description=\"\"\n\t\t\t\tdata-image-slug=\"zajecia-edukacyjne-10\"\n\t\t\t\tclass=\"shutterset_cd185b160fcaccba056c1e59eb7c565b\">\n\t\t\t\t<img\n\t\t\t\t\ttitle=\"zajecia-edukacyjne-10\"\n\t\t\t\t\talt=\"zajecia-edukacyjne-10\"\n\t\t\t\t\tsrc=\"https:\/\/archiwum.swietodrzewa.pl\/wp-content\/gallery\/odkryj-swoj-park\/thumbs\/thumbs_zajecia-edukacyjne-10.jpg\"\n\t\t\t\t\twidth=\"100\"\n\t\t\t\t\theight=\"75\"\n\t\t\t\t\tstyle=\"max-width:100%;\"\n\t\t\t\t\/>\n\t\t\t<\/a>\n\t\t<\/div>\n\t\t\t\t\t\t\t<\/div> \n\t\t\t\n\t\t\t\t<div id=\"ngg-image-2\" class=\"ngg-gallery-thumbnail-box \n\t\t\t\t\t\t\t\t\t\t\t\" \n\t\t\t>\n\t\t\t\t\t\t<div class=\"ngg-gallery-thumbnail\">\n\t\t\t<a href=\"https:\/\/archiwum.swietodrzewa.pl\/wp-content\/gallery\/odkryj-swoj-park\/zajecia-edukacyjne-11.jpg\"\n\t\t\t\ttitle=\"\"\n\t\t\t\tdata-src=\"https:\/\/archiwum.swietodrzewa.pl\/wp-content\/gallery\/odkryj-swoj-park\/zajecia-edukacyjne-11.jpg\"\n\t\t\t\tdata-thumbnail=\"https:\/\/archiwum.swietodrzewa.pl\/wp-content\/gallery\/odkryj-swoj-park\/thumbs\/thumbs_zajecia-edukacyjne-11.jpg\"\n\t\t\t\tdata-image-id=\"544\"\n\t\t\t\tdata-title=\"zajecia-edukacyjne-11\"\n\t\t\t\tdata-description=\"\"\n\t\t\t\tdata-image-slug=\"zajecia-edukacyjne-11\"\n\t\t\t\tclass=\"shutterset_cd185b160fcaccba056c1e59eb7c565b\">\n\t\t\t\t<img\n\t\t\t\t\ttitle=\"zajecia-edukacyjne-11\"\n\t\t\t\t\talt=\"zajecia-edukacyjne-11\"\n\t\t\t\t\tsrc=\"https:\/\/archiwum.swietodrzewa.pl\/wp-content\/gallery\/odkryj-swoj-park\/thumbs\/thumbs_zajecia-edukacyjne-11.jpg\"\n\t\t\t\t\twidth=\"100\"\n\t\t\t\t\theight=\"75\"\n\t\t\t\t\tstyle=\"max-width:100%;\"\n\t\t\t\t\/>\n\t\t\t<\/a>\n\t\t<\/div>\n\t\t\t\t\t\t\t<\/div> \n\t\t\t\n\t\t\t\t<div id=\"ngg-image-3\" class=\"ngg-gallery-thumbnail-box \n\t\t\t\t\t\t\t\t\t\t\t\" \n\t\t\t>\n\t\t\t\t\t\t<div class=\"ngg-gallery-thumbnail\">\n\t\t\t<a href=\"https:\/\/archiwum.swietodrzewa.pl\/wp-content\/gallery\/odkryj-swoj-park\/zajecia-edukacyjne-13.jpg\"\n\t\t\t\ttitle=\"\"\n\t\t\t\tdata-src=\"https:\/\/archiwum.swietodrzewa.pl\/wp-content\/gallery\/odkryj-swoj-park\/zajecia-edukacyjne-13.jpg\"\n\t\t\t\tdata-thumbnail=\"https:\/\/archiwum.swietodrzewa.pl\/wp-content\/gallery\/odkryj-swoj-park\/thumbs\/thumbs_zajecia-edukacyjne-13.jpg\"\n\t\t\t\tdata-image-id=\"545\"\n\t\t\t\tdata-title=\"zajecia-edukacyjne-13\"\n\t\t\t\tdata-description=\"\"\n\t\t\t\tdata-image-slug=\"zajecia-edukacyjne-13\"\n\t\t\t\tclass=\"shutterset_cd185b160fcaccba056c1e59eb7c565b\">\n\t\t\t\t<img\n\t\t\t\t\ttitle=\"zajecia-edukacyjne-13\"\n\t\t\t\t\talt=\"zajecia-edukacyjne-13\"\n\t\t\t\t\tsrc=\"https:\/\/archiwum.swietodrzewa.pl\/wp-content\/gallery\/odkryj-swoj-park\/thumbs\/thumbs_zajecia-edukacyjne-13.jpg\"\n\t\t\t\t\twidth=\"100\"\n\t\t\t\t\theight=\"75\"\n\t\t\t\t\tstyle=\"max-width:100%;\"\n\t\t\t\t\/>\n\t\t\t<\/a>\n\t\t<\/div>\n\t\t\t\t\t\t\t<\/div> \n\t\t\t\n\t\t\t\t<div id=\"ngg-image-4\" class=\"ngg-gallery-thumbnail-box \n\t\t\t\t\t\t\t\t\t\t\t\" \n\t\t\t>\n\t\t\t\t\t\t<div class=\"ngg-gallery-thumbnail\">\n\t\t\t<a href=\"https:\/\/archiwum.swietodrzewa.pl\/wp-content\/gallery\/odkryj-swoj-park\/zajecia-edukacyjne-14.jpg\"\n\t\t\t\ttitle=\"\"\n\t\t\t\tdata-src=\"https:\/\/archiwum.swietodrzewa.pl\/wp-content\/gallery\/odkryj-swoj-park\/zajecia-edukacyjne-14.jpg\"\n\t\t\t\tdata-thumbnail=\"https:\/\/archiwum.swietodrzewa.pl\/wp-content\/gallery\/odkryj-swoj-park\/thumbs\/thumbs_zajecia-edukacyjne-14.jpg\"\n\t\t\t\tdata-image-id=\"546\"\n\t\t\t\tdata-title=\"zajecia-edukacyjne-14\"\n\t\t\t\tdata-description=\"\"\n\t\t\t\tdata-image-slug=\"zajecia-edukacyjne-14\"\n\t\t\t\tclass=\"shutterset_cd185b160fcaccba056c1e59eb7c565b\">\n\t\t\t\t<img\n\t\t\t\t\ttitle=\"zajecia-edukacyjne-14\"\n\t\t\t\t\talt=\"zajecia-edukacyjne-14\"\n\t\t\t\t\tsrc=\"https:\/\/archiwum.swietodrzewa.pl\/wp-content\/gallery\/odkryj-swoj-park\/thumbs\/thumbs_zajecia-edukacyjne-14.jpg\"\n\t\t\t\t\twidth=\"100\"\n\t\t\t\t\theight=\"75\"\n\t\t\t\t\tstyle=\"max-width:100%;\"\n\t\t\t\t\/>\n\t\t\t<\/a>\n\t\t<\/div>\n\t\t\t\t\t\t\t<\/div> \n\t\t\t\n\t\t\t\t<div id=\"ngg-image-5\" class=\"ngg-gallery-thumbnail-box \n\t\t\t\t\t\t\t\t\t\t\t\" \n\t\t\t>\n\t\t\t\t\t\t<div class=\"ngg-gallery-thumbnail\">\n\t\t\t<a href=\"https:\/\/archiwum.swietodrzewa.pl\/wp-content\/gallery\/odkryj-swoj-park\/zajecia-edukacyjne-2.jpg\"\n\t\t\t\ttitle=\"\"\n\t\t\t\tdata-src=\"https:\/\/archiwum.swietodrzewa.pl\/wp-content\/gallery\/odkryj-swoj-park\/zajecia-edukacyjne-2.jpg\"\n\t\t\t\tdata-thumbnail=\"https:\/\/archiwum.swietodrzewa.pl\/wp-content\/gallery\/odkryj-swoj-park\/thumbs\/thumbs_zajecia-edukacyjne-2.jpg\"\n\t\t\t\tdata-image-id=\"547\"\n\t\t\t\tdata-title=\"zajecia-edukacyjne-2\"\n\t\t\t\tdata-description=\"\"\n\t\t\t\tdata-image-slug=\"zajecia-edukacyjne-2\"\n\t\t\t\tclass=\"shutterset_cd185b160fcaccba056c1e59eb7c565b\">\n\t\t\t\t<img\n\t\t\t\t\ttitle=\"zajecia-edukacyjne-2\"\n\t\t\t\t\talt=\"zajecia-edukacyjne-2\"\n\t\t\t\t\tsrc=\"https:\/\/archiwum.swietodrzewa.pl\/wp-content\/gallery\/odkryj-swoj-park\/thumbs\/thumbs_zajecia-edukacyjne-2.jpg\"\n\t\t\t\t\twidth=\"100\"\n\t\t\t\t\theight=\"75\"\n\t\t\t\t\tstyle=\"max-width:100%;\"\n\t\t\t\t\/>\n\t\t\t<\/a>\n\t\t<\/div>\n\t\t\t\t\t\t\t<\/div> \n\t\t\t\n\t\t\t\t<div id=\"ngg-image-6\" class=\"ngg-gallery-thumbnail-box \n\t\t\t\t\t\t\t\t\t\t\t\" \n\t\t\t>\n\t\t\t\t\t\t<div class=\"ngg-gallery-thumbnail\">\n\t\t\t<a href=\"https:\/\/archiwum.swietodrzewa.pl\/wp-content\/gallery\/odkryj-swoj-park\/zajecia-edukacyjne-3.jpg\"\n\t\t\t\ttitle=\"\"\n\t\t\t\tdata-src=\"https:\/\/archiwum.swietodrzewa.pl\/wp-content\/gallery\/odkryj-swoj-park\/zajecia-edukacyjne-3.jpg\"\n\t\t\t\tdata-thumbnail=\"https:\/\/archiwum.swietodrzewa.pl\/wp-content\/gallery\/odkryj-swoj-park\/thumbs\/thumbs_zajecia-edukacyjne-3.jpg\"\n\t\t\t\tdata-image-id=\"548\"\n\t\t\t\tdata-title=\"zajecia-edukacyjne-3\"\n\t\t\t\tdata-description=\"\"\n\t\t\t\tdata-image-slug=\"zajecia-edukacyjne-3\"\n\t\t\t\tclass=\"shutterset_cd185b160fcaccba056c1e59eb7c565b\">\n\t\t\t\t<img\n\t\t\t\t\ttitle=\"zajecia-edukacyjne-3\"\n\t\t\t\t\talt=\"zajecia-edukacyjne-3\"\n\t\t\t\t\tsrc=\"https:\/\/archiwum.swietodrzewa.pl\/wp-content\/gallery\/odkryj-swoj-park\/thumbs\/thumbs_zajecia-edukacyjne-3.jpg\"\n\t\t\t\t\twidth=\"100\"\n\t\t\t\t\theight=\"75\"\n\t\t\t\t\tstyle=\"max-width:100%;\"\n\t\t\t\t\/>\n\t\t\t<\/a>\n\t\t<\/div>\n\t\t\t\t\t\t\t<\/div> \n\t\t\t\n\t\t\t\t<div id=\"ngg-image-7\" class=\"ngg-gallery-thumbnail-box \n\t\t\t\t\t\t\t\t\t\t\t\" \n\t\t\t>\n\t\t\t\t\t\t<div class=\"ngg-gallery-thumbnail\">\n\t\t\t<a href=\"https:\/\/archiwum.swietodrzewa.pl\/wp-content\/gallery\/odkryj-swoj-park\/zajecia-edukacyjne-4.jpg\"\n\t\t\t\ttitle=\"\"\n\t\t\t\tdata-src=\"https:\/\/archiwum.swietodrzewa.pl\/wp-content\/gallery\/odkryj-swoj-park\/zajecia-edukacyjne-4.jpg\"\n\t\t\t\tdata-thumbnail=\"https:\/\/archiwum.swietodrzewa.pl\/wp-content\/gallery\/odkryj-swoj-park\/thumbs\/thumbs_zajecia-edukacyjne-4.jpg\"\n\t\t\t\tdata-image-id=\"549\"\n\t\t\t\tdata-title=\"zajecia-edukacyjne-4\"\n\t\t\t\tdata-description=\"\"\n\t\t\t\tdata-image-slug=\"zajecia-edukacyjne-4\"\n\t\t\t\tclass=\"shutterset_cd185b160fcaccba056c1e59eb7c565b\">\n\t\t\t\t<img\n\t\t\t\t\ttitle=\"zajecia-edukacyjne-4\"\n\t\t\t\t\talt=\"zajecia-edukacyjne-4\"\n\t\t\t\t\tsrc=\"https:\/\/archiwum.swietodrzewa.pl\/wp-content\/gallery\/odkryj-swoj-park\/thumbs\/thumbs_zajecia-edukacyjne-4.jpg\"\n\t\t\t\t\twidth=\"100\"\n\t\t\t\t\theight=\"75\"\n\t\t\t\t\tstyle=\"max-width:100%;\"\n\t\t\t\t\/>\n\t\t\t<\/a>\n\t\t<\/div>\n\t\t\t\t\t\t\t<\/div> \n\t\t\t\n\t\t\t\t<div id=\"ngg-image-8\" class=\"ngg-gallery-thumbnail-box \n\t\t\t\t\t\t\t\t\t\t\t\" \n\t\t\t>\n\t\t\t\t\t\t<div class=\"ngg-gallery-thumbnail\">\n\t\t\t<a href=\"https:\/\/archiwum.swietodrzewa.pl\/wp-content\/gallery\/odkryj-swoj-park\/zajecia-edukacyjne-5.jpg\"\n\t\t\t\ttitle=\"\"\n\t\t\t\tdata-src=\"https:\/\/archiwum.swietodrzewa.pl\/wp-content\/gallery\/odkryj-swoj-park\/zajecia-edukacyjne-5.jpg\"\n\t\t\t\tdata-thumbnail=\"https:\/\/archiwum.swietodrzewa.pl\/wp-content\/gallery\/odkryj-swoj-park\/thumbs\/thumbs_zajecia-edukacyjne-5.jpg\"\n\t\t\t\tdata-image-id=\"550\"\n\t\t\t\tdata-title=\"zajecia-edukacyjne-5\"\n\t\t\t\tdata-description=\"\"\n\t\t\t\tdata-image-slug=\"zajecia-edukacyjne-5\"\n\t\t\t\tclass=\"shutterset_cd185b160fcaccba056c1e59eb7c565b\">\n\t\t\t\t<img\n\t\t\t\t\ttitle=\"zajecia-edukacyjne-5\"\n\t\t\t\t\talt=\"zajecia-edukacyjne-5\"\n\t\t\t\t\tsrc=\"https:\/\/archiwum.swietodrzewa.pl\/wp-content\/gallery\/odkryj-swoj-park\/thumbs\/thumbs_zajecia-edukacyjne-5.jpg\"\n\t\t\t\t\twidth=\"100\"\n\t\t\t\t\theight=\"75\"\n\t\t\t\t\tstyle=\"max-width:100%;\"\n\t\t\t\t\/>\n\t\t\t<\/a>\n\t\t<\/div>\n\t\t\t\t\t\t\t<\/div> \n\t\t\t\n\t\t\t\t<div id=\"ngg-image-9\" class=\"ngg-gallery-thumbnail-box \n\t\t\t\t\t\t\t\t\t\t\t\" \n\t\t\t>\n\t\t\t\t\t\t<div class=\"ngg-gallery-thumbnail\">\n\t\t\t<a href=\"https:\/\/archiwum.swietodrzewa.pl\/wp-content\/gallery\/odkryj-swoj-park\/zajecia-edukacyjne-6.jpg\"\n\t\t\t\ttitle=\"\"\n\t\t\t\tdata-src=\"https:\/\/archiwum.swietodrzewa.pl\/wp-content\/gallery\/odkryj-swoj-park\/zajecia-edukacyjne-6.jpg\"\n\t\t\t\tdata-thumbnail=\"https:\/\/archiwum.swietodrzewa.pl\/wp-content\/gallery\/odkryj-swoj-park\/thumbs\/thumbs_zajecia-edukacyjne-6.jpg\"\n\t\t\t\tdata-image-id=\"551\"\n\t\t\t\tdata-title=\"zajecia-edukacyjne-6\"\n\t\t\t\tdata-description=\"\"\n\t\t\t\tdata-image-slug=\"zajecia-edukacyjne-6\"\n\t\t\t\tclass=\"shutterset_cd185b160fcaccba056c1e59eb7c565b\">\n\t\t\t\t<img\n\t\t\t\t\ttitle=\"zajecia-edukacyjne-6\"\n\t\t\t\t\talt=\"zajecia-edukacyjne-6\"\n\t\t\t\t\tsrc=\"https:\/\/archiwum.swietodrzewa.pl\/wp-content\/gallery\/odkryj-swoj-park\/thumbs\/thumbs_zajecia-edukacyjne-6.jpg\"\n\t\t\t\t\twidth=\"100\"\n\t\t\t\t\theight=\"75\"\n\t\t\t\t\tstyle=\"max-width:100%;\"\n\t\t\t\t\/>\n\t\t\t<\/a>\n\t\t<\/div>\n\t\t\t\t\t\t\t<\/div> \n\t\t\t\n\t\t\t\t<div id=\"ngg-image-10\" class=\"ngg-gallery-thumbnail-box \n\t\t\t\t\t\t\t\t\t\t\t\" \n\t\t\t>\n\t\t\t\t\t\t<div class=\"ngg-gallery-thumbnail\">\n\t\t\t<a href=\"https:\/\/archiwum.swietodrzewa.pl\/wp-content\/gallery\/odkryj-swoj-park\/zajecia-edukacyjne-7.jpg\"\n\t\t\t\ttitle=\"\"\n\t\t\t\tdata-src=\"https:\/\/archiwum.swietodrzewa.pl\/wp-content\/gallery\/odkryj-swoj-park\/zajecia-edukacyjne-7.jpg\"\n\t\t\t\tdata-thumbnail=\"https:\/\/archiwum.swietodrzewa.pl\/wp-content\/gallery\/odkryj-swoj-park\/thumbs\/thumbs_zajecia-edukacyjne-7.jpg\"\n\t\t\t\tdata-image-id=\"552\"\n\t\t\t\tdata-title=\"zajecia-edukacyjne-7\"\n\t\t\t\tdata-description=\"\"\n\t\t\t\tdata-image-slug=\"zajecia-edukacyjne-7\"\n\t\t\t\tclass=\"shutterset_cd185b160fcaccba056c1e59eb7c565b\">\n\t\t\t\t<img\n\t\t\t\t\ttitle=\"zajecia-edukacyjne-7\"\n\t\t\t\t\talt=\"zajecia-edukacyjne-7\"\n\t\t\t\t\tsrc=\"https:\/\/archiwum.swietodrzewa.pl\/wp-content\/gallery\/odkryj-swoj-park\/thumbs\/thumbs_zajecia-edukacyjne-7.jpg\"\n\t\t\t\t\twidth=\"100\"\n\t\t\t\t\theight=\"75\"\n\t\t\t\t\tstyle=\"max-width:100%;\"\n\t\t\t\t\/>\n\t\t\t<\/a>\n\t\t<\/div>\n\t\t\t\t\t\t\t<\/div> \n\t\t\t\n\t\t\t\t<div id=\"ngg-image-11\" class=\"ngg-gallery-thumbnail-box \n\t\t\t\t\t\t\t\t\t\t\t\" \n\t\t\t>\n\t\t\t\t\t\t<div class=\"ngg-gallery-thumbnail\">\n\t\t\t<a href=\"https:\/\/archiwum.swietodrzewa.pl\/wp-content\/gallery\/odkryj-swoj-park\/zajecia-edukacyjne-8.jpg\"\n\t\t\t\ttitle=\"\"\n\t\t\t\tdata-src=\"https:\/\/archiwum.swietodrzewa.pl\/wp-content\/gallery\/odkryj-swoj-park\/zajecia-edukacyjne-8.jpg\"\n\t\t\t\tdata-thumbnail=\"https:\/\/archiwum.swietodrzewa.pl\/wp-content\/gallery\/odkryj-swoj-park\/thumbs\/thumbs_zajecia-edukacyjne-8.jpg\"\n\t\t\t\tdata-image-id=\"553\"\n\t\t\t\tdata-title=\"zajecia-edukacyjne-8\"\n\t\t\t\tdata-description=\"\"\n\t\t\t\tdata-image-slug=\"zajecia-edukacyjne-8\"\n\t\t\t\tclass=\"shutterset_cd185b160fcaccba056c1e59eb7c565b\">\n\t\t\t\t<img\n\t\t\t\t\ttitle=\"zajecia-edukacyjne-8\"\n\t\t\t\t\talt=\"zajecia-edukacyjne-8\"\n\t\t\t\t\tsrc=\"https:\/\/archiwum.swietodrzewa.pl\/wp-content\/gallery\/odkryj-swoj-park\/thumbs\/thumbs_zajecia-edukacyjne-8.jpg\"\n\t\t\t\t\twidth=\"100\"\n\t\t\t\t\theight=\"75\"\n\t\t\t\t\tstyle=\"max-width:100%;\"\n\t\t\t\t\/>\n\t\t\t<\/a>\n\t\t<\/div>\n\t\t\t\t\t\t\t<\/div> \n\t\t\t\n\t\t\t\t<div id=\"ngg-image-12\" class=\"ngg-gallery-thumbnail-box \n\t\t\t\t\t\t\t\t\t\t\t\" \n\t\t\t>\n\t\t\t\t\t\t<div class=\"ngg-gallery-thumbnail\">\n\t\t\t<a href=\"https:\/\/archiwum.swietodrzewa.pl\/wp-content\/gallery\/odkryj-swoj-park\/zajecia-edukacyjne-9.jpg\"\n\t\t\t\ttitle=\"\"\n\t\t\t\tdata-src=\"https:\/\/archiwum.swietodrzewa.pl\/wp-content\/gallery\/odkryj-swoj-park\/zajecia-edukacyjne-9.jpg\"\n\t\t\t\tdata-thumbnail=\"https:\/\/archiwum.swietodrzewa.pl\/wp-content\/gallery\/odkryj-swoj-park\/thumbs\/thumbs_zajecia-edukacyjne-9.jpg\"\n\t\t\t\tdata-image-id=\"554\"\n\t\t\t\tdata-title=\"zajecia-edukacyjne-9\"\n\t\t\t\tdata-description=\"\"\n\t\t\t\tdata-image-slug=\"zajecia-edukacyjne-9\"\n\t\t\t\tclass=\"shutterset_cd185b160fcaccba056c1e59eb7c565b\">\n\t\t\t\t<img\n\t\t\t\t\ttitle=\"zajecia-edukacyjne-9\"\n\t\t\t\t\talt=\"zajecia-edukacyjne-9\"\n\t\t\t\t\tsrc=\"https:\/\/archiwum.swietodrzewa.pl\/wp-content\/gallery\/odkryj-swoj-park\/thumbs\/thumbs_zajecia-edukacyjne-9.jpg\"\n\t\t\t\t\twidth=\"100\"\n\t\t\t\t\theight=\"75\"\n\t\t\t\t\tstyle=\"max-width:100%;\"\n\t\t\t\t\/>\n\t\t\t<\/a>\n\t\t<\/div>\n\t\t\t\t\t\t\t<\/div> \n\t\t\t\n\t\t\t\t<div id=\"ngg-image-13\" class=\"ngg-gallery-thumbnail-box \n\t\t\t\t\t\t\t\t\t\t\t\" \n\t\t\t>\n\t\t\t\t\t\t<div class=\"ngg-gallery-thumbnail\">\n\t\t\t<a href=\"https:\/\/archiwum.swietodrzewa.pl\/wp-content\/gallery\/odkryj-swoj-park\/zajecia-edukacyjne.jpg\"\n\t\t\t\ttitle=\"\"\n\t\t\t\tdata-src=\"https:\/\/archiwum.swietodrzewa.pl\/wp-content\/gallery\/odkryj-swoj-park\/zajecia-edukacyjne.jpg\"\n\t\t\t\tdata-thumbnail=\"https:\/\/archiwum.swietodrzewa.pl\/wp-content\/gallery\/odkryj-swoj-park\/thumbs\/thumbs_zajecia-edukacyjne.jpg\"\n\t\t\t\tdata-image-id=\"555\"\n\t\t\t\tdata-title=\"zajecia-edukacyjne\"\n\t\t\t\tdata-description=\"\"\n\t\t\t\tdata-image-slug=\"zajecia-edukacyjne\"\n\t\t\t\tclass=\"shutterset_cd185b160fcaccba056c1e59eb7c565b\">\n\t\t\t\t<img\n\t\t\t\t\ttitle=\"zajecia-edukacyjne\"\n\t\t\t\t\talt=\"zajecia-edukacyjne\"\n\t\t\t\t\tsrc=\"https:\/\/archiwum.swietodrzewa.pl\/wp-content\/gallery\/odkryj-swoj-park\/thumbs\/thumbs_zajecia-edukacyjne.jpg\"\n\t\t\t\t\twidth=\"100\"\n\t\t\t\t\theight=\"75\"\n\t\t\t\t\tstyle=\"max-width:100%;\"\n\t\t\t\t\/>\n\t\t\t<\/a>\n\t\t<\/div>\n\t\t\t\t\t\t\t<\/div> \n\t\t\t\n\t\n\t<br style=\"clear: both\" \/>\n\n\t\n\t\t<!-- Pagination -->\n\t\t<div class='ngg-clear'><\/div>\t<\/div>\n\n<p>&nbsp;<\/p>\n<p>&nbsp;<\/p>\n<p>&nbsp;<\/p>\n","protected":false},"excerpt":{"rendered":"<p>Zapraszamy na zaj\u0119cia edukacyjne Zapraszamy plac\u00f3wki o\u015bwiatowe na zaj\u0119cia warsztatowe &#8222;Odkryj sw\u00f3j park&#8221;, na kt\u00f3rych b\u0119dzie mo\u017cna zdoby\u0107 informacje na temat obejmowania opiek\u0105 i ochron\u0105 cennych przyrodniczo miejsc, zg\u0142aszania drzew do ochrony pomnikowej, a tak\u017ce nauczy\u0107 si\u0119 oznaczania drzew i krzew\u00f3w.\u00a0Warsztaty prowadzone s\u0105 na \u015bcie\u017cce edukacyjno-przyrodniczej Klubu Gaja &#8222;Odkryj sw\u00f3j park&#8221; w Wilkowicach. Wszystkich zainteresowanych [&hellip;]<\/p>\n","protected":false},"author":1,"featured_media":0,"parent":389,"menu_order":0,"comment_status":"closed","ping_status":"closed","template":"","meta":{"ngg_post_thumbnail":0},"_links":{"self":[{"href":"https:\/\/archiwum.swietodrzewa.pl\/index.php?rest_route=\/wp\/v2\/pages\/494"}],"collection":[{"href":"https:\/\/archiwum.swietodrzewa.pl\/index.php?rest_route=\/wp\/v2\/pages"}],"about":[{"href":"https:\/\/archiwum.swietodrzewa.pl\/index.php?rest_route=\/wp\/v2\/types\/page"}],"author":[{"embeddable":true,"href":"https:\/\/archiwum.swietodrzewa.pl\/index.php?rest_route=\/wp\/v2\/users\/1"}],"replies":[{"embeddable":true,"href":"https:\/\/archiwum.swietodrzewa.pl\/index.php?rest_route=%2Fwp%2Fv2%2Fcomments&post=494"}],"version-history":[{"count":40,"href":"https:\/\/archiwum.swietodrzewa.pl\/index.php?rest_route=\/wp\/v2\/pages\/494\/revisions"}],"predecessor-version":[{"id":3857,"href":"https:\/\/archiwum.swietodrzewa.pl\/index.php?rest_route=\/wp\/v2\/pages\/494\/revisions\/3857"}],"up":[{"embeddable":true,"href":"https:\/\/archiwum.swietodrzewa.pl\/index.php?rest_route=\/wp\/v2\/pages\/389"}],"wp:attachment":[{"href":"https:\/\/archiwum.swietodrzewa.pl\/index.php?rest_route=%2Fwp%2Fv2%2Fmedia&parent=494"}],"curies":[{"name":"wp","href":"https:\/\/api.w.org\/{rel}","templated":true}]}}