{"id":5377,"date":"2015-02-04T09:51:10","date_gmt":"2015-02-04T08:51:10","guid":{"rendered":"http:\/\/swietodrzewa.pl\/?page_id=5377"},"modified":"2020-08-19T10:57:52","modified_gmt":"2020-08-19T08:57:52","slug":"europejskie-drzewo-roku","status":"publish","type":"page","link":"https:\/\/archiwum.swietodrzewa.pl\/?page_id=5377","title":{"rendered":"Europejskie Drzewo Roku"},"content":{"rendered":"<p><strong><a href=\"http:\/\/swietodrzewa.pl\/wp-content\/uploads\/2017\/09\/ety_logo_RGB_PNG_1primary.png\"><img loading=\"lazy\" class=\"alignleft size-full wp-image-9247\" src=\"http:\/\/swietodrzewa.pl\/wp-content\/uploads\/2017\/09\/ety_logo_RGB_PNG_1primary.png\" alt=\"ety_logo_RGB_PNG_1primary\" width=\"122\" height=\"80\"\/><\/a>Celem Konkursu Europejskie Drzewo Roku jest zwr\u00f3cenie uwagi na ciekawe stare drzewa, jako wa\u017cne elementy dziedzictwa przyrodniczego i kulturowego Europy, kt\u00f3re powinni\u015bmy ceni\u0107 i chroni\u0107. W Konkursie Europejskie Drzewo Roku, w odr\u00f3\u017cnieniu od innych konkurs\u00f3w, decyduj\u0105ce nie jest pi\u0119kno, rozmiary, czy te\u017c wiek, ale historia i zwi\u0105zki drzew z lud\u017ami. Poszukiwane s\u0105 drzewa, kt\u00f3re sta\u0142y si\u0119 integraln\u0105 cz\u0119\u015bci\u0105 spo\u0142eczno\u015bci.<\/strong><\/p>\n<p>Organizatorem konkursu jest <a href=\"http:\/\/www.environmentalpartnership.org\/Home.aspx\" target=\"_blank\" rel=\"noopener\">Environmental Partnership Association<\/a>. Konkurs Europejskie Drzewo Roku zosta\u0142 zapocz\u0105tkowany w 2011 r. jako rozwini\u0119cie konkursu Drzewo Roku, kt\u00f3ry w Republice Czeskiej od wielu lat organizuje <a class=\"link-out\" href=\"http:\/\/www.nadacepartnerstvi.cz\/Home\" target=\"_blank\" rel=\"noopener\">Czeska Fundacja Partnerstwo dla \u015arodowiska<\/a>. W finale konkursu europejskiego bior\u0105 udzia\u0142 zwyci\u0119zcy etap\u00f3w krajowych.<\/p>\n<p>Co roku w g\u0142osowaniu bior\u0105 udzia\u0142 dziesi\u0105tki, a nawet setki tysi\u0119cy os\u00f3b. Liczba kraj\u00f3w bior\u0105cych udzia\u0142 w konkursie wzros\u0142a z pocz\u0105tkowych 5. do 16. Organizatorzy nadal poszukuj\u0105 kolejnych partner\u00f3w w krajach europejskich, aby sprawa ochrony drzew, sta\u0142a si\u0119 przedmiotem mi\u0119dzynarodowej debaty.<\/p>\n<p>Zapraszamy na stron\u0119 <a href=\"http:\/\/www.treeoftheyear.org\/Uvod.aspx\" target=\"_blank\" rel=\"noopener\"><strong>http:\/\/www.treeoftheyear.org\/ <\/strong><\/a><\/p>\n<p><b>Ju\u017c 1 lutego 2021 r. rozpoczyna si\u0119 g\u0142osowanie na Europejskie Drzewo Roku 2021. Spo\u015br\u00f3d drzew z europejskich kraj\u00f3w plebiscyt wygra to, kt\u00f3re otrzyma najwi\u0119ksz\u0105 liczb\u0119 g\u0142os\u00f3w internaut\u00f3w. <strong>Polskim kandydatem jest zwyci\u0119zca organizowanej przez Klubu Gaja krajowej edycji konkursu Drzewo Roku 2020 &#8211; <a href=\"http:\/\/swietodrzewa.pl\/?p=12263\">Lipa \u015bw. Nepomucena w Dulczy Wielkiej<\/a>.&nbsp; Serdecznie zach\u0119camy do g\u0142osowania na polskie drzewo!<\/strong><\/b><\/p>\n<p><a href=\"http:\/\/swietodrzewa.pl\/wp-content\/uploads\/2016\/07\/DabJozef.jpg\"><img loading=\"lazy\" class=\"aligncenter size-full wp-image-7541\" src=\"http:\/\/swietodrzewa.pl\/wp-content\/uploads\/2016\/07\/DabJozef.jpg\" alt=\"D\u0105b J\u00f3zef. Fot. Klub Gaja \/ Rafa\u0142 Godek\" width=\"1000\" height=\"750\" srcset=\"https:\/\/archiwum.swietodrzewa.pl\/wp-content\/uploads\/2016\/07\/DabJozef.jpg 1000w, https:\/\/archiwum.swietodrzewa.pl\/wp-content\/uploads\/2016\/07\/DabJozef-300x225.jpg 300w\" sizes=\"(max-width: 1000px) 100vw, 1000px\" \/><\/a><\/p>\n<p>Na zdj\u0119ciu: D\u0105b J\u00f3zef z Wi\u015bniowej (woj. podkarpackie) &#8211; Europejskie Drzewo Roku 2017. Fot: Klub Gaja\/Rafa\u0142 Godek<\/p>\n<p><strong>&nbsp;<\/strong><\/p>\n","protected":false},"excerpt":{"rendered":"<p>Celem Konkursu Europejskie Drzewo Roku jest zwr\u00f3cenie uwagi na ciekawe stare drzewa, jako wa\u017cne elementy dziedzictwa przyrodniczego i kulturowego Europy, kt\u00f3re powinni\u015bmy ceni\u0107 i chroni\u0107. W Konkursie Europejskie Drzewo Roku, w odr\u00f3\u017cnieniu od innych konkurs\u00f3w, decyduj\u0105ce nie jest pi\u0119kno, rozmiary, czy te\u017c wiek, ale historia i zwi\u0105zki drzew z lud\u017ami. Poszukiwane s\u0105 drzewa, kt\u00f3re sta\u0142y [&hellip;]<\/p>\n","protected":false},"author":1,"featured_media":0,"parent":0,"menu_order":0,"comment_status":"closed","ping_status":"closed","template":"","meta":{"ngg_post_thumbnail":0},"_links":{"self":[{"href":"https:\/\/archiwum.swietodrzewa.pl\/index.php?rest_route=\/wp\/v2\/pages\/5377"}],"collection":[{"href":"https:\/\/archiwum.swietodrzewa.pl\/index.php?rest_route=\/wp\/v2\/pages"}],"about":[{"href":"https:\/\/archiwum.swietodrzewa.pl\/index.php?rest_route=\/wp\/v2\/types\/page"}],"author":[{"embeddable":true,"href":"https:\/\/archiwum.swietodrzewa.pl\/index.php?rest_route=\/wp\/v2\/users\/1"}],"replies":[{"embeddable":true,"href":"https:\/\/archiwum.swietodrzewa.pl\/index.php?rest_route=%2Fwp%2Fv2%2Fcomments&post=5377"}],"version-history":[{"count":20,"href":"https:\/\/archiwum.swietodrzewa.pl\/index.php?rest_route=\/wp\/v2\/pages\/5377\/revisions"}],"predecessor-version":[{"id":12347,"href":"https:\/\/archiwum.swietodrzewa.pl\/index.php?rest_route=\/wp\/v2\/pages\/5377\/revisions\/12347"}],"wp:attachment":[{"href":"https:\/\/archiwum.swietodrzewa.pl\/index.php?rest_route=%2Fwp%2Fv2%2Fmedia&parent=5377"}],"curies":[{"name":"wp","href":"https:\/\/api.w.org\/{rel}","templated":true}]}}