{"id":5385,"date":"2015-02-04T11:17:14","date_gmt":"2015-02-04T10:17:14","guid":{"rendered":"http:\/\/swietodrzewa.pl\/?page_id=5385"},"modified":"2015-08-19T15:22:48","modified_gmt":"2015-08-19T13:22:48","slug":"dab-slowianin-z-debiny","status":"publish","type":"page","link":"https:\/\/archiwum.swietodrzewa.pl\/?page_id=5385","title":{"rendered":"D\u0105b S\u0142owianin z D\u0119biny"},"content":{"rendered":"<p><strong><a href=\"http:\/\/swietodrzewa.pl\/wp-content\/uploads\/2014\/07\/slowianin.jpg\" target=\"_blank\"><img loading=\"lazy\" class=\"alignleft wp-image-4181 size-medium\" title=\"D\u0105b S\u0142owianin, fot. Klub Gaja \/ Tomek Piku\u0142a.\" src=\"http:\/\/swietodrzewa.pl\/wp-content\/uploads\/2014\/07\/slowianin-300x225.jpg\" alt=\"D\u0105b S\u0142owianin\" width=\"300\" height=\"225\" srcset=\"https:\/\/archiwum.swietodrzewa.pl\/wp-content\/uploads\/2014\/07\/slowianin-300x225.jpg 300w, https:\/\/archiwum.swietodrzewa.pl\/wp-content\/uploads\/2014\/07\/slowianin.jpg 1000w\" sizes=\"(max-width: 300px) 100vw, 300px\" \/><\/a>Zdobywca tytu\u0142u Drzewo Roku 2014 D\u0105b S\u0142owianin<\/strong> <strong>z D\u0119biny w gminie Jelcz \u2013 Laskowice (woj. dolno\u015bl\u0105skie)<\/strong> \u2013 D\u0105b nieprzypadkowo nazwano S\u0142owianinem. R\u00f3s\u0142, a historia zmienia\u0142a si\u0119 przez wieki. Jego pocz\u0105tki si\u0119gaj\u0105 czas\u00f3w Piast\u00f3w \u015al\u0105skich, a imi\u0119 to patriotyczny uk\u0142on w ich kierunku. Drzewo jest symbolem polsko\u015bci, oddaje cze\u015b\u0107 tym, kt\u00f3rzy przez wieki walczyli z germanizacj\u0105 \u015bl\u0105skiej ziemi. Mimo prowadzonego procesu likwidacji j\u0119zyka polskiego, w powiecie o\u0142awskim utrzymywa\u0142a si\u0119 polska mowa, a w\u015br\u00f3d polskoj\u0119zycznych wsi wymienianych przez historyk\u00f3w by\u0142a te\u017c D\u0119bina.<\/p>\n<p>S\u0142owianin to d\u0105b szypu\u0142kowy, jego wiek okre\u015bla si\u0119 na ok. 450 lat, obw\u00f3d 750 cm, wysoko\u015b\u0107 ok. 27 m, pomnik przyrody, zg\u0142oszony przez grup\u0119 rowerzyst\u00f3w \u201eRowerem przez Jelcz\u201d. Widok majestatycznego drzewa zachwyci\u0142 rowerzyst\u00f3w, do tego stopnia, i\u017c postanowili zg\u0142osi\u0107 drzewo do konkursu Drzewo Roku Klubu Gaja. W czerwcowym, og\u00f3lnopolskim g\u0142osowaniu d\u0105b zdoby\u0142 I miejsce, uzyskuj\u0105c 5034 g\u0142osy. Podczas plebiscytu internauci oddali 17043 wa\u017cne g\u0142osy, na stronie odnotowano ponad 76 000 ods\u0142on.<\/p>\n<p>Usytuowanie drzewa we wsi, kt\u00f3rej nazwa kojarzy si\u0119 z lasami d\u0119bowymi, daje pewno\u015b\u0107, \u017ce d\u0105b ten jest przez mieszka\u0144c\u00f3w obj\u0119ty kultem i piel\u0119gnowany jako \u017cywy symbol miejscowo\u015bci, w kt\u00f3rej ro\u015bnie. Pot\u0119ga S\u0142owianina najlepiej odczuwana jest podczas przebywania w jego pobli\u017cu. Jest ponadto \u2013 jak wiele d\u0119b\u00f3w \u2013 wdzi\u0119cznym obiektem dla artyst\u00f3w.<\/p>\n<p>D\u0105b dzi\u0119ki staraniom jego mi\u0142o\u015bnik\u00f3w, sta\u0142 si\u0119 centrum wydarze\u0144 kulturalnych, nie tylko tych zwi\u0105zanych z samym konkursem. W jego promocj\u0119, opr\u00f3cz Grupy Rowerzyst\u00f3w \u201eRowerem przez Jelcz\u201d, zaanga\u017cowa\u0142o si\u0119 wiele os\u00f3b: lokalne w\u0142adze, spo\u0142eczno\u015b\u0107, Strzeleckie Bractwo Kurkowe Grodu Jelcz-Laskowice, szko\u0142y, Ko\u0142o Gospody\u0144 Wiejskich a tak\u017ce ksi\u0119\u017ca z pobliskich parafii.<\/p>\n<p><strong>Tree Hunter na tropie S\u0142owianina<\/strong> <a href=\"http:\/\/klubgaja.pl\/news\/495\" target=\"_blank\">&gt;&gt;&gt;<\/a><\/p>\n<p><strong>S\u0142owianin w Czw\u00f3rce Polskiego Radia &#8211; <a href=\"http:\/\/swietodrzewa.pl\/wp-content\/uploads\/2015\/02\/BCZW%C3%93RKA-4-luty-2015-10_51_28.mp3\" target=\"_blank\">pos\u0142uchaj &gt;&gt;&gt;<\/a><\/strong><\/p>\n<p><strong>D\u0105b S\u0142owianin w Teleexpresie Ekstra &#8211; <a href=\"http:\/\/www.tvp.info\/18654041\/19022015-1715\" target=\"_blank\">zobacz &gt;&gt;&gt;<\/a><\/strong><\/p>\n<p><strong>Zobacz r\u00f3wnie\u017c kilka innych ciekawych informacji o d\u0119bie S\u0142owianin:<br \/>\n<a href=\"http:\/\/nowagazeta.pl\/2015\/02\/ps-16430-polski-dab-moze-zostac-europejskim-drzewem-roku\/\" target=\"_blank\">http:\/\/nowagazeta.pl\/2015\/02\/ps-16430-polski-dab-moze-zostac-europejskim-drzewem-roku\/<\/a><br \/>\n<a style=\"font-size: 12.8000001907349px;\" href=\"http:\/\/jelcz-laskowice.grzanka.pl\/2014\/10\/05\/spotkanie-w-debinie-przy-slowianinie\/\" target=\"_blank\">http:\/\/jelcz-laskowice.<wbr><\/wbr>grzanka.pl\/2014\/10\/05\/<wbr><\/wbr>spotkanie-w-debinie-przy-<wbr><\/wbr>slowianinie\/<\/a><br \/>\n<a style=\"font-size: 12.8000001907349px;\" href=\"http:\/\/jelcz-laskowice.grzanka.pl\/slowianin\/\" target=\"_blank\">http:\/\/jelcz-laskowice.<wbr><\/wbr>grzanka.pl\/slowianin\/<\/a><br \/>\n<a href=\"http:\/\/swietodrzewa.pl\/?p=5358#more-5358\" target=\"_blank\">http:\/\/swietodrzewa.pl\/?p=<wbr><\/wbr>5358#more-5358<\/a><br \/>\n<a href=\"http:\/\/swietodrzewa.pl\/?p=5335#more-5335\" target=\"_blank\">http:\/\/swietodrzewa.pl\/?p=<wbr><\/wbr>5335#more-5335<\/a><\/strong><br \/>\n<strong><a href=\"http:\/\/swietodrzewa.pl\/?p=5310#more-5310\" target=\"_blank\">http:\/\/swietodrzewa.pl\/?p=<wbr><\/wbr>5310#more-5310<\/a><\/strong><br \/>\n<strong><a href=\"http:\/\/swietodrzewa.pl\/?p=4177#more-4177\" target=\"_blank\">http:\/\/swietodrzewa.pl\/?p=<wbr><\/wbr>4177#more-4177<\/a><\/strong><br \/>\n<strong><a href=\"http:\/\/swietodrzewa.pl\/wp-content\/uploads\/2014\/09\/Drzewo-Roku_2014.pdf\" target=\"_blank\">http:\/\/swietodrzewa.pl\/wp-<wbr><\/wbr>content\/uploads\/2014\/09\/<wbr><\/wbr>Drzewo-Roku_2014.pdf<\/a><\/strong><\/p>\n<p>&nbsp;<\/p>\n<p><strong>Zobacz galeri\u0119:<\/strong><\/p>\n<!-- default-view.php -->\n<div\n\tclass=\"ngg-galleryoverview default-view \n\t ngg-ajax-pagination-none\t\"\n\tid=\"ngg-gallery-7c19bb6345e4344b2168ba5917c936cd-1\">\n\n\t\t<!-- Thumbnails -->\n\t\t\t\t<div id=\"ngg-image-0\" class=\"ngg-gallery-thumbnail-box \n\t\t\t\t\t\t\t\t\t\t\t\" \n\t\t\t>\n\t\t\t\t\t\t<div class=\"ngg-gallery-thumbnail\">\n\t\t\t<a href=\"https:\/\/archiwum.swietodrzewa.pl\/wp-content\/gallery\/dab-slowianin-z-debiny\/DS1-1.jpg\"\n\t\t\t\ttitle=\"\"\n\t\t\t\tdata-src=\"https:\/\/archiwum.swietodrzewa.pl\/wp-content\/gallery\/dab-slowianin-z-debiny\/DS1-1.jpg\"\n\t\t\t\tdata-thumbnail=\"https:\/\/archiwum.swietodrzewa.pl\/wp-content\/gallery\/dab-slowianin-z-debiny\/thumbs\/thumbs_DS1-1.jpg\"\n\t\t\t\tdata-image-id=\"801\"\n\t\t\t\tdata-title=\"D\u0105b S\u0142owianin, fot. Klub Gaja \/ Tomek Piku\u0142a\"\n\t\t\t\tdata-description=\"\"\n\t\t\t\tdata-image-slug=\"ds1-1\"\n\t\t\t\tclass=\"shutterset_7c19bb6345e4344b2168ba5917c936cd\">\n\t\t\t\t<img\n\t\t\t\t\ttitle=\"D\u0105b S\u0142owianin, fot. Klub Gaja \/ Tomek Piku\u0142a\"\n\t\t\t\t\talt=\"D\u0105b S\u0142owianin, fot. Klub Gaja \/ Tomek Piku\u0142a\"\n\t\t\t\t\tsrc=\"https:\/\/archiwum.swietodrzewa.pl\/wp-content\/gallery\/dab-slowianin-z-debiny\/thumbs\/thumbs_DS1-1.jpg\"\n\t\t\t\t\twidth=\"100\"\n\t\t\t\t\theight=\"75\"\n\t\t\t\t\tstyle=\"max-width:100%;\"\n\t\t\t\t\/>\n\t\t\t<\/a>\n\t\t<\/div>\n\t\t\t\t\t\t\t<\/div> \n\t\t\t\n\t\t\t\t<div id=\"ngg-image-1\" class=\"ngg-gallery-thumbnail-box \n\t\t\t\t\t\t\t\t\t\t\t\" \n\t\t\t>\n\t\t\t\t\t\t<div class=\"ngg-gallery-thumbnail\">\n\t\t\t<a href=\"https:\/\/archiwum.swietodrzewa.pl\/wp-content\/gallery\/dab-slowianin-z-debiny\/DS2.jpg\"\n\t\t\t\ttitle=\"\"\n\t\t\t\tdata-src=\"https:\/\/archiwum.swietodrzewa.pl\/wp-content\/gallery\/dab-slowianin-z-debiny\/DS2.jpg\"\n\t\t\t\tdata-thumbnail=\"https:\/\/archiwum.swietodrzewa.pl\/wp-content\/gallery\/dab-slowianin-z-debiny\/thumbs\/thumbs_DS2.jpg\"\n\t\t\t\tdata-image-id=\"802\"\n\t\t\t\tdata-title=\"D\u0105b S\u0142owianin, fot. Klub Gaja \/ Tomek Piku\u0142a\"\n\t\t\t\tdata-description=\"\"\n\t\t\t\tdata-image-slug=\"ds2\"\n\t\t\t\tclass=\"shutterset_7c19bb6345e4344b2168ba5917c936cd\">\n\t\t\t\t<img\n\t\t\t\t\ttitle=\"D\u0105b S\u0142owianin, fot. Klub Gaja \/ Tomek Piku\u0142a\"\n\t\t\t\t\talt=\"D\u0105b S\u0142owianin, fot. Klub Gaja \/ Tomek Piku\u0142a\"\n\t\t\t\t\tsrc=\"https:\/\/archiwum.swietodrzewa.pl\/wp-content\/gallery\/dab-slowianin-z-debiny\/thumbs\/thumbs_DS2.jpg\"\n\t\t\t\t\twidth=\"100\"\n\t\t\t\t\theight=\"75\"\n\t\t\t\t\tstyle=\"max-width:100%;\"\n\t\t\t\t\/>\n\t\t\t<\/a>\n\t\t<\/div>\n\t\t\t\t\t\t\t<\/div> \n\t\t\t\n\t\t\t\t<div id=\"ngg-image-2\" class=\"ngg-gallery-thumbnail-box \n\t\t\t\t\t\t\t\t\t\t\t\" \n\t\t\t>\n\t\t\t\t\t\t<div class=\"ngg-gallery-thumbnail\">\n\t\t\t<a href=\"https:\/\/archiwum.swietodrzewa.pl\/wp-content\/gallery\/dab-slowianin-z-debiny\/DS3-1.jpg\"\n\t\t\t\ttitle=\"\"\n\t\t\t\tdata-src=\"https:\/\/archiwum.swietodrzewa.pl\/wp-content\/gallery\/dab-slowianin-z-debiny\/DS3-1.jpg\"\n\t\t\t\tdata-thumbnail=\"https:\/\/archiwum.swietodrzewa.pl\/wp-content\/gallery\/dab-slowianin-z-debiny\/thumbs\/thumbs_DS3-1.jpg\"\n\t\t\t\tdata-image-id=\"800\"\n\t\t\t\tdata-title=\"Przy S\u0142owianinie, od lewej: Aleksander Mitek, Jola Migda\u0142, Jacek Miko\u0142ajczyk i Wojciech Grzanka. Fot. Klub Gaja \/ Tomek Piku\u0142a\"\n\t\t\t\tdata-description=\"\"\n\t\t\t\tdata-image-slug=\"ds3-1\"\n\t\t\t\tclass=\"shutterset_7c19bb6345e4344b2168ba5917c936cd\">\n\t\t\t\t<img\n\t\t\t\t\ttitle=\"Przy S\u0142owianinie, od lewej: Aleksander Mitek, Jola Migda\u0142, Jacek Miko\u0142ajczyk i Wojciech Grzanka. Fot. Klub Gaja \/ Tomek Piku\u0142a\"\n\t\t\t\t\talt=\"Przy S\u0142owianinie, od lewej: Aleksander Mitek, Jola Migda\u0142, Jacek Miko\u0142ajczyk i Wojciech Grzanka. Fot. Klub Gaja \/ Tomek Piku\u0142a\"\n\t\t\t\t\tsrc=\"https:\/\/archiwum.swietodrzewa.pl\/wp-content\/gallery\/dab-slowianin-z-debiny\/thumbs\/thumbs_DS3-1.jpg\"\n\t\t\t\t\twidth=\"100\"\n\t\t\t\t\theight=\"75\"\n\t\t\t\t\tstyle=\"max-width:100%;\"\n\t\t\t\t\/>\n\t\t\t<\/a>\n\t\t<\/div>\n\t\t\t\t\t\t\t<\/div> \n\t\t\t\n\t\t\t\t<div id=\"ngg-image-3\" class=\"ngg-gallery-thumbnail-box \n\t\t\t\t\t\t\t\t\t\t\t\" \n\t\t\t>\n\t\t\t\t\t\t<div class=\"ngg-gallery-thumbnail\">\n\t\t\t<a href=\"https:\/\/archiwum.swietodrzewa.pl\/wp-content\/gallery\/dab-slowianin-z-debiny\/dab_Slowianin.jpg\"\n\t\t\t\ttitle=\"\"\n\t\t\t\tdata-src=\"https:\/\/archiwum.swietodrzewa.pl\/wp-content\/gallery\/dab-slowianin-z-debiny\/dab_Slowianin.jpg\"\n\t\t\t\tdata-thumbnail=\"https:\/\/archiwum.swietodrzewa.pl\/wp-content\/gallery\/dab-slowianin-z-debiny\/thumbs\/thumbs_dab_Slowianin.jpg\"\n\t\t\t\tdata-image-id=\"804\"\n\t\t\t\tdata-title=\"D\u0105b S\u0142owianin, fot. Wojciech Grzanka\"\n\t\t\t\tdata-description=\"\"\n\t\t\t\tdata-image-slug=\"dab_slowianin\"\n\t\t\t\tclass=\"shutterset_7c19bb6345e4344b2168ba5917c936cd\">\n\t\t\t\t<img\n\t\t\t\t\ttitle=\"D\u0105b S\u0142owianin, fot. Wojciech Grzanka\"\n\t\t\t\t\talt=\"D\u0105b S\u0142owianin, fot. Wojciech Grzanka\"\n\t\t\t\t\tsrc=\"https:\/\/archiwum.swietodrzewa.pl\/wp-content\/gallery\/dab-slowianin-z-debiny\/thumbs\/thumbs_dab_Slowianin.jpg\"\n\t\t\t\t\twidth=\"100\"\n\t\t\t\t\theight=\"75\"\n\t\t\t\t\tstyle=\"max-width:100%;\"\n\t\t\t\t\/>\n\t\t\t<\/a>\n\t\t<\/div>\n\t\t\t\t\t\t\t<\/div> \n\t\t\t\n\t\t\t\t<div id=\"ngg-image-4\" class=\"ngg-gallery-thumbnail-box \n\t\t\t\t\t\t\t\t\t\t\t\" \n\t\t\t>\n\t\t\t\t\t\t<div class=\"ngg-gallery-thumbnail\">\n\t\t\t<a href=\"https:\/\/archiwum.swietodrzewa.pl\/wp-content\/gallery\/dab-slowianin-z-debiny\/DS8jpg.jpg\"\n\t\t\t\ttitle=\"\"\n\t\t\t\tdata-src=\"https:\/\/archiwum.swietodrzewa.pl\/wp-content\/gallery\/dab-slowianin-z-debiny\/DS8jpg.jpg\"\n\t\t\t\tdata-thumbnail=\"https:\/\/archiwum.swietodrzewa.pl\/wp-content\/gallery\/dab-slowianin-z-debiny\/thumbs\/thumbs_DS8jpg.jpg\"\n\t\t\t\tdata-image-id=\"794\"\n\t\t\t\tdata-title=\"Kamie\u0144 pami\u0105tkowy D\u0119bu S\u0142owianin z D\u0119biny, fot. Wojciech Grzanka\"\n\t\t\t\tdata-description=\"\"\n\t\t\t\tdata-image-slug=\"ds8jpg\"\n\t\t\t\tclass=\"shutterset_7c19bb6345e4344b2168ba5917c936cd\">\n\t\t\t\t<img\n\t\t\t\t\ttitle=\"Kamie\u0144 pami\u0105tkowy D\u0119bu S\u0142owianin z D\u0119biny, fot. Wojciech Grzanka\"\n\t\t\t\t\talt=\"Kamie\u0144 pami\u0105tkowy D\u0119bu S\u0142owianin z D\u0119biny, fot. Wojciech Grzanka\"\n\t\t\t\t\tsrc=\"https:\/\/archiwum.swietodrzewa.pl\/wp-content\/gallery\/dab-slowianin-z-debiny\/thumbs\/thumbs_DS8jpg.jpg\"\n\t\t\t\t\twidth=\"100\"\n\t\t\t\t\theight=\"75\"\n\t\t\t\t\tstyle=\"max-width:100%;\"\n\t\t\t\t\/>\n\t\t\t<\/a>\n\t\t<\/div>\n\t\t\t\t\t\t\t<\/div> \n\t\t\t\n\t\t\t\t<div id=\"ngg-image-5\" class=\"ngg-gallery-thumbnail-box \n\t\t\t\t\t\t\t\t\t\t\t\" \n\t\t\t>\n\t\t\t\t\t\t<div class=\"ngg-gallery-thumbnail\">\n\t\t\t<a href=\"https:\/\/archiwum.swietodrzewa.pl\/wp-content\/gallery\/dab-slowianin-z-debiny\/DS5.jpg\"\n\t\t\t\ttitle=\"\"\n\t\t\t\tdata-src=\"https:\/\/archiwum.swietodrzewa.pl\/wp-content\/gallery\/dab-slowianin-z-debiny\/DS5.jpg\"\n\t\t\t\tdata-thumbnail=\"https:\/\/archiwum.swietodrzewa.pl\/wp-content\/gallery\/dab-slowianin-z-debiny\/thumbs\/thumbs_DS5.jpg\"\n\t\t\t\tdata-image-id=\"792\"\n\t\t\t\tdata-title=\"Dru\u017cyna Braci Kurkowych bierze udzia\u0142 w imprezie pod nazw\u0105 &quot;W D\u0119binie przy S\u0142owianinie&quot;, fot. Wojciech Grzanka\"\n\t\t\t\tdata-description=\"\"\n\t\t\t\tdata-image-slug=\"ds5\"\n\t\t\t\tclass=\"shutterset_7c19bb6345e4344b2168ba5917c936cd\">\n\t\t\t\t<img\n\t\t\t\t\ttitle=\"Dru\u017cyna Braci Kurkowych bierze udzia\u0142 w imprezie pod nazw\u0105 &quot;W D\u0119binie przy S\u0142owianinie&quot;, fot. Wojciech Grzanka\"\n\t\t\t\t\talt=\"Dru\u017cyna Braci Kurkowych bierze udzia\u0142 w imprezie pod nazw\u0105 &quot;W D\u0119binie przy S\u0142owianinie&quot;, fot. Wojciech Grzanka\"\n\t\t\t\t\tsrc=\"https:\/\/archiwum.swietodrzewa.pl\/wp-content\/gallery\/dab-slowianin-z-debiny\/thumbs\/thumbs_DS5.jpg\"\n\t\t\t\t\twidth=\"100\"\n\t\t\t\t\theight=\"75\"\n\t\t\t\t\tstyle=\"max-width:100%;\"\n\t\t\t\t\/>\n\t\t\t<\/a>\n\t\t<\/div>\n\t\t\t\t\t\t\t<\/div> \n\t\t\t\n\t\t\t\t<div id=\"ngg-image-6\" class=\"ngg-gallery-thumbnail-box \n\t\t\t\t\t\t\t\t\t\t\t\" \n\t\t\t>\n\t\t\t\t\t\t<div class=\"ngg-gallery-thumbnail\">\n\t\t\t<a href=\"https:\/\/archiwum.swietodrzewa.pl\/wp-content\/gallery\/dab-slowianin-z-debiny\/DS11.jpg\"\n\t\t\t\ttitle=\"\"\n\t\t\t\tdata-src=\"https:\/\/archiwum.swietodrzewa.pl\/wp-content\/gallery\/dab-slowianin-z-debiny\/DS11.jpg\"\n\t\t\t\tdata-thumbnail=\"https:\/\/archiwum.swietodrzewa.pl\/wp-content\/gallery\/dab-slowianin-z-debiny\/thumbs\/thumbs_DS11.jpg\"\n\t\t\t\tdata-image-id=\"797\"\n\t\t\t\tdata-title=\"Wyst\u0119p zespo\u0142u \u015awitezianie, fot. Wojciech Grzanka\"\n\t\t\t\tdata-description=\"\"\n\t\t\t\tdata-image-slug=\"ds11\"\n\t\t\t\tclass=\"shutterset_7c19bb6345e4344b2168ba5917c936cd\">\n\t\t\t\t<img\n\t\t\t\t\ttitle=\"Wyst\u0119p zespo\u0142u \u015awitezianie, fot. Wojciech Grzanka\"\n\t\t\t\t\talt=\"Wyst\u0119p zespo\u0142u \u015awitezianie, fot. Wojciech Grzanka\"\n\t\t\t\t\tsrc=\"https:\/\/archiwum.swietodrzewa.pl\/wp-content\/gallery\/dab-slowianin-z-debiny\/thumbs\/thumbs_DS11.jpg\"\n\t\t\t\t\twidth=\"100\"\n\t\t\t\t\theight=\"75\"\n\t\t\t\t\tstyle=\"max-width:100%;\"\n\t\t\t\t\/>\n\t\t\t<\/a>\n\t\t<\/div>\n\t\t\t\t\t\t\t<\/div> \n\t\t\t\n\t\t\t\t<div id=\"ngg-image-7\" class=\"ngg-gallery-thumbnail-box \n\t\t\t\t\t\t\t\t\t\t\t\" \n\t\t\t>\n\t\t\t\t\t\t<div class=\"ngg-gallery-thumbnail\">\n\t\t\t<a href=\"https:\/\/archiwum.swietodrzewa.pl\/wp-content\/gallery\/dab-slowianin-z-debiny\/DS7.jpg\"\n\t\t\t\ttitle=\"\"\n\t\t\t\tdata-src=\"https:\/\/archiwum.swietodrzewa.pl\/wp-content\/gallery\/dab-slowianin-z-debiny\/DS7.jpg\"\n\t\t\t\tdata-thumbnail=\"https:\/\/archiwum.swietodrzewa.pl\/wp-content\/gallery\/dab-slowianin-z-debiny\/thumbs\/thumbs_DS7.jpg\"\n\t\t\t\tdata-image-id=\"796\"\n\t\t\t\tdata-title=\"I spotkanie &quot;W D\u0119binie przy S\u0142owianinie&quot;, fot. Wojciech Grzanka\"\n\t\t\t\tdata-description=\"\"\n\t\t\t\tdata-image-slug=\"ds7\"\n\t\t\t\tclass=\"shutterset_7c19bb6345e4344b2168ba5917c936cd\">\n\t\t\t\t<img\n\t\t\t\t\ttitle=\"I spotkanie &quot;W D\u0119binie przy S\u0142owianinie&quot;, fot. Wojciech Grzanka\"\n\t\t\t\t\talt=\"I spotkanie &quot;W D\u0119binie przy S\u0142owianinie&quot;, fot. Wojciech Grzanka\"\n\t\t\t\t\tsrc=\"https:\/\/archiwum.swietodrzewa.pl\/wp-content\/gallery\/dab-slowianin-z-debiny\/thumbs\/thumbs_DS7.jpg\"\n\t\t\t\t\twidth=\"100\"\n\t\t\t\t\theight=\"75\"\n\t\t\t\t\tstyle=\"max-width:100%;\"\n\t\t\t\t\/>\n\t\t\t<\/a>\n\t\t<\/div>\n\t\t\t\t\t\t\t<\/div> \n\t\t\t\n\t\t\t\t<div id=\"ngg-image-8\" class=\"ngg-gallery-thumbnail-box \n\t\t\t\t\t\t\t\t\t\t\t\" \n\t\t\t>\n\t\t\t\t\t\t<div class=\"ngg-gallery-thumbnail\">\n\t\t\t<a href=\"https:\/\/archiwum.swietodrzewa.pl\/wp-content\/gallery\/dab-slowianin-z-debiny\/DS10.jpg\"\n\t\t\t\ttitle=\"\"\n\t\t\t\tdata-src=\"https:\/\/archiwum.swietodrzewa.pl\/wp-content\/gallery\/dab-slowianin-z-debiny\/DS10.jpg\"\n\t\t\t\tdata-thumbnail=\"https:\/\/archiwum.swietodrzewa.pl\/wp-content\/gallery\/dab-slowianin-z-debiny\/thumbs\/thumbs_DS10.jpg\"\n\t\t\t\tdata-image-id=\"795\"\n\t\t\t\tdata-title=\"Pod S\u0142owianinem, 14.06.2014r. fot. Wojciech Grzanka\"\n\t\t\t\tdata-description=\"\"\n\t\t\t\tdata-image-slug=\"ds10\"\n\t\t\t\tclass=\"shutterset_7c19bb6345e4344b2168ba5917c936cd\">\n\t\t\t\t<img\n\t\t\t\t\ttitle=\"Pod S\u0142owianinem, 14.06.2014r. fot. Wojciech Grzanka\"\n\t\t\t\t\talt=\"Pod S\u0142owianinem, 14.06.2014r. fot. Wojciech Grzanka\"\n\t\t\t\t\tsrc=\"https:\/\/archiwum.swietodrzewa.pl\/wp-content\/gallery\/dab-slowianin-z-debiny\/thumbs\/thumbs_DS10.jpg\"\n\t\t\t\t\twidth=\"100\"\n\t\t\t\t\theight=\"75\"\n\t\t\t\t\tstyle=\"max-width:100%;\"\n\t\t\t\t\/>\n\t\t\t<\/a>\n\t\t<\/div>\n\t\t\t\t\t\t\t<\/div> \n\t\t\t\n\t\t\t\t<div id=\"ngg-image-9\" class=\"ngg-gallery-thumbnail-box \n\t\t\t\t\t\t\t\t\t\t\t\" \n\t\t\t>\n\t\t\t\t\t\t<div class=\"ngg-gallery-thumbnail\">\n\t\t\t<a href=\"https:\/\/archiwum.swietodrzewa.pl\/wp-content\/gallery\/dab-slowianin-z-debiny\/DS4.jpg\"\n\t\t\t\ttitle=\"\"\n\t\t\t\tdata-src=\"https:\/\/archiwum.swietodrzewa.pl\/wp-content\/gallery\/dab-slowianin-z-debiny\/DS4.jpg\"\n\t\t\t\tdata-thumbnail=\"https:\/\/archiwum.swietodrzewa.pl\/wp-content\/gallery\/dab-slowianin-z-debiny\/thumbs\/thumbs_DS4.jpg\"\n\t\t\t\tdata-image-id=\"791\"\n\t\t\t\tdata-title=\"Artysta operetki wroc\u0142awskiej Miros\u0142aw Owczarek wyst\u0119puje pod S\u0142owianinem, 4.10.2014r. Fot. Wojciech Grzanka\"\n\t\t\t\tdata-description=\"\"\n\t\t\t\tdata-image-slug=\"ds4\"\n\t\t\t\tclass=\"shutterset_7c19bb6345e4344b2168ba5917c936cd\">\n\t\t\t\t<img\n\t\t\t\t\ttitle=\"Artysta operetki wroc\u0142awskiej Miros\u0142aw Owczarek wyst\u0119puje pod S\u0142owianinem, 4.10.2014r. Fot. Wojciech Grzanka\"\n\t\t\t\t\talt=\"Artysta operetki wroc\u0142awskiej Miros\u0142aw Owczarek wyst\u0119puje pod S\u0142owianinem, 4.10.2014r. Fot. Wojciech Grzanka\"\n\t\t\t\t\tsrc=\"https:\/\/archiwum.swietodrzewa.pl\/wp-content\/gallery\/dab-slowianin-z-debiny\/thumbs\/thumbs_DS4.jpg\"\n\t\t\t\t\twidth=\"100\"\n\t\t\t\t\theight=\"75\"\n\t\t\t\t\tstyle=\"max-width:100%;\"\n\t\t\t\t\/>\n\t\t\t<\/a>\n\t\t<\/div>\n\t\t\t\t\t\t\t<\/div> \n\t\t\t\n\t\t\t\t<div id=\"ngg-image-10\" class=\"ngg-gallery-thumbnail-box \n\t\t\t\t\t\t\t\t\t\t\t\" \n\t\t\t>\n\t\t\t\t\t\t<div class=\"ngg-gallery-thumbnail\">\n\t\t\t<a href=\"https:\/\/archiwum.swietodrzewa.pl\/wp-content\/gallery\/dab-slowianin-z-debiny\/DSlow.jpg\"\n\t\t\t\ttitle=\"\"\n\t\t\t\tdata-src=\"https:\/\/archiwum.swietodrzewa.pl\/wp-content\/gallery\/dab-slowianin-z-debiny\/DSlow.jpg\"\n\t\t\t\tdata-thumbnail=\"https:\/\/archiwum.swietodrzewa.pl\/wp-content\/gallery\/dab-slowianin-z-debiny\/thumbs\/thumbs_DSlow.jpg\"\n\t\t\t\tdata-image-id=\"799\"\n\t\t\t\tdata-title=\"Uroczyste rozpocz\u0119cie konkursu Europejskie Drzewo Roku 2015. Fot. Wojciech Grzanka\"\n\t\t\t\tdata-description=\"\"\n\t\t\t\tdata-image-slug=\"dslow\"\n\t\t\t\tclass=\"shutterset_7c19bb6345e4344b2168ba5917c936cd\">\n\t\t\t\t<img\n\t\t\t\t\ttitle=\"Uroczyste rozpocz\u0119cie konkursu Europejskie Drzewo Roku 2015. Fot. Wojciech Grzanka\"\n\t\t\t\t\talt=\"Uroczyste rozpocz\u0119cie konkursu Europejskie Drzewo Roku 2015. Fot. Wojciech Grzanka\"\n\t\t\t\t\tsrc=\"https:\/\/archiwum.swietodrzewa.pl\/wp-content\/gallery\/dab-slowianin-z-debiny\/thumbs\/thumbs_DSlow.jpg\"\n\t\t\t\t\twidth=\"100\"\n\t\t\t\t\theight=\"75\"\n\t\t\t\t\tstyle=\"max-width:100%;\"\n\t\t\t\t\/>\n\t\t\t<\/a>\n\t\t<\/div>\n\t\t\t\t\t\t\t<\/div> \n\t\t\t\n\t\t\t\t<div id=\"ngg-image-11\" class=\"ngg-gallery-thumbnail-box \n\t\t\t\t\t\t\t\t\t\t\t\" \n\t\t\t>\n\t\t\t\t\t\t<div class=\"ngg-gallery-thumbnail\">\n\t\t\t<a href=\"https:\/\/archiwum.swietodrzewa.pl\/wp-content\/gallery\/dab-slowianin-z-debiny\/DS1.jpg\"\n\t\t\t\ttitle=\"\"\n\t\t\t\tdata-src=\"https:\/\/archiwum.swietodrzewa.pl\/wp-content\/gallery\/dab-slowianin-z-debiny\/DS1.jpg\"\n\t\t\t\tdata-thumbnail=\"https:\/\/archiwum.swietodrzewa.pl\/wp-content\/gallery\/dab-slowianin-z-debiny\/thumbs\/thumbs_DS1.jpg\"\n\t\t\t\tdata-image-id=\"788\"\n\t\t\t\tdata-title=\"Spotkanie promuj\u0105ce konkurs Europejskie Drzewo Roku 2015, 1.02.2015r. Fot. Wojciech Grzanka\"\n\t\t\t\tdata-description=\"\"\n\t\t\t\tdata-image-slug=\"ds1\"\n\t\t\t\tclass=\"shutterset_7c19bb6345e4344b2168ba5917c936cd\">\n\t\t\t\t<img\n\t\t\t\t\ttitle=\"Spotkanie promuj\u0105ce konkurs Europejskie Drzewo Roku 2015, 1.02.2015r. Fot. Wojciech Grzanka\"\n\t\t\t\t\talt=\"Spotkanie promuj\u0105ce konkurs Europejskie Drzewo Roku 2015, 1.02.2015r. Fot. Wojciech Grzanka\"\n\t\t\t\t\tsrc=\"https:\/\/archiwum.swietodrzewa.pl\/wp-content\/gallery\/dab-slowianin-z-debiny\/thumbs\/thumbs_DS1.jpg\"\n\t\t\t\t\twidth=\"100\"\n\t\t\t\t\theight=\"75\"\n\t\t\t\t\tstyle=\"max-width:100%;\"\n\t\t\t\t\/>\n\t\t\t<\/a>\n\t\t<\/div>\n\t\t\t\t\t\t\t<\/div> \n\t\t\t\n\t\t\t\t<div id=\"ngg-image-12\" class=\"ngg-gallery-thumbnail-box \n\t\t\t\t\t\t\t\t\t\t\t\" \n\t\t\t>\n\t\t\t\t\t\t<div class=\"ngg-gallery-thumbnail\">\n\t\t\t<a href=\"https:\/\/archiwum.swietodrzewa.pl\/wp-content\/gallery\/dab-slowianin-z-debiny\/DS3.jpg\"\n\t\t\t\ttitle=\"\"\n\t\t\t\tdata-src=\"https:\/\/archiwum.swietodrzewa.pl\/wp-content\/gallery\/dab-slowianin-z-debiny\/DS3.jpg\"\n\t\t\t\tdata-thumbnail=\"https:\/\/archiwum.swietodrzewa.pl\/wp-content\/gallery\/dab-slowianin-z-debiny\/thumbs\/thumbs_DS3.jpg\"\n\t\t\t\tdata-image-id=\"790\"\n\t\t\t\tdata-title=\"Inauguracja konkursu Europejskie Drzewo Roku 2015 przy S\u0142owianinie, fot. Wojciech Grzanka.\"\n\t\t\t\tdata-description=\"\"\n\t\t\t\tdata-image-slug=\"ds3\"\n\t\t\t\tclass=\"shutterset_7c19bb6345e4344b2168ba5917c936cd\">\n\t\t\t\t<img\n\t\t\t\t\ttitle=\"Inauguracja konkursu Europejskie Drzewo Roku 2015 przy S\u0142owianinie, fot. Wojciech Grzanka.\"\n\t\t\t\t\talt=\"Inauguracja konkursu Europejskie Drzewo Roku 2015 przy S\u0142owianinie, fot. Wojciech Grzanka.\"\n\t\t\t\t\tsrc=\"https:\/\/archiwum.swietodrzewa.pl\/wp-content\/gallery\/dab-slowianin-z-debiny\/thumbs\/thumbs_DS3.jpg\"\n\t\t\t\t\twidth=\"100\"\n\t\t\t\t\theight=\"75\"\n\t\t\t\t\tstyle=\"max-width:100%;\"\n\t\t\t\t\/>\n\t\t\t<\/a>\n\t\t<\/div>\n\t\t\t\t\t\t\t<\/div> \n\t\t\t\n\t\t\t\t<div id=\"ngg-image-13\" class=\"ngg-gallery-thumbnail-box \n\t\t\t\t\t\t\t\t\t\t\t\" \n\t\t\t>\n\t\t\t\t\t\t<div class=\"ngg-gallery-thumbnail\">\n\t\t\t<a href=\"https:\/\/archiwum.swietodrzewa.pl\/wp-content\/gallery\/dab-slowianin-z-debiny\/dab_debina.jpg\"\n\t\t\t\ttitle=\"\"\n\t\t\t\tdata-src=\"https:\/\/archiwum.swietodrzewa.pl\/wp-content\/gallery\/dab-slowianin-z-debiny\/dab_debina.jpg\"\n\t\t\t\tdata-thumbnail=\"https:\/\/archiwum.swietodrzewa.pl\/wp-content\/gallery\/dab-slowianin-z-debiny\/thumbs\/thumbs_dab_debina.jpg\"\n\t\t\t\tdata-image-id=\"803\"\n\t\t\t\tdata-title=\"D\u0105b S\u0142owianin, fot. Wojciech Grzanka\"\n\t\t\t\tdata-description=\"\"\n\t\t\t\tdata-image-slug=\"dab_debina\"\n\t\t\t\tclass=\"shutterset_7c19bb6345e4344b2168ba5917c936cd\">\n\t\t\t\t<img\n\t\t\t\t\ttitle=\"D\u0105b S\u0142owianin, fot. Wojciech Grzanka\"\n\t\t\t\t\talt=\"D\u0105b S\u0142owianin, fot. Wojciech Grzanka\"\n\t\t\t\t\tsrc=\"https:\/\/archiwum.swietodrzewa.pl\/wp-content\/gallery\/dab-slowianin-z-debiny\/thumbs\/thumbs_dab_debina.jpg\"\n\t\t\t\t\twidth=\"100\"\n\t\t\t\t\theight=\"75\"\n\t\t\t\t\tstyle=\"max-width:100%;\"\n\t\t\t\t\/>\n\t\t\t<\/a>\n\t\t<\/div>\n\t\t\t\t\t\t\t<\/div> \n\t\t\t\n\t\t\t\t<div id=\"ngg-image-14\" class=\"ngg-gallery-thumbnail-box \n\t\t\t\t\t\t\t\t\t\t\t\" \n\t\t\t>\n\t\t\t\t\t\t<div class=\"ngg-gallery-thumbnail\">\n\t\t\t<a href=\"https:\/\/archiwum.swietodrzewa.pl\/wp-content\/gallery\/dab-slowianin-z-debiny\/DS6.jpg\"\n\t\t\t\ttitle=\"\"\n\t\t\t\tdata-src=\"https:\/\/archiwum.swietodrzewa.pl\/wp-content\/gallery\/dab-slowianin-z-debiny\/DS6.jpg\"\n\t\t\t\tdata-thumbnail=\"https:\/\/archiwum.swietodrzewa.pl\/wp-content\/gallery\/dab-slowianin-z-debiny\/thumbs\/thumbs_DS6.jpg\"\n\t\t\t\tdata-image-id=\"793\"\n\t\t\t\tdata-title=\"Profesor Jan Miodek ambasadorem D\u0119bu S\u0142owianin, fot. Wojciech Grzanka\"\n\t\t\t\tdata-description=\"\"\n\t\t\t\tdata-image-slug=\"ds6\"\n\t\t\t\tclass=\"shutterset_7c19bb6345e4344b2168ba5917c936cd\">\n\t\t\t\t<img\n\t\t\t\t\ttitle=\"Profesor Jan Miodek ambasadorem D\u0119bu S\u0142owianin, fot. Wojciech Grzanka\"\n\t\t\t\t\talt=\"Profesor Jan Miodek ambasadorem D\u0119bu S\u0142owianin, fot. Wojciech Grzanka\"\n\t\t\t\t\tsrc=\"https:\/\/archiwum.swietodrzewa.pl\/wp-content\/gallery\/dab-slowianin-z-debiny\/thumbs\/thumbs_DS6.jpg\"\n\t\t\t\t\twidth=\"100\"\n\t\t\t\t\theight=\"75\"\n\t\t\t\t\tstyle=\"max-width:100%;\"\n\t\t\t\t\/>\n\t\t\t<\/a>\n\t\t<\/div>\n\t\t\t\t\t\t\t<\/div> \n\t\t\t\n\t\n\t<br style=\"clear: both\" \/>\n\n\t\n\t\t<!-- Pagination -->\n\t\t<div class='ngg-clear'><\/div>\t<\/div>\n\n<p>&nbsp;<\/p>\n<p><strong>\u00a0<\/strong><\/p>\n","protected":false},"excerpt":{"rendered":"<p>Zdobywca tytu\u0142u Drzewo Roku 2014 D\u0105b S\u0142owianin z D\u0119biny w gminie Jelcz \u2013 Laskowice (woj. dolno\u015bl\u0105skie) \u2013 D\u0105b nieprzypadkowo nazwano S\u0142owianinem. R\u00f3s\u0142, a historia zmienia\u0142a si\u0119 przez wieki. Jego pocz\u0105tki si\u0119gaj\u0105 czas\u00f3w Piast\u00f3w \u015al\u0105skich, a imi\u0119 to patriotyczny uk\u0142on w ich kierunku. Drzewo jest symbolem polsko\u015bci, oddaje cze\u015b\u0107 tym, kt\u00f3rzy przez wieki walczyli z germanizacj\u0105 [&hellip;]<\/p>\n","protected":false},"author":1,"featured_media":0,"parent":0,"menu_order":0,"comment_status":"closed","ping_status":"closed","template":"","meta":{"ngg_post_thumbnail":0},"_links":{"self":[{"href":"https:\/\/archiwum.swietodrzewa.pl\/index.php?rest_route=\/wp\/v2\/pages\/5385"}],"collection":[{"href":"https:\/\/archiwum.swietodrzewa.pl\/index.php?rest_route=\/wp\/v2\/pages"}],"about":[{"href":"https:\/\/archiwum.swietodrzewa.pl\/index.php?rest_route=\/wp\/v2\/types\/page"}],"author":[{"embeddable":true,"href":"https:\/\/archiwum.swietodrzewa.pl\/index.php?rest_route=\/wp\/v2\/users\/1"}],"replies":[{"embeddable":true,"href":"https:\/\/archiwum.swietodrzewa.pl\/index.php?rest_route=%2Fwp%2Fv2%2Fcomments&post=5385"}],"version-history":[{"count":24,"href":"https:\/\/archiwum.swietodrzewa.pl\/index.php?rest_route=\/wp\/v2\/pages\/5385\/revisions"}],"predecessor-version":[{"id":6318,"href":"https:\/\/archiwum.swietodrzewa.pl\/index.php?rest_route=\/wp\/v2\/pages\/5385\/revisions\/6318"}],"wp:attachment":[{"href":"https:\/\/archiwum.swietodrzewa.pl\/index.php?rest_route=%2Fwp%2Fv2%2Fmedia&parent=5385"}],"curies":[{"name":"wp","href":"https:\/\/api.w.org\/{rel}","templated":true}]}}