{"id":7007,"date":"2016-02-18T13:35:29","date_gmt":"2016-02-18T12:35:29","guid":{"rendered":"http:\/\/swietodrzewa.pl\/?page_id=7007"},"modified":"2017-09-11T11:22:17","modified_gmt":"2017-09-11T09:22:17","slug":"swieto-drzewa-wsrod-pol","status":"publish","type":"page","link":"https:\/\/archiwum.swietodrzewa.pl\/?page_id=7007","title":{"rendered":"\u015awi\u0119to Drzewa &#8211; w\u015br\u00f3d p\u00f3l"},"content":{"rendered":"<p><a href=\"http:\/\/swietodrzewa.pl\/wp-content\/uploads\/2016\/09\/Tarnina-Marcin-Karetta-1.jpg\"><img loading=\"lazy\" class=\"alignleft size-medium wp-image-7849\" src=\"http:\/\/swietodrzewa.pl\/wp-content\/uploads\/2016\/09\/Tarnina-Marcin-Karetta-1-300x200.jpg\" alt=\"Tarnina - Marcin Karetta (1)\" width=\"300\" height=\"200\" srcset=\"https:\/\/archiwum.swietodrzewa.pl\/wp-content\/uploads\/2016\/09\/Tarnina-Marcin-Karetta-1-300x200.jpg 300w, https:\/\/archiwum.swietodrzewa.pl\/wp-content\/uploads\/2016\/09\/Tarnina-Marcin-Karetta-1.jpg 1024w\" sizes=\"(max-width: 300px) 100vw, 300px\" \/><\/a>Projekt \u201e<strong>\u015awi\u0119to Drzewa \u2013 w\u015br\u00f3d p\u00f3l<\/strong>\u201d realizowany by\u0142 przez Klub Gaja w latach 2016\/2017 i po\u015bwi\u0119cony by\u0142 roli i znaczeniu zadrzewie\u0144 i zakrzewie\u0144 \u015br\u00f3dpolnych w ochronie r\u00f3\u017cnorodno\u015bci biologicznej na terenach rolniczych, w szczeg\u00f3lno\u015bci w kontek\u015bcie zmian klimatu.<\/p>\n<p><strong>CEL OG\u00d3LNY:<\/strong><\/p>\n<p>Podnoszenie poziomu \u015bwiadomo\u015bci ekologicznej i kszta\u0142towanie postaw ekologicznych spo\u0142ecze\u0144stwa poprzez promowanie zasad zr\u00f3wnowa\u017conego rozwoju.<\/p>\n<p><strong>CELE SZCZEG\u00d3\u0141OWE:<\/strong><\/p>\n<ul>\n<li>kszta\u0142towanie ekologicznych zachowa\u0144 spo\u0142eczno\u015bci z teren\u00f3w wiejskich w zakresie ochrony r\u00f3\u017cnorodno\u015bci biologicznej na terenach rolniczych, w szczeg\u00f3lno\u015bci w kontek\u015bcie zmian klimatu,<\/li>\n<li>podniesienie \u015bwiadomo\u015bci spo\u0142ecznej mieszka\u0144c\u00f3w teren\u00f3w wiejskich na temat roli zadrzewie\u0144 i zakrzewie\u0144 \u015br\u00f3dpolnych w ochronie r\u00f3\u017cnorodno\u015bci biologicznej i przeciwdzia\u0142aniu zmianom klimatu oraz na temat korzy\u015bci jakie one przynosz\u0105 dla zdrowia obywateli i rozwoju zr\u00f3wnowa\u017conego,<\/li>\n<li>aktywizacja mieszka\u0144c\u00f3w teren\u00f3w wiejskich w lokalne dzia\u0142ania na rzecz ochrony r\u00f3\u017cnorodno\u015bci biologicznej na terenach rolniczych \u2013 sadzenia i ochrony zadrzewie\u0144 i zakrzewie\u0144 \u015br\u00f3dpolnych.<a href=\"http:\/\/swietodrzewa.pl\/wp-content\/uploads\/2016\/02\/f2-podlesie.jpg\" target=\"_blank\"><img loading=\"lazy\" class=\"alignright wp-image-7010 size-medium\" src=\"http:\/\/swietodrzewa.pl\/wp-content\/uploads\/2016\/02\/f2-podlesie-300x198.jpg\" alt=\"f2-podlesie\" width=\"300\" height=\"198\" srcset=\"https:\/\/archiwum.swietodrzewa.pl\/wp-content\/uploads\/2016\/02\/f2-podlesie-300x198.jpg 300w, https:\/\/archiwum.swietodrzewa.pl\/wp-content\/uploads\/2016\/02\/f2-podlesie.jpg 650w\" sizes=\"(max-width: 300px) 100vw, 300px\" \/><\/a><\/li>\n<\/ul>\n<p>Projekt realizowany b\u0119dzie w latach 2016-2017 w 4 wojew\u00f3dztwach: ma\u0142opolskim, podkarpackim, \u015bl\u0105skim i opolskim.<\/p>\n<p>Projekt zosta\u0142 dofinansowany przez\u00a0<strong>Narodowy Fundusz Ochrony \u015arodowiska i Gospodarki Wodnej oraz Wojew\u00f3dzki Fundusz Ochrony \u015arodowiska i Gospodarki Wodnej w Katowicach.<\/strong><\/p>\n<p><strong><a href=\"http:\/\/wsrodpol.swietodrzewa.pl\" target=\"_blank\">Przejd\u017a na stron\u0119 projektu &#8222;\u015awi\u0119to Drzewa &#8211; w\u015br\u00f3d p\u00f3l&#8221;&gt;&gt;&gt;&gt;<\/a>\u00a0 \u00a0<\/strong><\/p>\n<p><strong style=\"color: #3d3331;\">Lista drzew i krzew\u00f3w rekomendowana przez Klub Gaja do nasadze\u0144 \u015br\u00f3dpolnych \u00a0<a style=\"color: #2eac62;\" href=\"http:\/\/wsrodpol.swietodrzewa.pl\/wp-content\/uploads\/2016\/09\/Lista-drzew-i-krzew%C3%B3w-do-nasadze%C5%84-%C5%9Br%C3%B3dpolnych-1.pdf\" target=\"_blank\">&gt;&gt;&gt;&gt;&gt;<\/a><\/strong><\/p>\n<p><strong>Zobacz nasze ulubione <a href=\"http:\/\/swietodrzewa.pl\/?page_id=7764\" target=\"_blank\">drzewa &gt;&gt;&gt;<\/a> i <a href=\"http:\/\/swietodrzewa.pl\/?page_id=7770\" target=\"_blank\">krzewy &gt;&gt;&gt;<\/a> , kt\u00f3re polecamy do nasadze\u0144 \u015br\u00f3dpolnych.\u00a0<\/strong><\/p>\n","protected":false},"excerpt":{"rendered":"<p>Projekt \u201e\u015awi\u0119to Drzewa \u2013 w\u015br\u00f3d p\u00f3l\u201d realizowany by\u0142 przez Klub Gaja w latach 2016\/2017 i po\u015bwi\u0119cony by\u0142 roli i znaczeniu zadrzewie\u0144 i zakrzewie\u0144 \u015br\u00f3dpolnych w ochronie r\u00f3\u017cnorodno\u015bci biologicznej na terenach rolniczych, w szczeg\u00f3lno\u015bci w kontek\u015bcie zmian klimatu. CEL OG\u00d3LNY: Podnoszenie poziomu \u015bwiadomo\u015bci ekologicznej i kszta\u0142towanie postaw ekologicznych spo\u0142ecze\u0144stwa poprzez promowanie zasad zr\u00f3wnowa\u017conego rozwoju. CELE SZCZEG\u00d3\u0141OWE: [&hellip;]<\/p>\n","protected":false},"author":3,"featured_media":0,"parent":8,"menu_order":0,"comment_status":"closed","ping_status":"closed","template":"","meta":{"ngg_post_thumbnail":0},"_links":{"self":[{"href":"https:\/\/archiwum.swietodrzewa.pl\/index.php?rest_route=\/wp\/v2\/pages\/7007"}],"collection":[{"href":"https:\/\/archiwum.swietodrzewa.pl\/index.php?rest_route=\/wp\/v2\/pages"}],"about":[{"href":"https:\/\/archiwum.swietodrzewa.pl\/index.php?rest_route=\/wp\/v2\/types\/page"}],"author":[{"embeddable":true,"href":"https:\/\/archiwum.swietodrzewa.pl\/index.php?rest_route=\/wp\/v2\/users\/3"}],"replies":[{"embeddable":true,"href":"https:\/\/archiwum.swietodrzewa.pl\/index.php?rest_route=%2Fwp%2Fv2%2Fcomments&post=7007"}],"version-history":[{"count":16,"href":"https:\/\/archiwum.swietodrzewa.pl\/index.php?rest_route=\/wp\/v2\/pages\/7007\/revisions"}],"predecessor-version":[{"id":9253,"href":"https:\/\/archiwum.swietodrzewa.pl\/index.php?rest_route=\/wp\/v2\/pages\/7007\/revisions\/9253"}],"up":[{"embeddable":true,"href":"https:\/\/archiwum.swietodrzewa.pl\/index.php?rest_route=\/wp\/v2\/pages\/8"}],"wp:attachment":[{"href":"https:\/\/archiwum.swietodrzewa.pl\/index.php?rest_route=%2Fwp%2Fv2%2Fmedia&parent=7007"}],"curies":[{"name":"wp","href":"https:\/\/api.w.org\/{rel}","templated":true}]}}