{"id":8,"date":"2011-12-06T16:45:30","date_gmt":"2011-12-06T15:45:30","guid":{"rendered":"http:\/\/swietodrzewa.pl\/?page_id=8"},"modified":"2014-04-10T12:53:18","modified_gmt":"2014-04-10T10:53:18","slug":"dzialania","status":"publish","type":"page","link":"https:\/\/archiwum.swietodrzewa.pl\/?page_id=8","title":{"rendered":"Dzia\u0142ania"},"content":{"rendered":"<p>Przy\u0142\u0105czenie si\u0119 do programu \u015awi\u0119to Drzewa umo\u017cliwia bezpo\u015brednie i konkretne dzia\u0142anie na rzecz \u015brodowiska i ochrony klimatu. Sadzenie drzew jest jednym z najbardziej op\u0142acalnych, skutecznych i prostych sposob\u00f3w przeciwdzia\u0142ania zmianom klimatycznym. Drzewa i lasy to niezb\u0119dne narz\u0119dzia regulacji klimatu. Poch\u0142aniaj\u0105 dwutlenek w\u0119gla,spowalniaj\u0105 sp\u0142yw w\u00f3d powierzchniowych. Aby zmniejszy\u0107, a nast\u0119pnie zatrzyma\u0107 zmiany klimatu, jedn\u0105 z najwa\u017cniejszych spraw jest wsp\u00f3lne dzia\u0142anie w tym kierunku. Ziemia jest naszym wsp\u00f3lnym domem, o kt\u00f3ry mo\u017cemy zadba\u0107 tylko my sami,\u00a0 nikt inny za nas tego nie zrobi.<\/p>\n<p>\u015awi\u0119to Drzewa to nie tylko akcja sadzenia drzew 10 pa\u017adziernika ale tak\u017ce ca\u0142oroczny program edukacji ekologicznej obejmuj\u0105cy m.in. takie dzia\u0142ania, jak:<\/p>\n<ul>\n<li>zak\u0142adanie przyszkolnych ogrod\u00f3w i park\u00f3w,<\/li>\n<li>oznaczanie drzew pomnikowych,<\/li>\n<li>poszukiwanie drzew \u015bwiadk\u00f3w historii,<\/li>\n<li>zbieranie nasion drzew,<\/li>\n<li>akcja &#8222;Zbieraj makulatur\u0119, ratuj konie&#8221;<\/li>\n<li>przeprowadzenie lekcji tematycznych,<\/li>\n<li>wycieczki i zaj\u0119cia w terenie,<\/li>\n<li>przedstawienia i happeningi,<\/li>\n<li>konkursy plastyczne, fotograficzne i literackie,<\/li>\n<li>nawi\u0105zanie wsp\u00f3\u0142pracy ze szko\u0142ami partnerskimi,<\/li>\n<li>sadzenie drzew w intencji pokoju na \u015bwiecie<\/li>\n<\/ul>\n","protected":false},"excerpt":{"rendered":"<p>Przy\u0142\u0105czenie si\u0119 do programu \u015awi\u0119to Drzewa umo\u017cliwia bezpo\u015brednie i konkretne dzia\u0142anie na rzecz \u015brodowiska i ochrony klimatu. Sadzenie drzew jest jednym z najbardziej op\u0142acalnych, skutecznych i prostych sposob\u00f3w przeciwdzia\u0142ania zmianom klimatycznym. Drzewa i lasy to niezb\u0119dne narz\u0119dzia regulacji klimatu. Poch\u0142aniaj\u0105 dwutlenek w\u0119gla,spowalniaj\u0105 sp\u0142yw w\u00f3d powierzchniowych. Aby zmniejszy\u0107, a nast\u0119pnie zatrzyma\u0107 zmiany klimatu, jedn\u0105 z najwa\u017cniejszych [&hellip;]<\/p>\n","protected":false},"author":1,"featured_media":0,"parent":0,"menu_order":0,"comment_status":"closed","ping_status":"closed","template":"","meta":{"ngg_post_thumbnail":0},"_links":{"self":[{"href":"https:\/\/archiwum.swietodrzewa.pl\/index.php?rest_route=\/wp\/v2\/pages\/8"}],"collection":[{"href":"https:\/\/archiwum.swietodrzewa.pl\/index.php?rest_route=\/wp\/v2\/pages"}],"about":[{"href":"https:\/\/archiwum.swietodrzewa.pl\/index.php?rest_route=\/wp\/v2\/types\/page"}],"author":[{"embeddable":true,"href":"https:\/\/archiwum.swietodrzewa.pl\/index.php?rest_route=\/wp\/v2\/users\/1"}],"replies":[{"embeddable":true,"href":"https:\/\/archiwum.swietodrzewa.pl\/index.php?rest_route=%2Fwp%2Fv2%2Fcomments&post=8"}],"version-history":[{"count":11,"href":"https:\/\/archiwum.swietodrzewa.pl\/index.php?rest_route=\/wp\/v2\/pages\/8\/revisions"}],"predecessor-version":[{"id":3495,"href":"https:\/\/archiwum.swietodrzewa.pl\/index.php?rest_route=\/wp\/v2\/pages\/8\/revisions\/3495"}],"wp:attachment":[{"href":"https:\/\/archiwum.swietodrzewa.pl\/index.php?rest_route=%2Fwp%2Fv2%2Fmedia&parent=8"}],"curies":[{"name":"wp","href":"https:\/\/api.w.org\/{rel}","templated":true}]}}